{"id":11554,"date":"2020-04-30T02:03:53","date_gmt":"2020-04-30T00:03:53","guid":{"rendered":"https:\/\/dev2.mgvpublications.com\/produkt\/metastaz\/"},"modified":"2022-03-08T22:34:00","modified_gmt":"2022-03-08T21:34:00","slug":"metastaz","status":"publish","type":"product","link":"https:\/\/mgvpublications.com\/de\/metastaz\/","title":{"rendered":"Metastaz"},"content":{"rendered":"<table class=\"attribute\">\n<tbody>\n<tr>\n<td>Ver\u00f6fentlichung<\/td>\n<td>2019-09-20<\/td>\n<\/tr>\n<tr>\n<td>ISBN<\/td>\n<td>6052984505<\/td>\n<\/tr>\n<tr>\n<td>Druckauflage<\/td>\n<td>19. Bask\u0131<\/td>\n<\/tr>\n<tr>\n<td>Sprache<\/td>\n<td>T\u00dcRK\u00c7E<\/td>\n<\/tr>\n<tr>\n<td>Seiten<\/td>\n<td>264<\/td>\n<\/tr>\n<tr>\n<td>Art<\/td>\n<td>Karton Kapak<\/td>\n<\/tr>\n<tr>\n<td>Papierart<\/td>\n<td>Kitap Ka\u011f\u0131d\u0131<\/td>\n<\/tr>\n<tr>\n<td>Ma\u00dfe<\/td>\n<td>13.5 x 23 cm<\/td>\n<\/tr>\n<\/tbody>\n<\/table>","protected":false},"excerpt":{"rendered":"<div id=\"description_text\" class=\"readmore-js-section readmore-js-collapsed\">Menzilci polisler ilk kez g\u00f6rece\u011finiz foto\u011fraflar\u0131nda ne yap\u0131yordu?<br \/>\n&#8211; AKP\u2019li Bakan\u2019\u0131n tarikat \u015feyhinden \u00f6zel ricas\u0131 neydi?<br \/>\n&#8211; Devlette FET\u00d6\u2019den bo\u015falan koltuklara hangi tarikat nas\u0131l yerle\u015fti?<br \/>\n&#8211; Nedir bu h\u00fcsn-\u00fc \u015fehadet ve FET\u00d6 borsas\u0131?<br \/>\n&#8211; Hangi cemaat kim i\u00e7in Cumhurba\u015fkan\u0131\u2019na mektup yazarak kefil oldu?<br \/>\n&#8211; Genelkurmay Ba\u015fkan\u0131\u2019n\u0131n \u201csahip \u00e7\u0131k\u0131n\u201d dedi\u011fi isimler neden tutukland\u0131?<br \/>\n&#8211; \u201cKurda ku\u015fa yem etmeyin\u201d denilen i\u015fadam\u0131 nas\u0131l hapisten \u00e7\u0131kt\u0131?<br \/>\n&#8211; FET\u00d6 operasyonlar\u0131ndan \u00e7\u0131kar\u0131lan &#8220;imtiyazl\u0131 ortaklar&#8221; kim?<br \/>\n&#8211; H\u00e2kim r\u00fc\u015fvet al\u0131rken gizli bir operasyonla nas\u0131l yakaland\u0131?<br \/>\n&#8211; Hangi gazeteci kendisini M\u0130T\u2019\u00e7i diye tan\u0131t\u0131p doland\u0131r\u0131c\u0131l\u0131k yapt\u0131?<br \/>\n&#8211; \u00c7ektirdi\u011fi foto\u011fraflar\u0131 davalar\u0131 etkilemek i\u00e7in kullanan ismin<br \/>\narkas\u0131nda kimler var?<br \/>\n&#8211; FET\u00d6 operasyonu yapan savc\u0131n\u0131n odas\u0131n\u0131 AKP\u2019liler mi bast\u0131?<br \/>\n&#8211; Erdo\u011fan&#8217;\u0131n tehdit edildi\u011fi toplant\u0131dan yara almadan \u00e7\u0131kan \u00fcnl\u00fcler kim?<br \/>\n&#8211; \u00dcst\u00fc kapat\u0131lan telefon g\u00f6r\u00fc\u015fmelerinde neler konu\u015fuldu?<\/p>\n<p><strong>\u0130lk kez yaz\u0131lan ger\u00e7eklerle tabular y\u0131k\u0131l\u0131yor&#8230; <\/strong><br \/>\n<strong>Bar\u0131\u015f Pehlivan ve Bar\u0131\u015f Terko\u011flu, METASTAZ ile devleti<br \/>\nesir alan kanserli h\u00fccrelere \u0131\u015f\u0131k tutuyor.<\/strong><\/div>","protected":false},"featured_media":14354,"template":"","meta":{"spay_email":""},"product_cat":[173,169],"product_tag":[],"item":[697],"acf":[],"_links":{"self":[{"href":"https:\/\/mgvpublications.com\/de\/wp-json\/wp\/v2\/product\/11554"}],"collection":[{"href":"https:\/\/mgvpublications.com\/de\/wp-json\/wp\/v2\/product"}],"about":[{"href":"https:\/\/mgvpublications.com\/de\/wp-json\/wp\/v2\/types\/product"}],"wp:featuredmedia":[{"embeddable":true,"href":"https:\/\/mgvpublications.com\/de\/wp-json\/wp\/v2\/media\/14354"}],"wp:attachment":[{"href":"https:\/\/mgvpublications.com\/de\/wp-json\/wp\/v2\/media?parent=11554"}],"wp:term":[{"taxonomy":"product_cat","embeddable":true,"href":"https:\/\/mgvpublications.com\/de\/wp-json\/wp\/v2\/product_cat?post=11554"},{"taxonomy":"product_tag","embeddable":true,"href":"https:\/\/mgvpublications.com\/de\/wp-json\/wp\/v2\/product_tag?post=11554"},{"taxonomy":"item","embeddable":true,"href":"https:\/\/mgvpublications.com\/de\/wp-json\/wp\/v2\/item?post=11554"}],"curies":[{"name":"wp","href":"https:\/\/api.w.org\/{rel}","templated":true}]}}