{"id":11552,"date":"2020-12-02T15:44:09","date_gmt":"2020-12-02T14:44:09","guid":{"rendered":"https:\/\/dev2.mgvpublications.com\/produkt\/bu-dinciler-o-muesluemanlara-benzemiyor\/"},"modified":"2022-03-08T22:34:00","modified_gmt":"2022-03-08T21:34:00","slug":"bu-dinciler-o-muesluemanlara-benzemiyor","status":"publish","type":"product","link":"https:\/\/mgvpublications.com\/de\/bu-dinciler-o-muesluemanlara-benzemiyor\/","title":{"rendered":"Bu Dinciler O M\u00fcsl\u00fcmanlara Benzemiyor"},"content":{"rendered":"<p>Yay\u0131n Tarihi: 03.12.2019<br \/>ISBN: 9786052980361<br \/>Dil: T\u00dcRK\u00c7E<br \/>Sayfa Say\u0131s\u0131: 512<br \/>Cilt Tipi: Karton Kapak<br \/>Ka\u011f\u0131t Cinsi: Kitap Ka\u011f\u0131d\u0131<br \/>Boyut: 14 x 23 cm<\/p>","protected":false},"excerpt":{"rendered":"<p>Ye\u015fil Gladio\u2019nun dinci tetik\u00e7ileri\u2026 FBI\u2019\u0131n yeti\u015ftirdi\u011fi dinci istihbarat\u00e7\u0131lar\u2026 CIA\u2019nin kefil oldu\u011fu dinci cemaat liderleri\u2026 ABD\u2019den maa\u015f alan dinci k\u00f6\u015fe yazarlar\u0131\u2026 Utah\u2019ta TSK aleyhine yay\u0131n yapan dinci yalan makineleri\u2026 Kendini peygamber sanan Amerikal\u0131 \u015feyhe ba\u011fl\u0131 dinci milletvekili\u2026 \u201cYahudi mallar\u0131 almay\u0131n\u201d deyip Yahudilerle ticaret yapan dinci gazete\u2026 Soros\u2019un vak\u0131flar\u0131, gazetecileri ve politikac\u0131lar\u0131\u2026 \u0130sim isim\u2026 Olay olay\u2026 Ergenekon tipi komplolar hangi \u00fclkelerde nas\u0131l sahneye kondu? \u201cPsikolojik harp\u201din merkezi neresiydi? T\u00fcrkiye\u2019de hangi gazetelere, nerelerden para ak\u0131t\u0131ld\u0131? Fethullah G\u00fclen ABD\u2019de nas\u0131l Ye\u015fil Kart sahibi oldu? TSK neden hedefteydi? \u201cSolcu liberaller\u201din New York\u2019taki ak\u0131l hocalar\u0131 kimlerdi? Uluslararas\u0131 Yazarl\u0131k Program\u0131 (IWP) T\u00fcrkiye\u2019de nas\u0131l yazar dev\u015firdi? \u0130sim isim\u2026 Olay olay\u2026 Tehlike, tehlikeyi g\u00f6ze almadan yok edilemez.<\/p>","protected":false},"featured_media":22539,"template":"","meta":{"spay_email":""},"product_cat":[173],"product_tag":[],"item":[697],"acf":[],"_links":{"self":[{"href":"https:\/\/mgvpublications.com\/de\/wp-json\/wp\/v2\/product\/11552"}],"collection":[{"href":"https:\/\/mgvpublications.com\/de\/wp-json\/wp\/v2\/product"}],"about":[{"href":"https:\/\/mgvpublications.com\/de\/wp-json\/wp\/v2\/types\/product"}],"wp:featuredmedia":[{"embeddable":true,"href":"https:\/\/mgvpublications.com\/de\/wp-json\/wp\/v2\/media\/22539"}],"wp:attachment":[{"href":"https:\/\/mgvpublications.com\/de\/wp-json\/wp\/v2\/media?parent=11552"}],"wp:term":[{"taxonomy":"product_cat","embeddable":true,"href":"https:\/\/mgvpublications.com\/de\/wp-json\/wp\/v2\/product_cat?post=11552"},{"taxonomy":"product_tag","embeddable":true,"href":"https:\/\/mgvpublications.com\/de\/wp-json\/wp\/v2\/product_tag?post=11552"},{"taxonomy":"item","embeddable":true,"href":"https:\/\/mgvpublications.com\/de\/wp-json\/wp\/v2\/item?post=11552"}],"curies":[{"name":"wp","href":"https:\/\/api.w.org\/{rel}","templated":true}]}}