{"id":11550,"date":"2020-04-30T01:56:42","date_gmt":"2020-04-29T23:56:42","guid":{"rendered":"https:\/\/dev2.mgvpublications.com\/produkt\/erbakan-eziyet-edilerek-yalnizliga-yuekseltilen-bir-siyasal-liderin-portresi\/"},"modified":"2022-03-08T22:33:58","modified_gmt":"2022-03-08T21:33:58","slug":"erbakan-eziyet-edilerek-yalnizliga-yuekseltilen-bir-siyasal-liderin-portresi","status":"publish","type":"product","link":"https:\/\/mgvpublications.com\/de\/erbakan-eziyet-edilerek-yalnizliga-yuekseltilen-bir-siyasal-liderin-portresi\/","title":{"rendered":"Erbakan Eziyet Edilerek Yaln\u0131zl\u0131\u011fa Y\u00fckseltilen Bir Siyasal Liderin Portresi"},"content":{"rendered":"<table class=\"attribute\">\n<tbody>\n<tr>\n<td>Ver\u00f6fentlichung<\/td>\n<td>2019-09-04<\/td>\n<\/tr>\n<tr>\n<td>ISBN<\/td>\n<td>6055340865<\/td>\n<\/tr>\n<tr>\n<td>Druckauflage<\/td>\n<td>7. Bask\u0131<\/td>\n<\/tr>\n<tr>\n<td>Sprache<\/td>\n<td>T\u00dcRK\u00c7E<\/td>\n<\/tr>\n<tr>\n<td>Seiten<\/td>\n<td>368<\/td>\n<\/tr>\n<tr>\n<td>Art<\/td>\n<td>Karton Kapak<\/td>\n<\/tr>\n<tr>\n<td>Papierart<\/td>\n<td>Kitap Ka\u011f\u0131d\u0131<\/td>\n<\/tr>\n<tr>\n<td>Ma\u00dfe<\/td>\n<td>14 x 23 cm<\/td>\n<\/tr>\n<\/tbody>\n<\/table>","protected":false},"excerpt":{"rendered":"<div id=\"description_text\" class=\"readmore-js-section readmore-js-collapsed\">\u0130nad\u0131n ve sabr\u0131n ad\u0131yd\u0131; felaketler onu y\u0131k\u0131lmaz yapt\u0131&#8230;<br \/>\nYa\u015famdaki en y\u00fcce ideali ger\u00e7ekle\u015ftirdi; hep kendi olarak kald\u0131. Siyasi ve ahlaki ba\u011f\u0131ms\u0131zl\u0131\u011f\u0131n\u0131 sonuna kadar korudu&#8230;<br \/>\nBir siyasal inan\u00e7 i\u00e7in ac\u0131 \u00e7ekmeyi, o inan\u00e7 u\u011fruna zulmetmeye ye\u011fledi&#8230;<br \/>\nG\u00f6r\u00fc\u015f ve hedefinden emindi; \u00fclkesine ve insan\u0131na hep sad\u0131k kald\u0131&#8230;<br \/>\nKu\u015fkusuz her insan gibi yanl\u0131\u015fl\u0131klar da yapt\u0131&#8230;<br \/>\nEvet:<br \/>\nTarih bahts\u0131zlar\u0131n bilimidir&#8230;<br \/>\nErbakan hakk\u0131ndaki karar\u0131 ku\u015fkusuz tarihin y\u00fcce mahkemesi verecektir&#8230;<br \/>\nBu kitap sadece olgulardan hareket ederek bir Erbakan biyografisi yazmak amac\u0131yla kaleme al\u0131nd\u0131&#8230;SONER YAL\u00c7IN<br \/>\n2012 &#8211; \u0130stanbul\/Silivri Cezaevi<\/p>\n<\/div>","protected":false},"featured_media":14352,"template":"","meta":{"spay_email":""},"product_cat":[173],"product_tag":[],"item":[697],"acf":[],"_links":{"self":[{"href":"https:\/\/mgvpublications.com\/de\/wp-json\/wp\/v2\/product\/11550"}],"collection":[{"href":"https:\/\/mgvpublications.com\/de\/wp-json\/wp\/v2\/product"}],"about":[{"href":"https:\/\/mgvpublications.com\/de\/wp-json\/wp\/v2\/types\/product"}],"wp:featuredmedia":[{"embeddable":true,"href":"https:\/\/mgvpublications.com\/de\/wp-json\/wp\/v2\/media\/14352"}],"wp:attachment":[{"href":"https:\/\/mgvpublications.com\/de\/wp-json\/wp\/v2\/media?parent=11550"}],"wp:term":[{"taxonomy":"product_cat","embeddable":true,"href":"https:\/\/mgvpublications.com\/de\/wp-json\/wp\/v2\/product_cat?post=11550"},{"taxonomy":"product_tag","embeddable":true,"href":"https:\/\/mgvpublications.com\/de\/wp-json\/wp\/v2\/product_tag?post=11550"},{"taxonomy":"item","embeddable":true,"href":"https:\/\/mgvpublications.com\/de\/wp-json\/wp\/v2\/item?post=11550"}],"curies":[{"name":"wp","href":"https:\/\/api.w.org\/{rel}","templated":true}]}}