{"id":11544,"date":"2020-04-30T01:47:41","date_gmt":"2020-04-29T23:47:41","guid":{"rendered":"https:\/\/dev2.mgvpublications.com\/produkt\/siz-kimi-kandiriyorsunuz\/"},"modified":"2022-03-08T22:33:58","modified_gmt":"2022-03-08T21:33:58","slug":"siz-kimi-kandiriyorsunuz","status":"publish","type":"product","link":"https:\/\/mgvpublications.com\/de\/siz-kimi-kandiriyorsunuz\/","title":{"rendered":"Siz Kimi Kand\u0131r\u0131yorsunuz!"},"content":{"rendered":"<table class=\"attribute\">\n<tbody>\n<tr>\n<td>Ver\u00f6fentlichung<\/td>\n<td>2019-09-20<\/td>\n<\/tr>\n<tr>\n<td>ISBN<\/td>\n<td>6052980705<\/td>\n<\/tr>\n<tr>\n<td>Druckauflage<\/td>\n<td>4. Bask\u0131<\/td>\n<\/tr>\n<tr>\n<td>Sprache<\/td>\n<td>T\u00dcRK\u00c7E<\/td>\n<\/tr>\n<tr>\n<td>Seiten<\/td>\n<td>374<\/td>\n<\/tr>\n<tr>\n<td>Art<\/td>\n<td>Karton Kapak<\/td>\n<\/tr>\n<tr>\n<td>Papierart<\/td>\n<td>Kitap Ka\u011f\u0131d\u0131<\/td>\n<\/tr>\n<tr>\n<td>Ma\u00dfe<\/td>\n<td>14 x 23 cm<\/td>\n<\/tr>\n<\/tbody>\n<\/table>","protected":false},"excerpt":{"rendered":"<div id=\"description_text\" class=\"readmore-js-section readmore-js-collapsed\">Tarihin labirentlerinde, ezber bozan, \u015fa\u015f\u0131rt\u0131c\u0131 bir yolculuk\u2026<br \/>\n\u00dclkelerin d\u00fcn\u00fc ve bug\u00fcn\u00fc aras\u0131ndaki kimi benzerlikler \u015fa\u015f\u0131rt\u0131c\u0131d\u0131r.<br \/>\nOsmanl\u0131 Padi\u015fah\u0131 Abd\u00fclaziz\u2019in 30 May\u0131s 1876\u2019da askeri darbeyle tahttan indirilmesi ile Cumhuriyet d\u00f6neminde a\u011f\u0131r ekonomik kararlar alan h\u00fck\u00fcmetlerin ba\u015f\u0131na gelenler benzerdi.<br \/>\nProtestanl\u0131\u011f\u0131n yay\u0131lmas\u0131nda Osmanl\u0131\u2019n\u0131n rol\u00fc neydi?<br \/>\n\u0130ngilizler, Osmanl\u0131 istihbarat \u00f6rg\u00fct\u00fcn\u00fc neden ve nas\u0131l kurdu?<br \/>\nMHP\u2019nin 2000\u2019li y\u0131llarda ba\u015f\u00f6rt\u00fcs\u00fcn\u00fc desteklemeye ba\u015flamas\u0131 \u015fa\u015f\u0131rt\u0131c\u0131 de\u011fildi, \u00e7\u00fcnk\u00fc \u00dclk\u00fcc\u00fc harekette yakla\u015f\u0131k 50 y\u0131l \u00f6nceki Nihal Ats\u0131z-Alparslan T\u00fcrke\u015f ayr\u0131l\u0131\u011f\u0131yla birlikte tarihsel d\u00f6n\u00fc\u015f\u00fcm ya\u015fanm\u0131\u015f, oy u\u011fruna \u0130slam motifinden yararlanmaya karar verilmi\u015fti.<br \/>\nGe\u00e7mi\u015fte \u00fclkenin sosyo-ekonomik ve siyasi hayat\u0131nda \u00f6nemli rol oynayan tarikatlar\u0131n bug\u00fcn geldi\u011fi nokta ne?<br \/>\nD\u00fcn\u00fcn Ak\u0131nc\u0131 Gen\u00e7ler\u2019i bug\u00fcn ne yap\u0131yor?<br \/>\nAKP\u2019lilerin e\u015fleri neden \u00f6rt\u00fcnd\u00fc?<br \/>\nDincilerin, Mehmed \u00c2kif Ersoy\u2019la ilgili yalan\u0131 nas\u0131l son buluyor?<br \/>\nT\u00fcrk \u201cChe Guevera\u201dlar nas\u0131l ortaya \u00e7\u0131kt\u0131?Do\u011fruyu bulmak, zek\u00e2 ve bilgi meselesinden \u00e7ok, ki\u015filik ve ahlak sorunudur.<\/p>\n<\/div>","protected":false},"featured_media":14350,"template":"","meta":{"spay_email":""},"product_cat":[173],"product_tag":[],"item":[697],"acf":[],"_links":{"self":[{"href":"https:\/\/mgvpublications.com\/de\/wp-json\/wp\/v2\/product\/11544"}],"collection":[{"href":"https:\/\/mgvpublications.com\/de\/wp-json\/wp\/v2\/product"}],"about":[{"href":"https:\/\/mgvpublications.com\/de\/wp-json\/wp\/v2\/types\/product"}],"wp:featuredmedia":[{"embeddable":true,"href":"https:\/\/mgvpublications.com\/de\/wp-json\/wp\/v2\/media\/14350"}],"wp:attachment":[{"href":"https:\/\/mgvpublications.com\/de\/wp-json\/wp\/v2\/media?parent=11544"}],"wp:term":[{"taxonomy":"product_cat","embeddable":true,"href":"https:\/\/mgvpublications.com\/de\/wp-json\/wp\/v2\/product_cat?post=11544"},{"taxonomy":"product_tag","embeddable":true,"href":"https:\/\/mgvpublications.com\/de\/wp-json\/wp\/v2\/product_tag?post=11544"},{"taxonomy":"item","embeddable":true,"href":"https:\/\/mgvpublications.com\/de\/wp-json\/wp\/v2\/item?post=11544"}],"curies":[{"name":"wp","href":"https:\/\/api.w.org\/{rel}","templated":true}]}}