{"id":11534,"date":"2020-04-30T01:36:34","date_gmt":"2020-04-29T23:36:34","guid":{"rendered":"https:\/\/dev2.mgvpublications.com\/produkt\/oenemli-isler-dairesi\/"},"modified":"2022-03-08T22:33:57","modified_gmt":"2022-03-08T21:33:57","slug":"oenemli-isler-dairesi","status":"publish","type":"product","link":"https:\/\/mgvpublications.com\/de\/oenemli-isler-dairesi\/","title":{"rendered":"\u00d6nemli \u0130\u015fler Dairesi"},"content":{"rendered":"<table class=\"attribute\">\n<tbody>\n<tr>\n<td>Ver\u00f6fentlichung<\/td>\n<td>2014-11-12<\/td>\n<\/tr>\n<tr>\n<td>ISBN<\/td>\n<td>6051111193<\/td>\n<\/tr>\n<tr>\n<td>Druckauflage<\/td>\n<td>2. Bask\u0131<\/td>\n<\/tr>\n<tr>\n<td>Sprache<\/td>\n<td>T\u00dcRK\u00c7E<\/td>\n<\/tr>\n<tr>\n<td>Seiten<\/td>\n<td>308<\/td>\n<\/tr>\n<tr>\n<td>Art<\/td>\n<td>Karton Kapak<\/td>\n<\/tr>\n<tr>\n<td>Papierart<\/td>\n<td>Kitap Ka\u011f\u0131d\u0131<\/td>\n<\/tr>\n<tr>\n<td>Ma\u00dfe<\/td>\n<td>14 x 23 cm<\/td>\n<\/tr>\n<\/tbody>\n<\/table>","protected":false},"excerpt":{"rendered":"<div id=\"description_text\" class=\"readmore-js-section readmore-js-collapsed\">T\u00fcrkiye\u2019nin \u00fc\u00e7 b\u00fcy\u00fck istihbarat te\u015fkilat\u0131ndan biri olan Emniyet \u0130stihbarat Dairesi kap\u0131lar\u0131n\u0131 ilk kez bir gazeteciye a\u00e7t\u0131 ve ad\u0131m ad\u0131m b\u00fcy\u00fcyen bu \u201cgizli g\u00fc\u00e7\u201d kendini anlatt\u0131.Ve yine ilk kez hayati \u00f6nem ta\u015f\u0131yan pek \u00e7ok operasyonun arkas\u0131ndaki bu g\u00fcc\u00fcn geli\u015fme s\u00fcreci bir ara\u015ft\u0131rma kitab\u0131na konu oldu.<\/p>\n<p>C\u00fcneyt \u00d6zdemir\u2019in \u00f6zel r\u00f6portajlar\u0131 ve ayr\u0131nt\u0131l\u0131 ara\u015ft\u0131rmas\u0131yla T\u00fcrkiye ger\u00e7eklerine bamba\u015fka bir a\u00e7\u0131dan bakacaks\u0131n\u0131z.Derin devletin sahibinin el de\u011fi\u015ftirdi\u011fi sanc\u0131l\u0131 g\u00fcnlerde T\u00fcrkiye\u2019de yava\u015f yava\u015f b\u00fcy\u00fcyen yeni ba\u015frol oyuncusunu tan\u0131yacaks\u0131n\u0131z.<\/p>\n<p>6-7 Eyl\u00fcl Olaylar\u0131ndan Abdi \u0130pek\u00e7i cinayetine, 1 May\u0131s 1977 olaylar\u0131ndan Bah\u00e7elievler Katliam\u0131\u2019na, 9 Subay Olay\u0131\u2019ndan Ergenekon\u2019a kadar T\u00fcrkiye\u2019yi sarsan pek \u00e7ok olay\u0131n g\u00fcn \u0131\u015f\u0131\u011f\u0131na \u00e7\u0131kmam\u0131\u015f y\u00f6nlerini istihbarat\u00e7\u0131lardan dinleyeceksiniz. Mafya d\u00fcnyas\u0131n\u0131 takip eden istihbarat\u00e7\u0131lar\u0131n ilgin\u00e7 an\u0131lar\u0131n\u0131, J\u0130TEM hakk\u0131nda hi\u00e7 bilmedi\u011finiz ger\u00e7ekleri, M\u0130T ile Emniyet \u00e7eki\u015fmesinin perde arkas\u0131n\u0131, Dev-Sol\u2019a kar\u015f\u0131 y\u00fcr\u00fct\u00fclen operasyonlar\u0131n ayr\u0131nt\u0131lar\u0131n\u0131, istihbarat\u00e7\u0131lar\u0131n ba\u015f\u0131na gelen trajikomik olaylar\u0131, Ergenekon\u2019un ge\u00e7mi\u015fteki uzant\u0131lar\u0131n\u0131 ve ku\u015fkusuz Emniyet i\u00e7indeki Fethullah G\u00fclen etkisini ayr\u0131nt\u0131lar\u0131yla ilk kez okuyacaks\u0131n\u0131z<\/p>\n<p>Bir macera filmini aratmayan tamam\u0131 ger\u00e7ek ve belgeli T\u00fcrkiye ger\u00e7eklerini okudu\u011funuzda \u201cezberiniz bozulacak\u201d.<\/p><\/div>","protected":false},"featured_media":15849,"template":"","meta":{"spay_email":""},"product_cat":[173],"product_tag":[],"item":[563],"acf":[],"_links":{"self":[{"href":"https:\/\/mgvpublications.com\/de\/wp-json\/wp\/v2\/product\/11534"}],"collection":[{"href":"https:\/\/mgvpublications.com\/de\/wp-json\/wp\/v2\/product"}],"about":[{"href":"https:\/\/mgvpublications.com\/de\/wp-json\/wp\/v2\/types\/product"}],"wp:featuredmedia":[{"embeddable":true,"href":"https:\/\/mgvpublications.com\/de\/wp-json\/wp\/v2\/media\/15849"}],"wp:attachment":[{"href":"https:\/\/mgvpublications.com\/de\/wp-json\/wp\/v2\/media?parent=11534"}],"wp:term":[{"taxonomy":"product_cat","embeddable":true,"href":"https:\/\/mgvpublications.com\/de\/wp-json\/wp\/v2\/product_cat?post=11534"},{"taxonomy":"product_tag","embeddable":true,"href":"https:\/\/mgvpublications.com\/de\/wp-json\/wp\/v2\/product_tag?post=11534"},{"taxonomy":"item","embeddable":true,"href":"https:\/\/mgvpublications.com\/de\/wp-json\/wp\/v2\/item?post=11534"}],"curies":[{"name":"wp","href":"https:\/\/api.w.org\/{rel}","templated":true}]}}