{"id":11532,"date":"2020-04-30T01:34:17","date_gmt":"2020-04-29T23:34:17","guid":{"rendered":"https:\/\/dev2.mgvpublications.com\/produkt\/tarihi-ve-sosyal-yapisiyla-siyer-cografyasi\/"},"modified":"2022-03-08T22:33:57","modified_gmt":"2022-03-08T21:33:57","slug":"tarihi-ve-sosyal-yapisiyla-siyer-cografyasi","status":"publish","type":"product","link":"https:\/\/mgvpublications.com\/de\/tarihi-ve-sosyal-yapisiyla-siyer-cografyasi\/","title":{"rendered":"Tarihi ve Sosyal Yap\u0131s\u0131yla Siyer Co\u011frafyas\u0131"},"content":{"rendered":"<table class=\"attribute\">\n<tbody>\n<tr>\n<td>Ver\u00f6fentlichung<\/td>\n<td>2018-03-15<\/td>\n<\/tr>\n<tr>\n<td>ISBN<\/td>\n<td>6052375594<\/td>\n<\/tr>\n<tr>\n<td>Druckauflage<\/td>\n<td>1. Bask\u0131<\/td>\n<\/tr>\n<tr>\n<td>Sprache<\/td>\n<td>T\u00dcRK\u00c7E<\/td>\n<\/tr>\n<tr>\n<td>Seiten<\/td>\n<td>248<\/td>\n<\/tr>\n<tr>\n<td>Art<\/td>\n<td>Karton Kapak<\/td>\n<\/tr>\n<tr>\n<td>Papierart<\/td>\n<td>Kitap Ka\u011f\u0131d\u0131<\/td>\n<\/tr>\n<tr>\n<td>Ma\u00dfe<\/td>\n<td>13.5 x 21 cm<\/td>\n<\/tr>\n<\/tbody>\n<\/table>","protected":false},"excerpt":{"rendered":"<div class=\"description\">\n<div id=\"description_text\">Siyer Co\u011frafyas\u0131\u2019n\u0131 tan\u0131mak, Kur\u2019\u00e2n\u2019\u0131n ve S\u00fcnnet\u2019in ne\u015fet etti\u011fi zemini tan\u0131makt\u0131r. Siyer Co\u011frafyas\u0131\u2019n\u0131 tan\u0131mak, nebev\u00ee m\u00fccadelenin ba\u015flad\u0131\u011f\u0131 ortam\u0131 tan\u0131makt\u0131r. Siyer Co\u011frafyas\u0131\u2019n\u0131 tan\u0131mak, risalet davas\u0131n\u0131n ilkelerini ve hususiyetlerini tan\u0131makt\u0131r. Siyer Co\u011frafyas\u0131\u2019n\u0131 tan\u0131mak, tebli\u011f ve ir\u015fat meselesinin muhataplar\u0131 olan insan gruplar\u0131n\u0131 tan\u0131makt\u0131r. Siyer Co\u011frafyas\u0131\u2019n\u0131 tan\u0131mak, nebev\u00ee sedan\u0131n de\u011fi\u015ftirme ve d\u00f6n\u00fc\u015ft\u00fcrme potansiyelini tan\u0131makt\u0131r. Bundan dolay\u0131 olsa gerek Hz. \u00d6mer (ra): \u201cC\u00e2hiliye\u2019yi tan\u0131mayan, \u0130sl\u00e2m\u2019\u0131 tam anlam\u0131 ile anlayamaz!\u201d demi\u015ftir.<\/div>\n<\/div>","protected":false},"featured_media":11533,"template":"","meta":{"spay_email":""},"product_cat":[174],"product_tag":[],"item":[426],"acf":[],"_links":{"self":[{"href":"https:\/\/mgvpublications.com\/de\/wp-json\/wp\/v2\/product\/11532"}],"collection":[{"href":"https:\/\/mgvpublications.com\/de\/wp-json\/wp\/v2\/product"}],"about":[{"href":"https:\/\/mgvpublications.com\/de\/wp-json\/wp\/v2\/types\/product"}],"wp:featuredmedia":[{"embeddable":true,"href":"https:\/\/mgvpublications.com\/de\/wp-json\/wp\/v2\/media\/11533"}],"wp:attachment":[{"href":"https:\/\/mgvpublications.com\/de\/wp-json\/wp\/v2\/media?parent=11532"}],"wp:term":[{"taxonomy":"product_cat","embeddable":true,"href":"https:\/\/mgvpublications.com\/de\/wp-json\/wp\/v2\/product_cat?post=11532"},{"taxonomy":"product_tag","embeddable":true,"href":"https:\/\/mgvpublications.com\/de\/wp-json\/wp\/v2\/product_tag?post=11532"},{"taxonomy":"item","embeddable":true,"href":"https:\/\/mgvpublications.com\/de\/wp-json\/wp\/v2\/item?post=11532"}],"curies":[{"name":"wp","href":"https:\/\/api.w.org\/{rel}","templated":true}]}}