{"id":11448,"date":"2020-04-15T14:49:40","date_gmt":"2020-04-15T12:49:40","guid":{"rendered":"https:\/\/dev2.mgvpublications.com\/produkt\/mizrakli-ilmihal-miftahul-cenne-cep-boy\/"},"modified":"2022-03-08T22:33:55","modified_gmt":"2022-03-08T21:33:55","slug":"mizrakli-ilmihal-miftahul-cenne-cep-boy","status":"publish","type":"product","link":"https:\/\/mgvpublications.com\/de\/mizrakli-ilmihal-miftahul-cenne-cep-boy\/","title":{"rendered":"M\u0131zrakl\u0131 \u0130lmihal\/Miftahu&#8217;l-Cenne (Cep Boy)"},"content":{"rendered":"<table class=\"attribute\">\n<tbody>\n<tr>\n<td>ISBN<\/td>\n<td>6055657123<\/td>\n<\/tr>\n<tr>\n<td>Druckauflage<\/td>\n<td>1. Bask\u0131<\/td>\n<\/tr>\n<tr>\n<td>Sprache<\/td>\n<td>T\u00dcRK\u00c7E<\/td>\n<\/tr>\n<tr>\n<td>Seiten<\/td>\n<td>152<\/td>\n<\/tr>\n<tr>\n<td>Art<\/td>\n<td>Karton Kapak<\/td>\n<\/tr>\n<tr>\n<td>Papierart<\/td>\n<td>3. Hm. Ka\u011f\u0131t<\/td>\n<\/tr>\n<tr>\n<td>Ma\u00dfe<\/td>\n<td>12 x 16.5 cm<\/td>\n<\/tr>\n<\/tbody>\n<\/table>","protected":false},"excerpt":{"rendered":"<div class=\"description\">\n<div id=\"description_text\">\u0130hlasl\u0131 b\u00fcy\u00fck alimlerin, Allah ve Peygamber dostlar\u0131n\u0131n ir\u015fad, e\u011fitim ve terbiyeleri \u00f6l\u00fcmlerinden sonra da devam etmektedirler. \u0130\u015fte bu kitap da onlardan birisidir. Herkes\u00e7e tan\u0131nan bir risale oldu\u011fu i\u00e7in mahiyeti hakk\u0131nda daha fazla bilgi vermemize, hele reklam yapmam\u0131za l\u00fczum yoktur.<\/div>\n<\/div>","protected":false},"featured_media":11449,"template":"","meta":{"spay_email":""},"product_cat":[174],"product_tag":[],"item":[833],"acf":[],"_links":{"self":[{"href":"https:\/\/mgvpublications.com\/de\/wp-json\/wp\/v2\/product\/11448"}],"collection":[{"href":"https:\/\/mgvpublications.com\/de\/wp-json\/wp\/v2\/product"}],"about":[{"href":"https:\/\/mgvpublications.com\/de\/wp-json\/wp\/v2\/types\/product"}],"wp:featuredmedia":[{"embeddable":true,"href":"https:\/\/mgvpublications.com\/de\/wp-json\/wp\/v2\/media\/11449"}],"wp:attachment":[{"href":"https:\/\/mgvpublications.com\/de\/wp-json\/wp\/v2\/media?parent=11448"}],"wp:term":[{"taxonomy":"product_cat","embeddable":true,"href":"https:\/\/mgvpublications.com\/de\/wp-json\/wp\/v2\/product_cat?post=11448"},{"taxonomy":"product_tag","embeddable":true,"href":"https:\/\/mgvpublications.com\/de\/wp-json\/wp\/v2\/product_tag?post=11448"},{"taxonomy":"item","embeddable":true,"href":"https:\/\/mgvpublications.com\/de\/wp-json\/wp\/v2\/item?post=11448"}],"curies":[{"name":"wp","href":"https:\/\/api.w.org\/{rel}","templated":true}]}}