{"id":11446,"date":"2020-04-15T14:45:41","date_gmt":"2020-04-15T12:45:41","guid":{"rendered":"https:\/\/dev2.mgvpublications.com\/produkt\/insani-iliskilerde-ilahi-oelcue\/"},"modified":"2022-03-08T22:33:55","modified_gmt":"2022-03-08T21:33:55","slug":"insani-iliskilerde-ilahi-oelcue","status":"publish","type":"product","link":"https:\/\/mgvpublications.com\/de\/insani-iliskilerde-ilahi-oelcue\/","title":{"rendered":"\u0130nsani \u0130li\u015fkilerde \u0130lahi \u00d6l\u00e7\u00fc"},"content":{"rendered":"<table class=\"attribute\">\n<tbody>\n<tr>\n<td>Ver\u00f6fentlichung<\/td>\n<td>2016-11-02<\/td>\n<\/tr>\n<tr>\n<td>ISBN<\/td>\n<td>6054920036<\/td>\n<\/tr>\n<tr>\n<td>Druckauflage<\/td>\n<td>10. Bask\u0131<\/td>\n<\/tr>\n<tr>\n<td>Sprache<\/td>\n<td>T\u00dcRK\u00c7E<\/td>\n<\/tr>\n<tr>\n<td>Seiten<\/td>\n<td>248<\/td>\n<\/tr>\n<tr>\n<td>Art<\/td>\n<td>Karton Kapak<\/td>\n<\/tr>\n<tr>\n<td>Papierart<\/td>\n<td>Kitap Ka\u011f\u0131d\u0131<\/td>\n<\/tr>\n<tr>\n<td>Ma\u00dfe<\/td>\n<td>13.5 x 21 cm<\/td>\n<\/tr>\n<\/tbody>\n<\/table>","protected":false},"excerpt":{"rendered":"<div id=\"description_text\" class=\"readmore-js-section readmore-js-collapsed\">\u0130nsano\u011flu var edildi\u011fi g\u00fcnden beri Allah&#8217;\u0131n birle\u015ftirilmesini emretti\u011fi ba\u011flar\u0131 korumak ile m\u00fckelleftir.Bu ba\u011flar insan\u0131n di\u011fer varl\u0131klarla ve kendisi ile kurmas\u0131 gereken ba\u011flard\u0131r ve d\u00f6rt ana ba\u015fl\u0131k alt\u0131nda incelenmelidir.<\/p>\n<p>-\u0130nsan\u0131n kendi nefsi ile ili\u015fkisi<\/p>\n<p>-\u0130nsan\u0131n Allah ile olan ili\u015fkisi<\/p>\n<p>-\u0130nsan\u0131n e\u015fya (evren) ile ili\u015fkisi<\/p>\n<p>-\u0130nsan\u0131n insan ile olan ili\u015fkisi<\/p>\n<p>Tabi bu ili\u015fkileri d\u00fczenleyecek genel kaynaklar ya do\u011frudan ilahi olamal\u0131, ya da ilahi otoriteden yetki alan peygamberler olmal\u0131d\u0131r.<\/p>\n<p>\u0130\u015fte bu kitapta hem bu ili\u015fkileri hem de bu ili\u015fkilerinin temel referanslar\u0131n\u0131 okuyacaks\u0131n\u0131z.\u00d6zellikle &#8216;\u0130nsani ili\u015fkilerde on alt\u0131n kural &#8216; ile &#8216; Kur&#8217;an&#8217;da Diyalog&#8217; b\u00f6l\u00fcmleri ile bu konuda size rehber olacak numuneleri bulacaks\u0131n\u0131z<\/p><\/div>","protected":false},"featured_media":11447,"template":"","meta":{"spay_email":""},"product_cat":[174],"product_tag":[],"item":[426],"acf":[],"_links":{"self":[{"href":"https:\/\/mgvpublications.com\/de\/wp-json\/wp\/v2\/product\/11446"}],"collection":[{"href":"https:\/\/mgvpublications.com\/de\/wp-json\/wp\/v2\/product"}],"about":[{"href":"https:\/\/mgvpublications.com\/de\/wp-json\/wp\/v2\/types\/product"}],"wp:featuredmedia":[{"embeddable":true,"href":"https:\/\/mgvpublications.com\/de\/wp-json\/wp\/v2\/media\/11447"}],"wp:attachment":[{"href":"https:\/\/mgvpublications.com\/de\/wp-json\/wp\/v2\/media?parent=11446"}],"wp:term":[{"taxonomy":"product_cat","embeddable":true,"href":"https:\/\/mgvpublications.com\/de\/wp-json\/wp\/v2\/product_cat?post=11446"},{"taxonomy":"product_tag","embeddable":true,"href":"https:\/\/mgvpublications.com\/de\/wp-json\/wp\/v2\/product_tag?post=11446"},{"taxonomy":"item","embeddable":true,"href":"https:\/\/mgvpublications.com\/de\/wp-json\/wp\/v2\/item?post=11446"}],"curies":[{"name":"wp","href":"https:\/\/api.w.org\/{rel}","templated":true}]}}