{"id":11429,"date":"2020-12-02T15:43:59","date_gmt":"2020-12-02T14:43:59","guid":{"rendered":"https:\/\/dev2.mgvpublications.com\/produkt\/die-verwandlung\/"},"modified":"2022-03-08T22:33:55","modified_gmt":"2022-03-08T21:33:55","slug":"die-verwandlung","status":"publish","type":"product","link":"https:\/\/mgvpublications.com\/de\/die-verwandlung\/","title":{"rendered":"Die Verwandlung"},"content":{"rendered":"<p>Yay\u0131n Tarihi: 29.08.2016<br \/>ISBN: 9786059681629<br \/>Dil: ALMANCA<br \/>Sayfa Say\u0131s\u0131: 65<br \/>Cilt Tipi: Karton Kapak<br \/>Ka\u011f\u0131t Cinsi: Kitap Ka\u011f\u0131d\u0131<br \/>Boyut: 13.5 x 19.5 cm<\/p>","protected":false},"excerpt":{"rendered":"<p>&#8220;Als Gregor Samsa eines Morgens aus unruhigen Tr\u00e4umen erwachte, fand er sich in seinem Bett zu einem ungeheuren Ungeziefer verwandelt.\u201c Der reisende Tuchwarenverk\u00e4ufer Gregor Samsa erwacht eines Morgens und findet sich in seinem Bett zu einem \u201cungeheuren Ungeziefer\u201d verwandelt. Diese Ver\u00e4nderung hat gro\u00dfe Auswirkungen auf sich und seine Familie. Die weltber\u00fchmte \u201eDie Verwandlung\u201c von Franz Kafka wurde 1912 geschrieben und erschien 1915.<\/p>","protected":false},"featured_media":22586,"template":"","meta":{"spay_email":""},"product_cat":[231],"product_tag":[],"item":[822],"acf":[],"_links":{"self":[{"href":"https:\/\/mgvpublications.com\/de\/wp-json\/wp\/v2\/product\/11429"}],"collection":[{"href":"https:\/\/mgvpublications.com\/de\/wp-json\/wp\/v2\/product"}],"about":[{"href":"https:\/\/mgvpublications.com\/de\/wp-json\/wp\/v2\/types\/product"}],"wp:featuredmedia":[{"embeddable":true,"href":"https:\/\/mgvpublications.com\/de\/wp-json\/wp\/v2\/media\/22586"}],"wp:attachment":[{"href":"https:\/\/mgvpublications.com\/de\/wp-json\/wp\/v2\/media?parent=11429"}],"wp:term":[{"taxonomy":"product_cat","embeddable":true,"href":"https:\/\/mgvpublications.com\/de\/wp-json\/wp\/v2\/product_cat?post=11429"},{"taxonomy":"product_tag","embeddable":true,"href":"https:\/\/mgvpublications.com\/de\/wp-json\/wp\/v2\/product_tag?post=11429"},{"taxonomy":"item","embeddable":true,"href":"https:\/\/mgvpublications.com\/de\/wp-json\/wp\/v2\/item?post=11429"}],"curies":[{"name":"wp","href":"https:\/\/api.w.org\/{rel}","templated":true}]}}