{"id":11427,"date":"2020-04-11T15:35:48","date_gmt":"2020-04-11T13:35:48","guid":{"rendered":"https:\/\/dev2.mgvpublications.com\/produkt\/ecce-homo\/"},"modified":"2022-03-08T22:33:55","modified_gmt":"2022-03-08T21:33:55","slug":"ecce-homo","status":"publish","type":"product","link":"https:\/\/mgvpublications.com\/de\/ecce-homo\/","title":{"rendered":"Ecce Homo"},"content":{"rendered":"<p>Yay\u0131n Tarihi: 22.09.2016<br \/>ISBN: 9786059681704<br \/>Dil: ALMANCA<br \/>Sayfa Say\u0131s\u0131: 129<br \/>Cilt Tipi: Karton Kapak<br \/>Ka\u011f\u0131t Cinsi: Kitap Ka\u011f\u0131d\u0131<br \/>Boyut: 13.5 x 19.5 cm<\/p>","protected":false},"excerpt":{"rendered":"<p>Das Werk &#8220;Ecce Homo &#8211; Wie man wird, was man ist&#8221; von Friedrich Wilhelm Nietzsche ist seine Autobiographie, in der er sich mit Hilfe seiner Schriften (Geburt der Trag\u00f6die; Unzeitgema\u0308ssen; Menschlisches, Allzumenschlisches; Morgenr\u00f6the; La Gaya Scienza; Also sprach Zarathustra; Jenseits von Gut und B\u00f6se; Genalogie der Moral, G\u00f6tzen-D\u00e4mmerungs; Der Fall Wagner&#8230;) selbst darstellt.<\/p>","protected":false},"featured_media":22584,"template":"","meta":{"spay_email":""},"product_cat":[231],"product_tag":[],"item":[822],"acf":[],"_links":{"self":[{"href":"https:\/\/mgvpublications.com\/de\/wp-json\/wp\/v2\/product\/11427"}],"collection":[{"href":"https:\/\/mgvpublications.com\/de\/wp-json\/wp\/v2\/product"}],"about":[{"href":"https:\/\/mgvpublications.com\/de\/wp-json\/wp\/v2\/types\/product"}],"wp:featuredmedia":[{"embeddable":true,"href":"https:\/\/mgvpublications.com\/de\/wp-json\/wp\/v2\/media\/22584"}],"wp:attachment":[{"href":"https:\/\/mgvpublications.com\/de\/wp-json\/wp\/v2\/media?parent=11427"}],"wp:term":[{"taxonomy":"product_cat","embeddable":true,"href":"https:\/\/mgvpublications.com\/de\/wp-json\/wp\/v2\/product_cat?post=11427"},{"taxonomy":"product_tag","embeddable":true,"href":"https:\/\/mgvpublications.com\/de\/wp-json\/wp\/v2\/product_tag?post=11427"},{"taxonomy":"item","embeddable":true,"href":"https:\/\/mgvpublications.com\/de\/wp-json\/wp\/v2\/item?post=11427"}],"curies":[{"name":"wp","href":"https:\/\/api.w.org\/{rel}","templated":true}]}}