{"id":11420,"date":"2020-04-11T15:22:16","date_gmt":"2020-04-11T13:22:16","guid":{"rendered":"https:\/\/dev2.mgvpublications.com\/produkt\/briefe-aus-der-schweiz\/"},"modified":"2022-03-08T22:33:53","modified_gmt":"2022-03-08T21:33:53","slug":"briefe-aus-der-schweiz","status":"publish","type":"product","link":"https:\/\/mgvpublications.com\/de\/briefe-aus-der-schweiz\/","title":{"rendered":"Briefe Aus Der Schweiz"},"content":{"rendered":"<div class=\"share-buttons section\"><\/div>\n<div class=\"section\">\n<div class=\"grid_3 alpha omega\">\n<table class=\"attribute\">\n<tbody>\n<tr>\n<td>Ver\u00f6fentlichung<\/td>\n<td>2016-12-19<\/td>\n<\/tr>\n<tr>\n<td>ISBN<\/td>\n<td>6059681872<\/td>\n<\/tr>\n<tr>\n<td>Druckauflage<\/td>\n<td>1. Bask\u0131<\/td>\n<\/tr>\n<tr>\n<td>Sprache<\/td>\n<td>ALMANCA<\/td>\n<\/tr>\n<tr>\n<td>Seiten<\/td>\n<td>72<\/td>\n<\/tr>\n<tr>\n<td>Art<\/td>\n<td>Karton Kapak<\/td>\n<\/tr>\n<tr>\n<td>Papierart<\/td>\n<td>Kitap Ka\u011f\u0131d\u0131<\/td>\n<\/tr>\n<tr>\n<td>Ma\u00dfe<\/td>\n<td>13.5 x 19.5 cm<\/td>\n<\/tr>\n<\/tbody>\n<\/table>\n<\/div>\n<\/div>","protected":false},"excerpt":{"rendered":"<div class=\"description\">\n<div id=\"description_text\">Noch ehe wir aufbrechen, kann ich Ihnen einen guten Morgen bieten. Der Graf wird mit mir links in\u2018s Gebirg nach dem Leukerbad zu gehen, der Freund indessen die Pferde hier erwarten und uns morgen in Leuk wieder antreffen.<\/div>\n<\/div>","protected":false},"featured_media":15819,"template":"","meta":{"spay_email":""},"product_cat":[231],"product_tag":[],"item":[822],"acf":[],"_links":{"self":[{"href":"https:\/\/mgvpublications.com\/de\/wp-json\/wp\/v2\/product\/11420"}],"collection":[{"href":"https:\/\/mgvpublications.com\/de\/wp-json\/wp\/v2\/product"}],"about":[{"href":"https:\/\/mgvpublications.com\/de\/wp-json\/wp\/v2\/types\/product"}],"wp:featuredmedia":[{"embeddable":true,"href":"https:\/\/mgvpublications.com\/de\/wp-json\/wp\/v2\/media\/15819"}],"wp:attachment":[{"href":"https:\/\/mgvpublications.com\/de\/wp-json\/wp\/v2\/media?parent=11420"}],"wp:term":[{"taxonomy":"product_cat","embeddable":true,"href":"https:\/\/mgvpublications.com\/de\/wp-json\/wp\/v2\/product_cat?post=11420"},{"taxonomy":"product_tag","embeddable":true,"href":"https:\/\/mgvpublications.com\/de\/wp-json\/wp\/v2\/product_tag?post=11420"},{"taxonomy":"item","embeddable":true,"href":"https:\/\/mgvpublications.com\/de\/wp-json\/wp\/v2\/item?post=11420"}],"curies":[{"name":"wp","href":"https:\/\/api.w.org\/{rel}","templated":true}]}}