{"id":11414,"date":"2020-12-02T15:43:58","date_gmt":"2020-12-02T14:43:58","guid":{"rendered":"https:\/\/dev2.mgvpublications.com\/produkt\/brief-einer-unbekannten\/"},"modified":"2022-06-29T11:39:11","modified_gmt":"2022-06-29T09:39:11","slug":"brief-einer-unbekannten","status":"publish","type":"product","link":"https:\/\/mgvpublications.com\/de\/brief-einer-unbekannten\/","title":{"rendered":"Brief Einer Unbekannten"},"content":{"rendered":"<p>Yay\u0131n Tarihi: 06.10.2016<br \/>ISBN: 9786059681759<br \/>Dil: ALMANCA<br \/>Sayfa Say\u0131s\u0131: 106<br \/>Cilt Tipi: Karton Kapak<br \/>Ka\u011f\u0131t Cinsi: Kitap Ka\u011f\u0131d\u0131<br \/>Boyut: 13.5 x 19.5 cm<\/p>","protected":false},"excerpt":{"rendered":"<p>Du erkanntest mich nicht damals. Und als zwei Tage spa\u0308ter Dein Blick mit einer gewissen Vertrautheit bei erneuter Begeg- nung mich um ng, da erkanntest Du mich wiederum nicht als die, die Dich geliebt und die Du erweckt, sondern blo\u00df als das hu\u0308bsche achtzehnja\u0308hrige Ma\u0308dchen, das Dir vor zwei Tagen an der gleichen Stelle entgegengetreten. Du sahst mich freundlich u\u0308berrascht an, ein leichtes La\u0308cheln umspielte Deinen Mund.<\/p>","protected":false},"featured_media":22583,"template":"","meta":{"spay_email":""},"product_cat":[231],"product_tag":[],"item":[822],"acf":[],"_links":{"self":[{"href":"https:\/\/mgvpublications.com\/de\/wp-json\/wp\/v2\/product\/11414"}],"collection":[{"href":"https:\/\/mgvpublications.com\/de\/wp-json\/wp\/v2\/product"}],"about":[{"href":"https:\/\/mgvpublications.com\/de\/wp-json\/wp\/v2\/types\/product"}],"wp:featuredmedia":[{"embeddable":true,"href":"https:\/\/mgvpublications.com\/de\/wp-json\/wp\/v2\/media\/22583"}],"wp:attachment":[{"href":"https:\/\/mgvpublications.com\/de\/wp-json\/wp\/v2\/media?parent=11414"}],"wp:term":[{"taxonomy":"product_cat","embeddable":true,"href":"https:\/\/mgvpublications.com\/de\/wp-json\/wp\/v2\/product_cat?post=11414"},{"taxonomy":"product_tag","embeddable":true,"href":"https:\/\/mgvpublications.com\/de\/wp-json\/wp\/v2\/product_tag?post=11414"},{"taxonomy":"item","embeddable":true,"href":"https:\/\/mgvpublications.com\/de\/wp-json\/wp\/v2\/item?post=11414"}],"curies":[{"name":"wp","href":"https:\/\/api.w.org\/{rel}","templated":true}]}}