{"id":11410,"date":"2020-04-11T15:04:57","date_gmt":"2020-04-11T13:04:57","guid":{"rendered":"https:\/\/dev2.mgvpublications.com\/produkt\/twenty-four-hours-in-the-life-of-a-woman\/"},"modified":"2022-03-08T22:33:53","modified_gmt":"2022-03-08T21:33:53","slug":"twenty-four-hours-in-the-life-of-a-woman","status":"publish","type":"product","link":"https:\/\/mgvpublications.com\/de\/twenty-four-hours-in-the-life-of-a-woman\/","title":{"rendered":"Twenty-Four Hours in the Life of a Woman"},"content":{"rendered":"<div class=\"share-buttons section\"><\/div>\n<div class=\"section\">\n<div class=\"grid_3 alpha omega\">\n<table class=\"attribute\">\n<tbody>\n<tr>\n<td>Ver\u00f6fentlichung<\/td>\n<td>2018-10-20<\/td>\n<\/tr>\n<tr>\n<td>ISBN<\/td>\n<td>6057972323<\/td>\n<\/tr>\n<tr>\n<td>Druckauflage<\/td>\n<td>1. Bask\u0131<\/td>\n<\/tr>\n<tr>\n<td>Sprache<\/td>\n<td>\u0130NG\u0130L\u0130ZCE<\/td>\n<\/tr>\n<tr>\n<td>Seiten<\/td>\n<td>80<\/td>\n<\/tr>\n<tr>\n<td>Art<\/td>\n<td>Karton Kapak<\/td>\n<\/tr>\n<tr>\n<td>Papierart<\/td>\n<td>Kitap Ka\u011f\u0131d\u0131<\/td>\n<\/tr>\n<tr>\n<td>Ma\u00dfe<\/td>\n<td>13.5 x 19.5 cm<\/td>\n<\/tr>\n<\/tbody>\n<\/table>\n<\/div>\n<div class=\"clear\"><\/div>\n<\/div>","protected":false},"excerpt":{"rendered":"<div class=\"description\">\n<div id=\"description_text\">It traces a woman through a single day, but that day is simultaneously the most vividly wonderful and ultimately terrible of her life. She is an English widow who becomes mesmerised by the almost suicidally reckless gambling of a failed Polish diplomat one evening in Monte Carlo. From this first spark of interest, she is drawn into his troubled, unstable life.<\/div>\n<\/div>","protected":false},"featured_media":15815,"template":"","meta":{"spay_email":""},"product_cat":[167,234],"product_tag":[],"item":[822],"acf":[],"_links":{"self":[{"href":"https:\/\/mgvpublications.com\/de\/wp-json\/wp\/v2\/product\/11410"}],"collection":[{"href":"https:\/\/mgvpublications.com\/de\/wp-json\/wp\/v2\/product"}],"about":[{"href":"https:\/\/mgvpublications.com\/de\/wp-json\/wp\/v2\/types\/product"}],"wp:featuredmedia":[{"embeddable":true,"href":"https:\/\/mgvpublications.com\/de\/wp-json\/wp\/v2\/media\/15815"}],"wp:attachment":[{"href":"https:\/\/mgvpublications.com\/de\/wp-json\/wp\/v2\/media?parent=11410"}],"wp:term":[{"taxonomy":"product_cat","embeddable":true,"href":"https:\/\/mgvpublications.com\/de\/wp-json\/wp\/v2\/product_cat?post=11410"},{"taxonomy":"product_tag","embeddable":true,"href":"https:\/\/mgvpublications.com\/de\/wp-json\/wp\/v2\/product_tag?post=11410"},{"taxonomy":"item","embeddable":true,"href":"https:\/\/mgvpublications.com\/de\/wp-json\/wp\/v2\/item?post=11410"}],"curies":[{"name":"wp","href":"https:\/\/api.w.org\/{rel}","templated":true}]}}