{"id":11408,"date":"2020-04-11T15:01:56","date_gmt":"2020-04-11T13:01:56","guid":{"rendered":"https:\/\/dev2.mgvpublications.com\/produkt\/fantastic-night\/"},"modified":"2022-04-07T18:45:32","modified_gmt":"2022-04-07T16:45:32","slug":"fantastic-night","status":"publish","type":"product","link":"https:\/\/mgvpublications.com\/de\/fantastic-night\/","title":{"rendered":"Fantastic Night"},"content":{"rendered":"<div class=\"share-buttons section\"><\/div>\n<div class=\"section\">\n<div class=\"grid_3 alpha omega\">\n<table class=\"attribute\">\n<tbody>\n<tr>\n<td>Ver\u00f6fentlichung<\/td>\n<td>2018-09-11<\/td>\n<\/tr>\n<tr>\n<td>ISBN<\/td>\n<td>6057972163<\/td>\n<\/tr>\n<tr>\n<td>Druckauflage<\/td>\n<td>1. Bask\u0131<\/td>\n<\/tr>\n<tr>\n<td>Sprache<\/td>\n<td>\u0130NG\u0130L\u0130ZCE<\/td>\n<\/tr>\n<tr>\n<td>Seiten<\/td>\n<td>79<\/td>\n<\/tr>\n<tr>\n<td>Art<\/td>\n<td>Karton Kapak<\/td>\n<\/tr>\n<tr>\n<td>Papierart<\/td>\n<td>Kitap Ka\u011f\u0131d\u0131<\/td>\n<\/tr>\n<tr>\n<td>Ma\u00dfe<\/td>\n<td>13.5 x 19.5 cm<\/td>\n<\/tr>\n<\/tbody>\n<\/table>\n<\/div>\n<\/div>","protected":false},"excerpt":{"rendered":"<p>Zweig exquisitely skewers an almost lost culture of the Vienna between the wars. And he does so with the precision of a master short storyteller: concisely, intimately and dramatically. Immersed in his highly mannered world, you simply can\u2019t resist the sharply observed characters and crises of Fantastic Night.<\/p>","protected":false},"featured_media":11409,"template":"","meta":{"spay_email":""},"product_cat":[231,167],"product_tag":[],"item":[822],"acf":[],"_links":{"self":[{"href":"https:\/\/mgvpublications.com\/de\/wp-json\/wp\/v2\/product\/11408"}],"collection":[{"href":"https:\/\/mgvpublications.com\/de\/wp-json\/wp\/v2\/product"}],"about":[{"href":"https:\/\/mgvpublications.com\/de\/wp-json\/wp\/v2\/types\/product"}],"wp:featuredmedia":[{"embeddable":true,"href":"https:\/\/mgvpublications.com\/de\/wp-json\/wp\/v2\/media\/11409"}],"wp:attachment":[{"href":"https:\/\/mgvpublications.com\/de\/wp-json\/wp\/v2\/media?parent=11408"}],"wp:term":[{"taxonomy":"product_cat","embeddable":true,"href":"https:\/\/mgvpublications.com\/de\/wp-json\/wp\/v2\/product_cat?post=11408"},{"taxonomy":"product_tag","embeddable":true,"href":"https:\/\/mgvpublications.com\/de\/wp-json\/wp\/v2\/product_tag?post=11408"},{"taxonomy":"item","embeddable":true,"href":"https:\/\/mgvpublications.com\/de\/wp-json\/wp\/v2\/item?post=11408"}],"curies":[{"name":"wp","href":"https:\/\/api.w.org\/{rel}","templated":true}]}}