{"id":11406,"date":"2020-04-11T14:59:21","date_gmt":"2020-04-11T12:59:21","guid":{"rendered":"https:\/\/dev2.mgvpublications.com\/produkt\/the-burning-secret\/"},"modified":"2022-04-07T18:45:26","modified_gmt":"2022-04-07T16:45:26","slug":"the-burning-secret","status":"publish","type":"product","link":"https:\/\/mgvpublications.com\/de\/the-burning-secret\/","title":{"rendered":"The Burning Secret"},"content":{"rendered":"<p>&nbsp;<\/p>\n<div class=\"clear\"><\/div>\n<div class=\"section\">\n<div class=\"grid_3 alpha omega\">\n<table class=\"attribute\">\n<tbody>\n<tr>\n<td>Ver\u00f6fentlichung<\/td>\n<td>2017-11-10<\/td>\n<\/tr>\n<tr>\n<td>ISBN<\/td>\n<td>6052073216<\/td>\n<\/tr>\n<tr>\n<td>Druckauflage<\/td>\n<td>1. Bask\u0131<\/td>\n<\/tr>\n<tr>\n<td>Sprache<\/td>\n<td>\u0130NG\u0130L\u0130ZCE<\/td>\n<\/tr>\n<tr>\n<td>Seiten<\/td>\n<td>94<\/td>\n<\/tr>\n<tr>\n<td>Art<\/td>\n<td>Karton Kapak<\/td>\n<\/tr>\n<tr>\n<td>Papierart<\/td>\n<td>Kitap Ka\u011f\u0131d\u0131<\/td>\n<\/tr>\n<tr>\n<td>Ma\u00dfe<\/td>\n<td>13.5 x 19.5 cm<\/td>\n<\/tr>\n<\/tbody>\n<\/table>\n<\/div>\n<\/div>","protected":false},"excerpt":{"rendered":"<div class=\"description\">\n<div id=\"description_text\">The train, with a shrill whistle, pulled into Summering. For a moment the black coaches stood still in the silvery light of the uplands to eject a few vivid human figures and to swallow up others. Exacerbated voices called back and forth; then, with a puffing and a chugging and another shrill shriek, the dark train clattered into the opening of the tunnel, and once more the landscape stretched before the view unbroken in all its wide expanse, the background swept clean by the moist wind.<\/div>\n<\/div>","protected":false},"featured_media":15814,"template":"","meta":{"spay_email":""},"product_cat":[231],"product_tag":[],"item":[822],"acf":[],"_links":{"self":[{"href":"https:\/\/mgvpublications.com\/de\/wp-json\/wp\/v2\/product\/11406"}],"collection":[{"href":"https:\/\/mgvpublications.com\/de\/wp-json\/wp\/v2\/product"}],"about":[{"href":"https:\/\/mgvpublications.com\/de\/wp-json\/wp\/v2\/types\/product"}],"wp:featuredmedia":[{"embeddable":true,"href":"https:\/\/mgvpublications.com\/de\/wp-json\/wp\/v2\/media\/15814"}],"wp:attachment":[{"href":"https:\/\/mgvpublications.com\/de\/wp-json\/wp\/v2\/media?parent=11406"}],"wp:term":[{"taxonomy":"product_cat","embeddable":true,"href":"https:\/\/mgvpublications.com\/de\/wp-json\/wp\/v2\/product_cat?post=11406"},{"taxonomy":"product_tag","embeddable":true,"href":"https:\/\/mgvpublications.com\/de\/wp-json\/wp\/v2\/product_tag?post=11406"},{"taxonomy":"item","embeddable":true,"href":"https:\/\/mgvpublications.com\/de\/wp-json\/wp\/v2\/item?post=11406"}],"curies":[{"name":"wp","href":"https:\/\/api.w.org\/{rel}","templated":true}]}}