{"id":11351,"date":"2020-03-30T11:49:27","date_gmt":"2020-03-30T09:49:27","guid":{"rendered":"https:\/\/dev2.mgvpublications.com\/produkt\/hasan-el-benna\/"},"modified":"2022-03-08T22:33:52","modified_gmt":"2022-03-08T21:33:52","slug":"hasan-el-benna","status":"publish","type":"product","link":"https:\/\/mgvpublications.com\/de\/hasan-el-benna\/","title":{"rendered":"Hasan el-Benna"},"content":{"rendered":"<table class=\"attribute\">\n<tbody>\n<tr>\n<td>Ver\u00f6fentlichung<\/td>\n<td>2006-01-01<\/td>\n<\/tr>\n<tr>\n<td>ISBN<\/td>\n<td>9757105466<\/td>\n<\/tr>\n<tr>\n<td>Druckauflage<\/td>\n<td>13. Bask\u0131<\/td>\n<\/tr>\n<tr>\n<td>Sprache<\/td>\n<td>T\u00dcRK\u00c7E<\/td>\n<\/tr>\n<tr>\n<td>Seiten<\/td>\n<td>140<\/td>\n<\/tr>\n<tr>\n<td>Art<\/td>\n<td>Karton Kapak<\/td>\n<\/tr>\n<tr>\n<td>Papierart<\/td>\n<td>3. Hm. Ka\u011f\u0131t<\/td>\n<\/tr>\n<tr>\n<td>Ma\u00dfe<\/td>\n<td>12 x 19.5 cm<\/td>\n<\/tr>\n<\/tbody>\n<\/table>","protected":false},"excerpt":{"rendered":"<p>Bug\u00fcn, \u0130slam toplumlar\u0131n\u0131n i\u00e7inde bulundu\u011fu duruma bak\u0131ld\u0131\u011f\u0131nda, Benna gibi liderlerin de\u011feri daha iyi anla\u015f\u0131lmaktad\u0131r.<br \/>\n\u201c\u0130slam b\u00fct\u00fcn bir insanl\u0131k i\u00e7indir. Bir \u0131rka veya millete ait de\u011fildir.\u201d<\/p>","protected":false},"featured_media":11352,"template":"","meta":{"spay_email":""},"product_cat":[174,173],"product_tag":[],"item":[1355],"acf":[],"_links":{"self":[{"href":"https:\/\/mgvpublications.com\/de\/wp-json\/wp\/v2\/product\/11351"}],"collection":[{"href":"https:\/\/mgvpublications.com\/de\/wp-json\/wp\/v2\/product"}],"about":[{"href":"https:\/\/mgvpublications.com\/de\/wp-json\/wp\/v2\/types\/product"}],"wp:featuredmedia":[{"embeddable":true,"href":"https:\/\/mgvpublications.com\/de\/wp-json\/wp\/v2\/media\/11352"}],"wp:attachment":[{"href":"https:\/\/mgvpublications.com\/de\/wp-json\/wp\/v2\/media?parent=11351"}],"wp:term":[{"taxonomy":"product_cat","embeddable":true,"href":"https:\/\/mgvpublications.com\/de\/wp-json\/wp\/v2\/product_cat?post=11351"},{"taxonomy":"product_tag","embeddable":true,"href":"https:\/\/mgvpublications.com\/de\/wp-json\/wp\/v2\/product_tag?post=11351"},{"taxonomy":"item","embeddable":true,"href":"https:\/\/mgvpublications.com\/de\/wp-json\/wp\/v2\/item?post=11351"}],"curies":[{"name":"wp","href":"https:\/\/api.w.org\/{rel}","templated":true}]}}