{"id":11349,"date":"2020-03-30T11:45:38","date_gmt":"2020-03-30T09:45:38","guid":{"rendered":"https:\/\/dev2.mgvpublications.com\/produkt\/kuran-i-kerim-goekkusagi-renkli-mavi-cilt-muehuerlue\/"},"modified":"2022-03-08T22:33:52","modified_gmt":"2022-03-08T21:33:52","slug":"kuran-i-kerim-goekkusagi-renkli-mavi-cilt-muehuerlue","status":"publish","type":"product","link":"https:\/\/mgvpublications.com\/de\/kuran-i-kerim-goekkusagi-renkli-mavi-cilt-muehuerlue\/","title":{"rendered":"Kur\u2019an-\u0131 Kerim G\u00f6kku\u015fa\u011f\u0131 Renkli, Mavi Cilt (M\u00fch\u00fcrl\u00fc)"},"content":{"rendered":"<table class=\"attribute\">\n<tbody>\n<tr>\n<td>Derleyici:<\/td>\n<td><a href=\"https:\/\/www.kitapyurdu.com\/yazar\/kollektif-\/2273.html\" target=\"_blank\" rel=\"noopener\">Kollektif<\/a><\/td>\n<\/tr>\n<tr>\n<td>Ver\u00f6fentlichung<\/td>\n<td>2019-07-08<\/td>\n<\/tr>\n<tr>\n<td>ISBN<\/td>\n<td>0000012420<\/td>\n<\/tr>\n<tr>\n<td>Druckauflage<\/td>\n<td>1. Bask\u0131<\/td>\n<\/tr>\n<tr>\n<td>Sprache<\/td>\n<td>ARAP\u00c7A<\/td>\n<\/tr>\n<tr>\n<td>Seiten<\/td>\n<td>613<\/td>\n<\/tr>\n<tr>\n<td>Art<\/td>\n<td>Ciltli<\/td>\n<\/tr>\n<tr>\n<td>Papierart<\/td>\n<td>\u015eamuha Ka\u011f\u0131t<\/td>\n<\/tr>\n<tr>\n<td>Ma\u00dfe<\/td>\n<td>17 x 24 cm<\/td>\n<\/tr>\n<\/tbody>\n<\/table>","protected":false},"excerpt":{"rendered":"<p>Bu Kur\u2019an-\u0131 Kerim\u2019in Metni Diyanet \u0130\u015fleri Ba\u015fkanl\u0131\u011f\u0131 Mushaflar\u0131 \u0130nceleme ve K\u0131raat Kurulu Taraf\u0131ndan \u0130ncelenip Bas\u0131m\u0131na izin verilip m\u00fch\u00fcrlenmi\u015ftir. Haf\u0131z Osman Hatt\u0131na sad\u0131k kal\u0131narak Bilgisayar Ortam\u0131na aktar\u0131larak Haz\u0131rlanan Kur\u2019an-\u0131 Kerim\u2019i \u00c7ok Rahat Okuyabileceksiniz. Haf\u0131z Osman Hatt\u0131yla Yaz\u0131lm\u0131\u015f olan Mushaf-\u0131 \u015eerif\u2019in Tertibine uygun olarak Ayet Berkenar, Medd\u2019li Kas\u0131rl\u0131 ve Sayfa Tutar olarak Bilgisayar ortam\u0131nda haz\u0131rlanm\u0131\u015ft\u0131r. Kur\u2019an-\u0131 Kerim\u2019in Sayfa Numaras\u0131, sure ad\u0131 ve C\u00fcz Numaralar\u0131 sayfa kenar\u0131na T\u00fcrk\u00e7e Olarak Zemin Renklendirilip fihrist yap\u0131lm\u0131\u015ft\u0131r.<\/p>","protected":false},"featured_media":11350,"template":"","meta":{"spay_email":""},"product_cat":[174],"product_tag":[],"item":[717],"acf":[],"_links":{"self":[{"href":"https:\/\/mgvpublications.com\/de\/wp-json\/wp\/v2\/product\/11349"}],"collection":[{"href":"https:\/\/mgvpublications.com\/de\/wp-json\/wp\/v2\/product"}],"about":[{"href":"https:\/\/mgvpublications.com\/de\/wp-json\/wp\/v2\/types\/product"}],"wp:featuredmedia":[{"embeddable":true,"href":"https:\/\/mgvpublications.com\/de\/wp-json\/wp\/v2\/media\/11350"}],"wp:attachment":[{"href":"https:\/\/mgvpublications.com\/de\/wp-json\/wp\/v2\/media?parent=11349"}],"wp:term":[{"taxonomy":"product_cat","embeddable":true,"href":"https:\/\/mgvpublications.com\/de\/wp-json\/wp\/v2\/product_cat?post=11349"},{"taxonomy":"product_tag","embeddable":true,"href":"https:\/\/mgvpublications.com\/de\/wp-json\/wp\/v2\/product_tag?post=11349"},{"taxonomy":"item","embeddable":true,"href":"https:\/\/mgvpublications.com\/de\/wp-json\/wp\/v2\/item?post=11349"}],"curies":[{"name":"wp","href":"https:\/\/api.w.org\/{rel}","templated":true}]}}