{"id":11347,"date":"2020-03-30T11:41:52","date_gmt":"2020-03-30T09:41:52","guid":{"rendered":"https:\/\/dev2.mgvpublications.com\/produkt\/kuran-i-kerim-ve-tuerkce-anlami\/"},"modified":"2022-03-08T22:33:49","modified_gmt":"2022-03-08T21:33:49","slug":"kuran-i-kerim-ve-tuerkce-anlami","status":"publish","type":"product","link":"https:\/\/mgvpublications.com\/de\/kuran-i-kerim-ve-tuerkce-anlami\/","title":{"rendered":"Kur&#8217;an-\u0131 Kerim ve T\u00fcrk\u00e7e Anlam\u0131"},"content":{"rendered":"<table class=\"attribute\">\n<tbody>\n<tr>\n<td>Derleyici:<\/td>\n<td><a href=\"https:\/\/www.kitapyurdu.com\/yazar\/ali-bulac\/2325.html\" target=\"_blank\" rel=\"noopener\">Ali Bula\u00e7<\/a><\/td>\n<\/tr>\n<tr>\n<td>Ver\u00f6fentlichung<\/td>\n<td>2015-07-14<\/td>\n<\/tr>\n<tr>\n<td>ISBN<\/td>\n<td>6059853576<\/td>\n<\/tr>\n<tr>\n<td>Druckauflage<\/td>\n<td>8. Bask\u0131<\/td>\n<\/tr>\n<tr>\n<td>Sprache<\/td>\n<td>T\u00dcRK\u00c7E<\/td>\n<\/tr>\n<tr>\n<td>Seiten<\/td>\n<td>646<\/td>\n<\/tr>\n<tr>\n<td>Art<\/td>\n<td>Ciltli<\/td>\n<\/tr>\n<tr>\n<td>Papierart<\/td>\n<td>\u015eamuha Ka\u011f\u0131t<\/td>\n<\/tr>\n<tr>\n<td>Ma\u00dfe<\/td>\n<td>8.5 x 12 cm<\/td>\n<\/tr>\n<\/tbody>\n<\/table>","protected":false},"excerpt":{"rendered":"<div class=\"description\">\n<div id=\"description_text\">Kur\u2019an m\u00fcminler i\u00e7in bir rehber, bir klavuz ve g\u00f6n\u00fcllere \u015fifad\u0131r. Kur&#8217;an, \u015f\u00fcphesiz kelimenin en geni\u015f anlam\u0131yla ilahi mesaj\u0131 b\u00fct\u00fcn insanlar\u0131 muhatap alan bir Hidayet, Allah&#8217;tan bir \u00f6\u011f\u00fct ve hat\u0131rlatma Mev&#8217;\u0131za ve zikir, do\u011fruyu yanl\u0131\u015ftan, hakk\u0131n bat\u0131ldan ay\u0131ran Furkan, yol g\u00f6sterici ve ayd\u0131nlat\u0131c\u0131 bir nur, rahmet ve bir \u015eifa&#8217;d\u0131r. Tirmizi&#8217;nin S\u00fcneni&#8217;nde yer alan bir Hadis&#8217;te buyruldu\u011fu gibi: \u0130\u00e7inde Kur&#8217;an&#8217;dan bir \u015fey bulunmayan kimse harab olmu\u015f bir ev gibidir.<br \/>\nEntelekt\u00fcel birikimi ve yazd\u0131\u011f\u0131 kitaplarla ufkumuzu a\u00e7an Ali Bula\u00e7\u2019\u0131n haz\u0131rlam\u0131\u015f oldu\u011fu Kur\u2019an Meali metinli, cep boy ve 605 sayfadan olu\u015fmaktad\u0131r.<\/div>\n<\/div>","protected":false},"featured_media":11348,"template":"","meta":{"spay_email":""},"product_cat":[174],"product_tag":[],"item":[1321],"acf":[],"_links":{"self":[{"href":"https:\/\/mgvpublications.com\/de\/wp-json\/wp\/v2\/product\/11347"}],"collection":[{"href":"https:\/\/mgvpublications.com\/de\/wp-json\/wp\/v2\/product"}],"about":[{"href":"https:\/\/mgvpublications.com\/de\/wp-json\/wp\/v2\/types\/product"}],"wp:featuredmedia":[{"embeddable":true,"href":"https:\/\/mgvpublications.com\/de\/wp-json\/wp\/v2\/media\/11348"}],"wp:attachment":[{"href":"https:\/\/mgvpublications.com\/de\/wp-json\/wp\/v2\/media?parent=11347"}],"wp:term":[{"taxonomy":"product_cat","embeddable":true,"href":"https:\/\/mgvpublications.com\/de\/wp-json\/wp\/v2\/product_cat?post=11347"},{"taxonomy":"product_tag","embeddable":true,"href":"https:\/\/mgvpublications.com\/de\/wp-json\/wp\/v2\/product_tag?post=11347"},{"taxonomy":"item","embeddable":true,"href":"https:\/\/mgvpublications.com\/de\/wp-json\/wp\/v2\/item?post=11347"}],"curies":[{"name":"wp","href":"https:\/\/api.w.org\/{rel}","templated":true}]}}