{"id":11339,"date":"2020-12-02T15:43:53","date_gmt":"2020-12-02T14:43:53","guid":{"rendered":"https:\/\/dev2.mgvpublications.com\/produkt\/fahreddin-pasa-ve-medine-savunmasi\/"},"modified":"2022-03-08T22:33:49","modified_gmt":"2022-03-08T21:33:49","slug":"fahreddin-pasa-ve-medine-savunmasi","status":"publish","type":"product","link":"https:\/\/mgvpublications.com\/de\/fahreddin-pasa-ve-medine-savunmasi\/","title":{"rendered":"Fahreddin Pa\u015fa ve Medine Savunmas\u0131"},"content":{"rendered":"<p>Yay\u0131n Tarihi: 01.10.2018<br \/>ISBN: 9789753524827<br \/>Dil: T\u00dcRK\u00c7E<br \/>Sayfa Say\u0131s\u0131: 119<br \/>Cilt Tipi: Karton Kapak<br \/>Ka\u011f\u0131t Cinsi: Kitap Ka\u011f\u0131d\u0131<br \/>Boyut: 11.5 x 19 cm<\/p>","protected":false},"excerpt":{"rendered":"<p>Osmanl\u0131 \u0130mparatorlu\u011funun son y\u0131llar\u0131 ele al\u0131n\u0131rken \u00f6ne \u00e7\u0131kan komutanlardan \u00d6mer Fahreddin Pa\u015fa, Birinci D\u00fcnya Sava\u015f\u0131 y\u0131llar\u0131ndaki destans\u0131 Medine savunmas\u0131ndan dolay\u0131 tarih yaz\u0131m\u0131nda kahramanl\u0131\u011f\u0131 ile \u00f6ne \u00e7\u0131km\u0131\u015ft\u0131r. \u00dcmmet-i Muhammed\u2019in ruh d\u00fcnyas\u0131nda \u201cMedine M\u00fcdafii\u201d olarak yer edinmesi bundand\u0131r. Abdullah Y\u0131ld\u0131z, Fahreddin Pa\u015fa ve Medine Savunmas\u0131 adl\u0131 eserinde, Osmanl\u0131\u2019n\u0131n da\u011f\u0131lma s\u00fcrecinde d\u00fc\u015fmanlar\u0131nca dahi \u201c\u00e7\u00f6l kaplan\u0131\u201d yahut \u201ckaburgalar\u0131na kadar tam bir askerdir\u201d denilmek suretiyle kahramanl\u0131\u011f\u0131 kabul edilen Medine m\u00fcdafaas\u0131n\u0131n kumandan\u0131 Fahreddin Pa\u015fa\u2019y\u0131 anlat\u0131yor. Onun kahramanl\u0131\u011f\u0131n\u0131, manevi d\u00fcnyas\u0131n\u0131 kuran Hz. Peygamber (s.) muhabbeti ve hassasiyetleriyle birlikte ele al\u0131yor. Kitapta bu s\u00fcre\u00e7te ya\u015fanan siyasal ve diplomatik geli\u015fmeler kadar \u0130slam aleminin \u00e7\u00f6k\u00fc\u015f\u00fcne, buhran\u0131na ve par\u00e7alanmas\u0131na yol a\u00e7an fakt\u00f6rleri de inceleniyor. Medine m\u00fcdafaas\u0131 ile Anadolu\u2019nun istiklal ve dirili\u015f m\u00fccadelesini tutu\u015fturan k\u0131v\u0131lc\u0131m\u0131 birlikte ele alman\u0131n gerekti\u011fine de dikkat \u00e7ekiliyor. D\u00f6nemin panoramas\u0131n\u0131 daha iyi kavramak i\u00e7in mutlaka okunmas\u0131 gereken bir eser. Y\u0131ld\u0131z, sadece bir m\u00fcdafaay\u0131 anlatmakla kalm\u0131yor, Hz. Peygamber\u2019in \u201crahmet\u201d ve \u201ccihad\u201d anlay\u0131\u015f\u0131n\u0131 ilke edinen Fahreddin Pa\u015fa\u2019n\u0131n bug\u00fcn\u00fcn M\u00fcsl\u00fcman gen\u00e7 \u00f6nc\u00fclerine, \u00f6rnek alacaklar\u0131 g\u00fczel bir miras b\u0131rakt\u0131\u011f\u0131n\u0131 hat\u0131rlat\u0131yor.<\/p>","protected":false},"featured_media":19642,"template":"","meta":{"spay_email":""},"product_cat":[170],"product_tag":[],"item":[399],"acf":[],"_links":{"self":[{"href":"https:\/\/mgvpublications.com\/de\/wp-json\/wp\/v2\/product\/11339"}],"collection":[{"href":"https:\/\/mgvpublications.com\/de\/wp-json\/wp\/v2\/product"}],"about":[{"href":"https:\/\/mgvpublications.com\/de\/wp-json\/wp\/v2\/types\/product"}],"wp:featuredmedia":[{"embeddable":true,"href":"https:\/\/mgvpublications.com\/de\/wp-json\/wp\/v2\/media\/19642"}],"wp:attachment":[{"href":"https:\/\/mgvpublications.com\/de\/wp-json\/wp\/v2\/media?parent=11339"}],"wp:term":[{"taxonomy":"product_cat","embeddable":true,"href":"https:\/\/mgvpublications.com\/de\/wp-json\/wp\/v2\/product_cat?post=11339"},{"taxonomy":"product_tag","embeddable":true,"href":"https:\/\/mgvpublications.com\/de\/wp-json\/wp\/v2\/product_tag?post=11339"},{"taxonomy":"item","embeddable":true,"href":"https:\/\/mgvpublications.com\/de\/wp-json\/wp\/v2\/item?post=11339"}],"curies":[{"name":"wp","href":"https:\/\/api.w.org\/{rel}","templated":true}]}}