{"id":11337,"date":"2020-03-30T11:29:54","date_gmt":"2020-03-30T09:29:54","guid":{"rendered":"https:\/\/dev2.mgvpublications.com\/produkt\/tarih-bilinci\/"},"modified":"2022-03-08T22:33:49","modified_gmt":"2022-03-08T21:33:49","slug":"tarih-bilinci","status":"publish","type":"product","link":"https:\/\/mgvpublications.com\/de\/tarih-bilinci\/","title":{"rendered":"Tarih Bilinci"},"content":{"rendered":"<table class=\"attribute\">\n<tbody>\n<tr>\n<td>Ver\u00f6fentlichung<\/td>\n<td>2008-06-01<\/td>\n<\/tr>\n<tr>\n<td>ISBN<\/td>\n<td>9753522748<\/td>\n<\/tr>\n<tr>\n<td>Druckauflage<\/td>\n<td>1. Bask\u0131<\/td>\n<\/tr>\n<tr>\n<td>Sprache<\/td>\n<td>T\u00dcRK\u00c7E<\/td>\n<\/tr>\n<tr>\n<td>Seiten<\/td>\n<td>160<\/td>\n<\/tr>\n<tr>\n<td>Art<\/td>\n<td>Karton Kapak<\/td>\n<\/tr>\n<tr>\n<td>Papierart<\/td>\n<td>Kitap Ka\u011f\u0131d\u0131<\/td>\n<\/tr>\n<tr>\n<td>Ma\u00dfe<\/td>\n<td>11.5 x 19.5 cm<\/td>\n<\/tr>\n<\/tbody>\n<\/table>","protected":false},"excerpt":{"rendered":"<div id=\"description_text\" class=\"readmore-js-section readmore-js-expanded\">Bilinmelidir ki, insanlar\u0131n ve toplumlar\u0131n geleceklerini ilahi mesaja g\u00f6re \u015fekillendirmek, tarihin ak\u0131\u015f\u0131na vahiyle m\u00fcdahale etmek ancak ve ancak &#8220;Kur&#8217;ani tarih bilinci&#8221;ne sahip olmakla m\u00fcmk\u00fcn olacakt\u0131r. Gen\u00e7 \u00f6nc\u00fcler, Kur&#8217;an&#8217;dan \u00e7\u0131kar sa\u011flayacaklar\u0131 &#8220;tarih metodolojisi&#8221; sayesindedir ki; toplumlar\u0131n kaderine h\u00fckmeden tarihsel yasalar\u0131 yani &#8220;s\u00fcnnetullah\u0131&#8221;\u0131 \u00f6\u011frenip bug\u00fcn\u00fc arayabilir ve gelece\u011fe y\u00f6n verebilir. Emin olunmal\u0131d\u0131r ki, h\u00fcsran, kaos ve bunal\u0131m bata\u011f\u0131nda bo\u011f\u0131lmak \u00fczere olan \u00e7a\u011f\u0131m\u0131z\u0131n insanl\u0131k d\u00fcnyas\u0131na Kur&#8217;an&#8217;\u0131 bir can simidi olarak, bir hayat tarz\u0131 olarak sunabildi\u011fimiz takdirde gelecek \u0130slam&#8217;\u0131n olacakt\u0131r&#8230;<\/p>\n<p>Canl\u0131 ve dinamik bir ruhla okunan Kur&#8217;an, ink\u0131lap\u00e7\u0131 m\u00fccadelenin pratik sonu\u00e7lar\u0131yla her an y\u00fczy\u00fcze olan davet\u00e7i Gen\u00e7 \u00d6nc\u00fc&#8217;n\u00fcn yolunu ayd\u0131nlatacak, kar\u015f\u0131la\u015faca\u011f\u0131 problemleri \u00e7\u00f6zmek i\u00e7in gerekli basire, dirayet ve tarih bilincini ona kazand\u0131racakt\u0131r.<\/p><\/div>","protected":false},"featured_media":11338,"template":"","meta":{"spay_email":""},"product_cat":[174],"product_tag":[],"item":[399],"acf":[],"_links":{"self":[{"href":"https:\/\/mgvpublications.com\/de\/wp-json\/wp\/v2\/product\/11337"}],"collection":[{"href":"https:\/\/mgvpublications.com\/de\/wp-json\/wp\/v2\/product"}],"about":[{"href":"https:\/\/mgvpublications.com\/de\/wp-json\/wp\/v2\/types\/product"}],"wp:featuredmedia":[{"embeddable":true,"href":"https:\/\/mgvpublications.com\/de\/wp-json\/wp\/v2\/media\/11338"}],"wp:attachment":[{"href":"https:\/\/mgvpublications.com\/de\/wp-json\/wp\/v2\/media?parent=11337"}],"wp:term":[{"taxonomy":"product_cat","embeddable":true,"href":"https:\/\/mgvpublications.com\/de\/wp-json\/wp\/v2\/product_cat?post=11337"},{"taxonomy":"product_tag","embeddable":true,"href":"https:\/\/mgvpublications.com\/de\/wp-json\/wp\/v2\/product_tag?post=11337"},{"taxonomy":"item","embeddable":true,"href":"https:\/\/mgvpublications.com\/de\/wp-json\/wp\/v2\/item?post=11337"}],"curies":[{"name":"wp","href":"https:\/\/api.w.org\/{rel}","templated":true}]}}