{"id":11330,"date":"2020-03-30T11:19:39","date_gmt":"2020-03-30T09:19:39","guid":{"rendered":"https:\/\/dev2.mgvpublications.com\/produkt\/merakli-kedi-ciftlik-oeykueleri\/"},"modified":"2022-03-08T22:33:48","modified_gmt":"2022-03-08T21:33:48","slug":"merakli-kedi-ciftlik-oeykueleri","status":"publish","type":"product","link":"https:\/\/mgvpublications.com\/de\/merakli-kedi-ciftlik-oeykueleri\/","title":{"rendered":"Merakl\u0131 Kedi \/ \u00c7iftlik \u00d6yk\u00fcleri"},"content":{"rendered":"<table class=\"attribute\">\n<tbody>\n<tr>\n<td>\u00c7evirmen:<\/td>\n<td><a href=\"https:\/\/www.kitapyurdu.com\/yazar\/sevgi-atlihan\/49115.html\" target=\"_blank\" rel=\"noopener\">Sevgi Atl\u0131han<\/a><\/td>\n<\/tr>\n<tr>\n<td>Ver\u00f6fentlichung<\/td>\n<td>2019-05-29<\/td>\n<\/tr>\n<tr>\n<td>ISBN<\/td>\n<td>6053320241<\/td>\n<\/tr>\n<tr>\n<td>Druckauflage<\/td>\n<td>10. Bask\u0131<\/td>\n<\/tr>\n<tr>\n<td>Sprache<\/td>\n<td>T\u00dcRK\u00c7E<\/td>\n<\/tr>\n<tr>\n<td>Seiten<\/td>\n<td>16<\/td>\n<\/tr>\n<tr>\n<td>Art<\/td>\n<td>Karton Kapak<\/td>\n<\/tr>\n<tr>\n<td>Papierart<\/td>\n<td>Ku\u015fe Ka\u011f\u0131t<\/td>\n<\/tr>\n<tr>\n<td>Ma\u00dfe<\/td>\n<td>22 x 22 cm<\/td>\n<\/tr>\n<\/tbody>\n<\/table>","protected":false},"excerpt":{"rendered":"<p>Her \u015fey Hasan Amca\u2019n\u0131n \u00e7iftli\u011fe hayvan yemi getirmesiyle ba\u015flad\u0131.<br \/>\n\u00c7iftlik sakinleri Hasan Amca\u2019ya yard\u0131m ederken, yaramaz kedi yavrusu<br \/>\nTekir ortadan kayboldu. Her yere bakt\u0131lar, ama minik yavruyu bulamad\u0131lar.<br \/>\nAcaba yaramaz kedi nereye gitmi\u015f olabilir?<br \/>\nRenkli resimlerle s\u00fcslenmi\u015f harika bir maceran\u0131n anlat\u0131ld\u0131\u011f\u0131 bu e\u011flenceli kitap, okumay\u0131 yeni \u00f6\u011frenen ya da \u00f6\u011frenmeye \u00e7al\u0131\u015fan \u00e7ocuklar i\u00e7in haz\u0131rlanm\u0131\u015ft\u0131r. Ayr\u0131ca g\u00fczel \u00f6yk\u00fcleri seven minikler de bu kitaba bay\u0131lacakt\u0131r.<\/p>","protected":false},"featured_media":11331,"template":"","meta":{"spay_email":""},"product_cat":[172],"product_tag":[],"item":[336],"acf":[],"_links":{"self":[{"href":"https:\/\/mgvpublications.com\/de\/wp-json\/wp\/v2\/product\/11330"}],"collection":[{"href":"https:\/\/mgvpublications.com\/de\/wp-json\/wp\/v2\/product"}],"about":[{"href":"https:\/\/mgvpublications.com\/de\/wp-json\/wp\/v2\/types\/product"}],"wp:featuredmedia":[{"embeddable":true,"href":"https:\/\/mgvpublications.com\/de\/wp-json\/wp\/v2\/media\/11331"}],"wp:attachment":[{"href":"https:\/\/mgvpublications.com\/de\/wp-json\/wp\/v2\/media?parent=11330"}],"wp:term":[{"taxonomy":"product_cat","embeddable":true,"href":"https:\/\/mgvpublications.com\/de\/wp-json\/wp\/v2\/product_cat?post=11330"},{"taxonomy":"product_tag","embeddable":true,"href":"https:\/\/mgvpublications.com\/de\/wp-json\/wp\/v2\/product_tag?post=11330"},{"taxonomy":"item","embeddable":true,"href":"https:\/\/mgvpublications.com\/de\/wp-json\/wp\/v2\/item?post=11330"}],"curies":[{"name":"wp","href":"https:\/\/api.w.org\/{rel}","templated":true}]}}