{"id":11324,"date":"2020-03-30T11:13:14","date_gmt":"2020-03-30T09:13:14","guid":{"rendered":"https:\/\/dev2.mgvpublications.com\/produkt\/arkadasim-pilot-duenyayi-oegreniyorum\/"},"modified":"2022-05-19T11:50:14","modified_gmt":"2022-05-19T09:50:14","slug":"arkadasim-pilot-duenyayi-oegreniyorum","status":"publish","type":"product","link":"https:\/\/mgvpublications.com\/de\/arkadasim-pilot-duenyayi-oegreniyorum\/","title":{"rendered":"Arkada\u015f\u0131m Pilot \/ D\u00fcnyay\u0131 \u00d6\u011freniyorum"},"content":{"rendered":"<table class=\"attribute\">\n<tbody>\n<tr>\n<td>\u00c7evirmen:<\/td>\n<td><a href=\"https:\/\/www.kitapyurdu.com\/yazar\/ayca-sabuncuoglu\/6537.html\" target=\"_blank\" rel=\"noopener\">Ay\u00e7a Sabuncuo\u011flu<\/a><\/td>\n<\/tr>\n<tr>\n<td>Ver\u00f6fentlichung<\/td>\n<td>2019-08-29<\/td>\n<\/tr>\n<tr>\n<td>ISBN<\/td>\n<td>6053320494<\/td>\n<\/tr>\n<tr>\n<td>Druckauflage<\/td>\n<td>15. Bask\u0131<\/td>\n<\/tr>\n<tr>\n<td>Sprache<\/td>\n<td>T\u00dcRK\u00c7E<\/td>\n<\/tr>\n<tr>\n<td>Seiten<\/td>\n<td>24<\/td>\n<\/tr>\n<tr>\n<td>Art<\/td>\n<td>Karton Kapak<\/td>\n<\/tr>\n<tr>\n<td>Papierart<\/td>\n<td>Ku\u015fe Ka\u011f\u0131t<\/td>\n<\/tr>\n<tr>\n<td>Ma\u00dfe<\/td>\n<td>22 x 22 cm<\/td>\n<\/tr>\n<\/tbody>\n<\/table>","protected":false},"excerpt":{"rendered":"<p>G\u00fcn\u00fcm\u00fczde u\u00e7aklar sayesinde \u00e7ok uzak yerlere bile k\u0131sa s\u00fcrede gidebiliyoruz. Modern ya\u015fam\u0131n temel ara\u00e7lar\u0131ndan bir olarak kabul edilen u\u00e7aklar\u0131 kullanan pilotlar, uzun bir e\u011fitim s\u00fcrecinden ge\u00e7er.<br \/>\nHadi gidip pilotlar\u0131n nas\u0131l \u00e7al\u0131\u015ft\u0131\u011f\u0131n\u0131 g\u00f6relim.<\/p>","protected":false},"featured_media":11325,"template":"","meta":{"spay_email":""},"product_cat":[172],"product_tag":[],"item":[336],"acf":[],"_links":{"self":[{"href":"https:\/\/mgvpublications.com\/de\/wp-json\/wp\/v2\/product\/11324"}],"collection":[{"href":"https:\/\/mgvpublications.com\/de\/wp-json\/wp\/v2\/product"}],"about":[{"href":"https:\/\/mgvpublications.com\/de\/wp-json\/wp\/v2\/types\/product"}],"wp:featuredmedia":[{"embeddable":true,"href":"https:\/\/mgvpublications.com\/de\/wp-json\/wp\/v2\/media\/11325"}],"wp:attachment":[{"href":"https:\/\/mgvpublications.com\/de\/wp-json\/wp\/v2\/media?parent=11324"}],"wp:term":[{"taxonomy":"product_cat","embeddable":true,"href":"https:\/\/mgvpublications.com\/de\/wp-json\/wp\/v2\/product_cat?post=11324"},{"taxonomy":"product_tag","embeddable":true,"href":"https:\/\/mgvpublications.com\/de\/wp-json\/wp\/v2\/product_tag?post=11324"},{"taxonomy":"item","embeddable":true,"href":"https:\/\/mgvpublications.com\/de\/wp-json\/wp\/v2\/item?post=11324"}],"curies":[{"name":"wp","href":"https:\/\/api.w.org\/{rel}","templated":true}]}}