{"id":11322,"date":"2020-03-30T11:10:59","date_gmt":"2020-03-30T09:10:59","guid":{"rendered":"https:\/\/dev2.mgvpublications.com\/produkt\/ben-yapmadim\/"},"modified":"2022-03-08T22:33:48","modified_gmt":"2022-03-08T21:33:48","slug":"ben-yapmadim","status":"publish","type":"product","link":"https:\/\/mgvpublications.com\/de\/ben-yapmadim\/","title":{"rendered":"Ben Yapmad\u0131m!"},"content":{"rendered":"<table class=\"attribute\">\n<tbody>\n<tr>\n<td>\u00c7evirmen:<\/td>\n<td><a href=\"https:\/\/www.kitapyurdu.com\/yazar\/meltem-aydin\/178487.html\" target=\"_blank\" rel=\"noopener\">Meltem Ayd\u0131n<\/a><\/td>\n<\/tr>\n<tr>\n<td>Ver\u00f6fentlichung<\/td>\n<td>2019-05-29<\/td>\n<\/tr>\n<tr>\n<td>Orjinal Ad\u0131<\/td>\n<td>It Wasn\u2019t Me!<\/td>\n<\/tr>\n<tr>\n<td>ISBN<\/td>\n<td>6052956106<\/td>\n<\/tr>\n<tr>\n<td>Druckauflage<\/td>\n<td>4. Bask\u0131<\/td>\n<\/tr>\n<tr>\n<td>Sprache<\/td>\n<td>T\u00dcRK\u00c7E<\/td>\n<\/tr>\n<tr>\n<td>Seiten<\/td>\n<td>24<\/td>\n<\/tr>\n<tr>\n<td>Art<\/td>\n<td>Karton Kapak<\/td>\n<\/tr>\n<tr>\n<td>Papierart<\/td>\n<td>Ku\u015fe Ka\u011f\u0131t<\/td>\n<\/tr>\n<tr>\n<td>Ma\u00dfe<\/td>\n<td>25 x 25 cm<\/td>\n<\/tr>\n<\/tbody>\n<\/table>","protected":false},"excerpt":{"rendered":"<p>Su\u00e7u \u00fcstlenmek kolay de\u011fil!<br \/>\nYaramaz ikiz karde\u015fler Ozan ve Ela masay\u0131 da\u011f\u0131t\u0131p, merdiveni d\u00fc\u015f\u00fcr\u00fcp, \u00e7ikolatal\u0131 pastan\u0131n hepsini yediklerinde zavall\u0131 k\u00f6pekleri Pati\u2019yi su\u00e7lad\u0131lar.\u00a0 Ama anne ve babalar\u0131 bu durumdan \u015f\u00fcphelendiler&#8230; Ger\u00e7ek su\u00e7lular\u0131n ortaya \u00e7\u0131kmas\u0131 \u00e7ok uzun s\u00fcrmeyecekti.<\/p>","protected":false},"featured_media":11323,"template":"","meta":{"spay_email":""},"product_cat":[172],"product_tag":[],"item":[336],"acf":[],"_links":{"self":[{"href":"https:\/\/mgvpublications.com\/de\/wp-json\/wp\/v2\/product\/11322"}],"collection":[{"href":"https:\/\/mgvpublications.com\/de\/wp-json\/wp\/v2\/product"}],"about":[{"href":"https:\/\/mgvpublications.com\/de\/wp-json\/wp\/v2\/types\/product"}],"wp:featuredmedia":[{"embeddable":true,"href":"https:\/\/mgvpublications.com\/de\/wp-json\/wp\/v2\/media\/11323"}],"wp:attachment":[{"href":"https:\/\/mgvpublications.com\/de\/wp-json\/wp\/v2\/media?parent=11322"}],"wp:term":[{"taxonomy":"product_cat","embeddable":true,"href":"https:\/\/mgvpublications.com\/de\/wp-json\/wp\/v2\/product_cat?post=11322"},{"taxonomy":"product_tag","embeddable":true,"href":"https:\/\/mgvpublications.com\/de\/wp-json\/wp\/v2\/product_tag?post=11322"},{"taxonomy":"item","embeddable":true,"href":"https:\/\/mgvpublications.com\/de\/wp-json\/wp\/v2\/item?post=11322"}],"curies":[{"name":"wp","href":"https:\/\/api.w.org\/{rel}","templated":true}]}}