{"id":11320,"date":"2020-03-30T11:08:48","date_gmt":"2020-03-30T09:08:48","guid":{"rendered":"https:\/\/dev2.mgvpublications.com\/produkt\/uc-paytak-uc\/"},"modified":"2022-03-08T22:33:48","modified_gmt":"2022-03-08T21:33:48","slug":"uc-paytak-uc","status":"publish","type":"product","link":"https:\/\/mgvpublications.com\/de\/uc-paytak-uc\/","title":{"rendered":"U\u00e7, Paytak, U\u00e7"},"content":{"rendered":"<table class=\"attribute\">\n<tbody>\n<tr>\n<td>\u00c7evirmen:<\/td>\n<td><a href=\"https:\/\/www.kitapyurdu.com\/yazar\/sevgi-atlihan\/49115.html\" target=\"_blank\" rel=\"noopener\">Sevgi Atl\u0131han<\/a><\/td>\n<\/tr>\n<tr>\n<td>Ver\u00f6fentlichung<\/td>\n<td>2019-04-30<\/td>\n<\/tr>\n<tr>\n<td>Orjinal Ad\u0131<\/td>\n<td>Fly<\/td>\n<\/tr>\n<tr>\n<td>ISBN<\/td>\n<td>6053327981<\/td>\n<\/tr>\n<tr>\n<td>Druckauflage<\/td>\n<td>5. Bask\u0131<\/td>\n<\/tr>\n<tr>\n<td>Sprache<\/td>\n<td>T\u00dcRK\u00c7E<\/td>\n<\/tr>\n<tr>\n<td>Seiten<\/td>\n<td>22<\/td>\n<\/tr>\n<tr>\n<td>Art<\/td>\n<td>Karton Kapak<\/td>\n<\/tr>\n<tr>\n<td>Papierart<\/td>\n<td>Ku\u015fe Ka\u011f\u0131t<\/td>\n<\/tr>\n<tr>\n<td>Ma\u00dfe<\/td>\n<td>22 x 27 cm<\/td>\n<\/tr>\n<\/tbody>\n<\/table>","protected":false},"excerpt":{"rendered":"<p>Paytak, penguen olman\u0131n hi\u00e7 e\u011flenceli olmad\u0131\u011f\u0131n\u0131 d\u00fc\u015f\u00fcn\u00fcyordu. B\u00fct\u00fcn arkada\u015flar\u0131 u\u00e7maya\u00a0ba\u015flam\u0131\u015ft\u0131, ama o u\u00e7am\u0131yordu.<br \/>\nMinik okurlar, bu heyecanl\u0131 \u00f6yk\u00fcyle Paytak&#8217;\u0131n u\u00e7may\u0131 \u00f6\u011frenme ve penguen olman\u0131n keyiflerini ke\u015ffetme maceras\u0131na kat\u0131labilecekler.<\/p>","protected":false},"featured_media":11321,"template":"","meta":{"spay_email":""},"product_cat":[172],"product_tag":[],"item":[336],"acf":[],"_links":{"self":[{"href":"https:\/\/mgvpublications.com\/de\/wp-json\/wp\/v2\/product\/11320"}],"collection":[{"href":"https:\/\/mgvpublications.com\/de\/wp-json\/wp\/v2\/product"}],"about":[{"href":"https:\/\/mgvpublications.com\/de\/wp-json\/wp\/v2\/types\/product"}],"wp:featuredmedia":[{"embeddable":true,"href":"https:\/\/mgvpublications.com\/de\/wp-json\/wp\/v2\/media\/11321"}],"wp:attachment":[{"href":"https:\/\/mgvpublications.com\/de\/wp-json\/wp\/v2\/media?parent=11320"}],"wp:term":[{"taxonomy":"product_cat","embeddable":true,"href":"https:\/\/mgvpublications.com\/de\/wp-json\/wp\/v2\/product_cat?post=11320"},{"taxonomy":"product_tag","embeddable":true,"href":"https:\/\/mgvpublications.com\/de\/wp-json\/wp\/v2\/product_tag?post=11320"},{"taxonomy":"item","embeddable":true,"href":"https:\/\/mgvpublications.com\/de\/wp-json\/wp\/v2\/item?post=11320"}],"curies":[{"name":"wp","href":"https:\/\/api.w.org\/{rel}","templated":true}]}}