{"id":11312,"date":"2020-12-02T15:43:51","date_gmt":"2020-12-02T14:43:51","guid":{"rendered":"https:\/\/dev2.mgvpublications.com\/produkt\/ucan-suepuerge-iyi-yuerekli-cadi-ve-4-kafadar\/"},"modified":"2022-03-08T22:33:46","modified_gmt":"2022-03-08T21:33:46","slug":"ucan-suepuerge-iyi-yuerekli-cadi-ve-4-kafadar","status":"publish","type":"product","link":"https:\/\/mgvpublications.com\/de\/ucan-suepuerge-iyi-yuerekli-cadi-ve-4-kafadar\/","title":{"rendered":"U\u00e7an S\u00fcp\u00fcrge \u0130yi Y\u00fcrekli Cad\u0131 ve 4 Kafadar"},"content":{"rendered":"<p>\u00c7evirmen: Ali Berktay<br \/>Yay\u0131n Tarihi: 26.02.2022<br \/>Orijinal Ad\u0131: Room on the Broom<br \/>ISBN: 9786053326977<br \/>Dil: T\u00dcRK\u00c7E<br \/>Sayfa Say\u0131s\u0131: 32<br \/>Cilt Tipi: Karton Kapak<br \/>Ka\u011f\u0131t Cinsi: Ku\u015fe Ka\u011f\u0131t<br \/>Boyut: 21 x 27 cm<br \/>\u00c7izer: Axel Scheffler<\/p>","protected":false},"excerpt":{"rendered":"<p>O hep g\u00fclen bir cad\u0131yd\u0131, Bir de sarman kedisi vard\u0131 Upuzundu sivri \u015fapkas\u0131 S\u0131rt\u0131nda sallan\u0131rd\u0131 \u00d6rg\u00fcl\u00fc k\u0131z\u0131l sa\u00e7lar\u0131. Kedi m\u0131r\u0131l m\u0131r\u0131l m\u0131r\u0131ldad\u0131 Cad\u0131n\u0131n a\u011fz\u0131 kulaklar\u0131na vard\u0131 Oturup da s\u00fcp\u00fcrgenin \u00fcst\u00fcne U\u00e7tuklar\u0131nda r\u00fczg\u00e2r\u0131n \u00f6n\u00fcnde.<\/p>","protected":false},"featured_media":22573,"template":"","meta":{"spay_email":""},"product_cat":[172],"product_tag":[],"item":[336],"acf":[],"_links":{"self":[{"href":"https:\/\/mgvpublications.com\/de\/wp-json\/wp\/v2\/product\/11312"}],"collection":[{"href":"https:\/\/mgvpublications.com\/de\/wp-json\/wp\/v2\/product"}],"about":[{"href":"https:\/\/mgvpublications.com\/de\/wp-json\/wp\/v2\/types\/product"}],"wp:featuredmedia":[{"embeddable":true,"href":"https:\/\/mgvpublications.com\/de\/wp-json\/wp\/v2\/media\/22573"}],"wp:attachment":[{"href":"https:\/\/mgvpublications.com\/de\/wp-json\/wp\/v2\/media?parent=11312"}],"wp:term":[{"taxonomy":"product_cat","embeddable":true,"href":"https:\/\/mgvpublications.com\/de\/wp-json\/wp\/v2\/product_cat?post=11312"},{"taxonomy":"product_tag","embeddable":true,"href":"https:\/\/mgvpublications.com\/de\/wp-json\/wp\/v2\/product_tag?post=11312"},{"taxonomy":"item","embeddable":true,"href":"https:\/\/mgvpublications.com\/de\/wp-json\/wp\/v2\/item?post=11312"}],"curies":[{"name":"wp","href":"https:\/\/api.w.org\/{rel}","templated":true}]}}