{"id":11248,"date":"2020-03-29T16:29:01","date_gmt":"2020-03-29T14:29:01","guid":{"rendered":"https:\/\/dev2.mgvpublications.com\/produkt\/beni-ne-renk-sevdin-anne\/"},"modified":"2022-03-08T22:33:46","modified_gmt":"2022-03-08T21:33:46","slug":"beni-ne-renk-sevdin-anne","status":"publish","type":"product","link":"https:\/\/mgvpublications.com\/de\/beni-ne-renk-sevdin-anne\/","title":{"rendered":"Beni Ne Renk Sevdin Anne?"},"content":{"rendered":"<p>Yay\u0131n Tarihi: 05.09.2019<br \/>ISBN: 9786050829150<br \/>Dil: T\u00dcRK\u00c7E<br \/>Sayfa Say\u0131s\u0131: 36<br \/>Cilt Tipi: Karton Kapak<br \/>Ka\u011f\u0131t Cinsi: Kitap Ka\u011f\u0131d\u0131<br \/>Boyut: 26 x 26 cm<\/p>","protected":false},"excerpt":{"rendered":"<p>&#8220;Sevginin b\u00fcy\u00fckl\u00fc\u011f\u00fc nas\u0131l ifade edilir?&#8221; Bu sorunun cevab\u0131n\u0131 merakl\u0131 bir \u00e7ocu\u011fun renkli d\u00fcnyas\u0131nda ke\u015ffetmeye haz\u0131r m\u0131s\u0131n\u0131z? &#8220;Beni Ne Renk Sevdin Anne? annesinin kendisine olan sevgisinin b\u00fcy\u00fckl\u00fc\u011f\u00fcn\u00fc merak eden ve bunun cevab\u0131n\u0131 renklerin b\u00fcy\u00fcl\u00fc d\u00fcnyas\u0131nda arayan merakl\u0131 bir \u00e7ocu\u011fun \u00f6yk\u00fcs\u00fc. Sevginin reng\u00e2renk oldu\u011funu ve anne sevgisinin bir \u00e7ocu\u011fun hayal d\u00fcnyas\u0131nda bamba\u015fka bir yer ald\u0131\u011f\u0131n\u0131 g\u00f6steren bu s\u0131cac\u0131k \u00f6yk\u00fcy\u00fc keyifle okuyacaks\u0131n\u0131z&#8230;<\/p>","protected":false},"featured_media":20739,"template":"","meta":{"spay_email":""},"product_cat":[168],"product_tag":[],"item":[360],"acf":[],"_links":{"self":[{"href":"https:\/\/mgvpublications.com\/de\/wp-json\/wp\/v2\/product\/11248"}],"collection":[{"href":"https:\/\/mgvpublications.com\/de\/wp-json\/wp\/v2\/product"}],"about":[{"href":"https:\/\/mgvpublications.com\/de\/wp-json\/wp\/v2\/types\/product"}],"wp:featuredmedia":[{"embeddable":true,"href":"https:\/\/mgvpublications.com\/de\/wp-json\/wp\/v2\/media\/20739"}],"wp:attachment":[{"href":"https:\/\/mgvpublications.com\/de\/wp-json\/wp\/v2\/media?parent=11248"}],"wp:term":[{"taxonomy":"product_cat","embeddable":true,"href":"https:\/\/mgvpublications.com\/de\/wp-json\/wp\/v2\/product_cat?post=11248"},{"taxonomy":"product_tag","embeddable":true,"href":"https:\/\/mgvpublications.com\/de\/wp-json\/wp\/v2\/product_tag?post=11248"},{"taxonomy":"item","embeddable":true,"href":"https:\/\/mgvpublications.com\/de\/wp-json\/wp\/v2\/item?post=11248"}],"curies":[{"name":"wp","href":"https:\/\/api.w.org\/{rel}","templated":true}]}}