{"id":11246,"date":"2020-03-29T16:26:52","date_gmt":"2020-03-29T14:26:52","guid":{"rendered":"https:\/\/dev2.mgvpublications.com\/produkt\/oyun-oynayalim-mi\/"},"modified":"2022-03-08T22:33:46","modified_gmt":"2022-03-08T21:33:46","slug":"oyun-oynayalim-mi","status":"publish","type":"product","link":"https:\/\/mgvpublications.com\/de\/oyun-oynayalim-mi\/","title":{"rendered":"Oyun Oynayal\u0131m m\u0131?"},"content":{"rendered":"<p>\u00c7evirmen:\tGizem \u015eakar<br \/>\n\u00c7izer:\tHerve Tullet<br \/>\nYay\u0131n Tarihi\t2019-03-08<br \/>\nISBN\t6050830118<br \/>\nBask\u0131 Say\u0131s\u0131\t2. Bask\u0131<br \/>\nDil\tT\u00dcRK\u00c7E<br \/>\nSayfa Say\u0131s\u0131\t60<br \/>\nCilt Tipi\tKarton Kapak<br \/>\nKa\u011f\u0131t Cinsi\tKitap Ka\u011f\u0131d\u0131<br \/>\nBoyut\t22 x 22 cm<\/p>","protected":false},"excerpt":{"rendered":"<p>Bu sadece sar\u0131 bir nokta.<br \/>\nGer\u00e7ekten \u00f6yle mi?<br \/>\n\u00c7ocuklar bu ne\u015feli ve macerac\u0131 noktan\u0131n birlikte oyun oynama davetine kar\u015f\u0131 koyamayacaklar.<br \/>\nSanat ve e\u011flenceyle dolu muhte\u015fem bir renk, hareket, \u015fekil ve hayal yolculu\u011funa \u00e7\u0131kacaklar.<br \/>\nBu yolculukta yepyeni bir boyuta s\u0131\u00e7ramaya haz\u0131r olun:<br \/>\nDuygular! Sadece akl\u0131m\u0131za de\u011fil ayn\u0131 zamanda kalbimize de ba\u011flanan bu nokta, sayfalarda ilerlerken saklanarak, k\u0131vr\u0131larak, sallanarak ola\u011fan\u00fcst\u00fc bir mizah duygusunu, korkuyu, ne\u015feyi ve daha fazlas\u0131n\u0131 ifade edecek.<\/p>","protected":false},"featured_media":11247,"template":"","meta":{"spay_email":""},"product_cat":[172],"product_tag":[],"item":[360],"acf":[],"_links":{"self":[{"href":"https:\/\/mgvpublications.com\/de\/wp-json\/wp\/v2\/product\/11246"}],"collection":[{"href":"https:\/\/mgvpublications.com\/de\/wp-json\/wp\/v2\/product"}],"about":[{"href":"https:\/\/mgvpublications.com\/de\/wp-json\/wp\/v2\/types\/product"}],"wp:featuredmedia":[{"embeddable":true,"href":"https:\/\/mgvpublications.com\/de\/wp-json\/wp\/v2\/media\/11247"}],"wp:attachment":[{"href":"https:\/\/mgvpublications.com\/de\/wp-json\/wp\/v2\/media?parent=11246"}],"wp:term":[{"taxonomy":"product_cat","embeddable":true,"href":"https:\/\/mgvpublications.com\/de\/wp-json\/wp\/v2\/product_cat?post=11246"},{"taxonomy":"product_tag","embeddable":true,"href":"https:\/\/mgvpublications.com\/de\/wp-json\/wp\/v2\/product_tag?post=11246"},{"taxonomy":"item","embeddable":true,"href":"https:\/\/mgvpublications.com\/de\/wp-json\/wp\/v2\/item?post=11246"}],"curies":[{"name":"wp","href":"https:\/\/api.w.org\/{rel}","templated":true}]}}