{"id":11244,"date":"2020-03-29T16:25:01","date_gmt":"2020-03-29T14:25:01","guid":{"rendered":"https:\/\/dev2.mgvpublications.com\/produkt\/ses-cikaran-kitap\/"},"modified":"2022-04-02T17:32:34","modified_gmt":"2022-04-02T15:32:34","slug":"ses-cikaran-kitap","status":"publish","type":"product","link":"https:\/\/mgvpublications.com\/de\/ses-cikaran-kitap\/","title":{"rendered":"Ses \u00c7\u0131karan Kitap"},"content":{"rendered":"<p>\u00c7evirmen:\tGizem \u015eakar<br \/>\nYay\u0131n Tarihi\t2019-07-08<br \/>\nISBN\t6050830101<br \/>\nBask\u0131 Say\u0131s\u0131\t2. Bask\u0131<br \/>\nDil\tT\u00dcRK\u00c7E<br \/>\nSayfa Say\u0131s\u0131\t72<br \/>\nCilt Tipi\tKarton Kapak<br \/>\nKa\u011f\u0131t Cinsi\tKitap Ka\u011f\u0131d\u0131<br \/>\nBoyut\t22 x 22 cm<\/p>","protected":false},"excerpt":{"rendered":"<p>Bu kitap ses \u00e7\u0131kar\u0131yor: Parma\u011f\u0131n\u0131 sayfan\u0131n \u00fcst\u00fcne koy ve sesi \u00e7\u0131kar!<br \/>\nSesleri \u00e7\u0131kararak e\u011flenelim: Oo, Aa, Vay ve daha fazlas\u0131&#8230;<br \/>\nKonu\u015fmak, \u015fark\u0131 s\u00f6ylemek, nefes almak, kendini ifade etmek ve var olmak i\u00e7in hadi sesimizi kullanal\u0131m ve renkleri birer nota gibi okuyal\u0131m!<\/p>","protected":false},"featured_media":11245,"template":"","meta":{"spay_email":""},"product_cat":[172],"product_tag":[],"item":[360],"acf":[],"_links":{"self":[{"href":"https:\/\/mgvpublications.com\/de\/wp-json\/wp\/v2\/product\/11244"}],"collection":[{"href":"https:\/\/mgvpublications.com\/de\/wp-json\/wp\/v2\/product"}],"about":[{"href":"https:\/\/mgvpublications.com\/de\/wp-json\/wp\/v2\/types\/product"}],"wp:featuredmedia":[{"embeddable":true,"href":"https:\/\/mgvpublications.com\/de\/wp-json\/wp\/v2\/media\/11245"}],"wp:attachment":[{"href":"https:\/\/mgvpublications.com\/de\/wp-json\/wp\/v2\/media?parent=11244"}],"wp:term":[{"taxonomy":"product_cat","embeddable":true,"href":"https:\/\/mgvpublications.com\/de\/wp-json\/wp\/v2\/product_cat?post=11244"},{"taxonomy":"product_tag","embeddable":true,"href":"https:\/\/mgvpublications.com\/de\/wp-json\/wp\/v2\/product_tag?post=11244"},{"taxonomy":"item","embeddable":true,"href":"https:\/\/mgvpublications.com\/de\/wp-json\/wp\/v2\/item?post=11244"}],"curies":[{"name":"wp","href":"https:\/\/api.w.org\/{rel}","templated":true}]}}