{"id":11238,"date":"2020-03-29T16:10:51","date_gmt":"2020-03-29T14:10:51","guid":{"rendered":"https:\/\/dev2.mgvpublications.com\/produkt\/namaz-bir-tevhid-eylemi\/"},"modified":"2022-03-08T22:33:45","modified_gmt":"2022-03-08T21:33:45","slug":"namaz-bir-tevhid-eylemi","status":"publish","type":"product","link":"https:\/\/mgvpublications.com\/de\/namaz-bir-tevhid-eylemi\/","title":{"rendered":"Namaz \/ Bir Tevhid Eylemi"},"content":{"rendered":"<p>Yay\u0131n Tarihi\t2015-10-01<br \/>\nISBN\t9753520131<br \/>\nBask\u0131 Say\u0131s\u0131\t26. Bask\u0131<br \/>\nDil\tT\u00dcRK\u00c7E<br \/>\nSayfa Say\u0131s\u0131\t208<br \/>\nCilt Tipi\tKarton Kapak<br \/>\nKa\u011f\u0131t Cinsi\tKitap Ka\u011f\u0131d\u0131<br \/>\nBoyut\t13.5 x 21 cm<\/p>","protected":false},"excerpt":{"rendered":"<p>Namaz k\u0131lan bir m\u00fc&#8217;min, bir bak\u0131ma g\u00fcnde be\u015f kez muharebe meydan\u0131na \u00e7\u0131kmakta ve &#8216;Allah&#8217;u ekber&#8217; slogan\u0131n\u0131 dilinden d\u00fc\u015f\u00fcrmeyerek nefsiyle ve \u015eeytan&#8217;la k\u0131yas\u0131ya sava\u015fmaktad\u0131r. Zaten; ilahla\u015ft\u0131r\u0131lmaya meyyal olan nefisleri ayaklar alt\u0131na almadan, putla\u015ft\u0131r\u0131lan d\u00fcnyaya ve onun nimetlerine kar\u015f\u0131 ahireti tercih etmeden, \u015feytana ve onun askerlerine kin duymadan, Allah&#8217;\u0131n d\u0131\u015f\u0131nda ilahl\u0131k ve rabl\u0131k iddia eden b\u00fct\u00fcn otoriteleri reddetmeden k\u0131l\u0131nan namaz beyhudedir. &#8216;Yaln\u0131zca Allah&#8217;a ibadet edece\u011fine ve yaln\u0131zca O&#8217;ndan yard\u0131m dileyece\u011fine&#8217; dair s\u00f6z verdi\u011fi halde; sahte ilahlara kullukta bulunmaya, onlara alk\u0131\u015f tutmaya devam eden, Allah&#8217;\u0131n d\u0131\u015f\u0131ndaki fani varl\u0131klardan medet bekleyen kimse, havanda su d\u00f6v\u00fcyor demektir.&#8217;<\/p>","protected":false},"featured_media":11239,"template":"","meta":{"spay_email":""},"product_cat":[174],"product_tag":[],"item":[399],"acf":[],"_links":{"self":[{"href":"https:\/\/mgvpublications.com\/de\/wp-json\/wp\/v2\/product\/11238"}],"collection":[{"href":"https:\/\/mgvpublications.com\/de\/wp-json\/wp\/v2\/product"}],"about":[{"href":"https:\/\/mgvpublications.com\/de\/wp-json\/wp\/v2\/types\/product"}],"wp:featuredmedia":[{"embeddable":true,"href":"https:\/\/mgvpublications.com\/de\/wp-json\/wp\/v2\/media\/11239"}],"wp:attachment":[{"href":"https:\/\/mgvpublications.com\/de\/wp-json\/wp\/v2\/media?parent=11238"}],"wp:term":[{"taxonomy":"product_cat","embeddable":true,"href":"https:\/\/mgvpublications.com\/de\/wp-json\/wp\/v2\/product_cat?post=11238"},{"taxonomy":"product_tag","embeddable":true,"href":"https:\/\/mgvpublications.com\/de\/wp-json\/wp\/v2\/product_tag?post=11238"},{"taxonomy":"item","embeddable":true,"href":"https:\/\/mgvpublications.com\/de\/wp-json\/wp\/v2\/item?post=11238"}],"curies":[{"name":"wp","href":"https:\/\/api.w.org\/{rel}","templated":true}]}}