{"id":11234,"date":"2020-03-29T16:04:51","date_gmt":"2020-03-29T14:04:51","guid":{"rendered":"https:\/\/dev2.mgvpublications.com\/produkt\/insanlari-neye-davet-ediyoruz\/"},"modified":"2022-03-08T22:33:44","modified_gmt":"2022-03-08T21:33:44","slug":"insanlari-neye-davet-ediyoruz","status":"publish","type":"product","link":"https:\/\/mgvpublications.com\/de\/insanlari-neye-davet-ediyoruz\/","title":{"rendered":"\u0130nsanlar\u0131 Neye Davet Ediyoruz?"},"content":{"rendered":"<p>Yay\u0131n Tarihi\t2018-03-15<br \/>\nISBN\t6059102902<br \/>\nBask\u0131 Say\u0131s\u0131\t1. Bask\u0131<br \/>\nDil\tT\u00dcRK\u00c7E<br \/>\nSayfa Say\u0131s\u0131\t144<br \/>\nCilt Tipi\tKarton Kapak<br \/>\nKa\u011f\u0131t Cinsi\tKitap Ka\u011f\u0131d\u0131<br \/>\nBoyut\t13.5 x 21 cm<\/p>","protected":false},"excerpt":{"rendered":"<p>Bir gazeteci \u015eehit \u0130mam&#8217;a kim oldu\u011funu sorar ve kendisini insanlara anlatmas\u0131n\u0131 ve ki\u015fili\u011finden bahsetmesini ister. O da \u015f\u00f6yle der: Ben, ger\u00e7e\u011fi arayan bir gezginim. \u0130nsanlar aras\u0131nda insanl\u0131\u011f\u0131n anlam\u0131n\u0131 arayan bir insan\u0131m. \u0130sl\u00e2m&#8217;\u0131n tertemiz g\u00f6lgesinde vatan\u0131 i\u00e7in sayg\u0131nl\u0131k, \u00f6zg\u00fcrl\u00fck, istikrar ve g\u00fczel bir hayat isteyen bir vatanda\u015f\u0131m. Ben, varl\u0131\u011f\u0131n\u0131n s\u0131rr\u0131n\u0131 anlayan, her \u015feyden ilgisini kesip yaln\u0131z Allah&#8217;a y\u00f6nelen biriyim ve \u015f\u00f6yle sesleniyorum: Benim namaz\u0131m, ib\u00e2detlerim, hayat\u0131m ve \u00f6l\u00fcm\u00fcm \u00e2lemlerin Rabbi olan Allah i\u00e7indir. Onun orta\u011f\u0131 yoktur. Ben bununla emrolundum ve ben, M\u00fcsl\u00fcmanlardan\u0131m. Ben buyum, peki sen kimsin?<\/p>","protected":false},"featured_media":11235,"template":"","meta":{"spay_email":""},"product_cat":[174],"product_tag":[],"item":[428],"acf":[],"_links":{"self":[{"href":"https:\/\/mgvpublications.com\/de\/wp-json\/wp\/v2\/product\/11234"}],"collection":[{"href":"https:\/\/mgvpublications.com\/de\/wp-json\/wp\/v2\/product"}],"about":[{"href":"https:\/\/mgvpublications.com\/de\/wp-json\/wp\/v2\/types\/product"}],"wp:featuredmedia":[{"embeddable":true,"href":"https:\/\/mgvpublications.com\/de\/wp-json\/wp\/v2\/media\/11235"}],"wp:attachment":[{"href":"https:\/\/mgvpublications.com\/de\/wp-json\/wp\/v2\/media?parent=11234"}],"wp:term":[{"taxonomy":"product_cat","embeddable":true,"href":"https:\/\/mgvpublications.com\/de\/wp-json\/wp\/v2\/product_cat?post=11234"},{"taxonomy":"product_tag","embeddable":true,"href":"https:\/\/mgvpublications.com\/de\/wp-json\/wp\/v2\/product_tag?post=11234"},{"taxonomy":"item","embeddable":true,"href":"https:\/\/mgvpublications.com\/de\/wp-json\/wp\/v2\/item?post=11234"}],"curies":[{"name":"wp","href":"https:\/\/api.w.org\/{rel}","templated":true}]}}