{"id":11229,"date":"2020-03-29T15:50:44","date_gmt":"2020-03-29T13:50:44","guid":{"rendered":"https:\/\/dev2.mgvpublications.com\/produkt\/islam-ve-siyaset\/"},"modified":"2022-03-08T22:33:44","modified_gmt":"2022-03-08T21:33:44","slug":"islam-ve-siyaset","status":"publish","type":"product","link":"https:\/\/mgvpublications.com\/de\/islam-ve-siyaset\/","title":{"rendered":"\u0130slam ve Siyaset"},"content":{"rendered":"<p>\u00c7evirmen:\tGamze \u00d6zden<br \/>\nYay\u0131n Tarihi\t2016-11-25<br \/>\nISBN\t9754737073<br \/>\nBask\u0131 Say\u0131s\u0131\t1. Bask\u0131<br \/>\nDil\tT\u00dcRK\u00c7E<br \/>\nSayfa Say\u0131s\u0131\t96<br \/>\nCilt Tipi\tCiltli<br \/>\nKa\u011f\u0131t Cinsi\tKitap Ka\u011f\u0131d\u0131<br \/>\nBoyut\t14 x 17 cm<\/p>","protected":false},"excerpt":{"rendered":"<p>\u00c7evirmen: Gamze \u00d6zden Yay\u0131n Tarihi 2016-11-25 ISBN 9754737073 Bask\u0131 Say\u0131s\u0131 1. Bask\u0131 Dil T\u00dcRK\u00c7E Sayfa Say\u0131s\u0131 96 Cilt Tipi Ciltli Ka\u011f\u0131t Cinsi Kitap Ka\u011f\u0131d\u0131 Boyut 14 x 17 cm<\/p>","protected":false},"featured_media":11230,"template":"","meta":{"spay_email":""},"product_cat":[174],"product_tag":[],"item":[389],"acf":[],"_links":{"self":[{"href":"https:\/\/mgvpublications.com\/de\/wp-json\/wp\/v2\/product\/11229"}],"collection":[{"href":"https:\/\/mgvpublications.com\/de\/wp-json\/wp\/v2\/product"}],"about":[{"href":"https:\/\/mgvpublications.com\/de\/wp-json\/wp\/v2\/types\/product"}],"wp:featuredmedia":[{"embeddable":true,"href":"https:\/\/mgvpublications.com\/de\/wp-json\/wp\/v2\/media\/11230"}],"wp:attachment":[{"href":"https:\/\/mgvpublications.com\/de\/wp-json\/wp\/v2\/media?parent=11229"}],"wp:term":[{"taxonomy":"product_cat","embeddable":true,"href":"https:\/\/mgvpublications.com\/de\/wp-json\/wp\/v2\/product_cat?post=11229"},{"taxonomy":"product_tag","embeddable":true,"href":"https:\/\/mgvpublications.com\/de\/wp-json\/wp\/v2\/product_tag?post=11229"},{"taxonomy":"item","embeddable":true,"href":"https:\/\/mgvpublications.com\/de\/wp-json\/wp\/v2\/item?post=11229"}],"curies":[{"name":"wp","href":"https:\/\/api.w.org\/{rel}","templated":true}]}}