{"id":11227,"date":"2020-03-29T15:48:53","date_gmt":"2020-03-29T13:48:53","guid":{"rendered":"https:\/\/dev2.mgvpublications.com\/produkt\/on-ilkemiz\/"},"modified":"2022-09-08T15:22:40","modified_gmt":"2022-09-08T13:22:40","slug":"on-ilkemiz","status":"publish","type":"product","link":"https:\/\/mgvpublications.com\/de\/on-ilkemiz\/","title":{"rendered":"On \u0130lkemiz"},"content":{"rendered":"<p>\u00c7evirmen: Gamze \u00d6zden<br \/>Yay\u0131n Tarihi: 25.11.2016<br \/>ISBN: 9789754736991<br \/>Dil: ARAP\u00c7A,T\u00dcRK\u00c7E<br \/>Sayfa Say\u0131s\u0131: 96<br \/>Cilt Tipi: Ciltli<br \/>Ka\u011f\u0131t Cinsi: Kitap Ka\u011f\u0131d\u0131<br \/>Boyut: 12 x 17 cm<\/p>","protected":false},"excerpt":{"rendered":"<p>\u00c7evirmen: Gamze \u00d6zdenYay\u0131n Tarihi: 25.11.2016ISBN: 9789754736991Dil: ARAP\u00c7A,T\u00dcRK\u00c7ESayfa Say\u0131s\u0131: 96Cilt Tipi: CiltliKa\u011f\u0131t Cinsi: Kitap Ka\u011f\u0131d\u0131Boyut: 12 x 17 cm<\/p>","protected":false},"featured_media":23249,"template":"","meta":{"spay_email":""},"product_cat":[169],"product_tag":[],"item":[389],"acf":[],"_links":{"self":[{"href":"https:\/\/mgvpublications.com\/de\/wp-json\/wp\/v2\/product\/11227"}],"collection":[{"href":"https:\/\/mgvpublications.com\/de\/wp-json\/wp\/v2\/product"}],"about":[{"href":"https:\/\/mgvpublications.com\/de\/wp-json\/wp\/v2\/types\/product"}],"wp:featuredmedia":[{"embeddable":true,"href":"https:\/\/mgvpublications.com\/de\/wp-json\/wp\/v2\/media\/23249"}],"wp:attachment":[{"href":"https:\/\/mgvpublications.com\/de\/wp-json\/wp\/v2\/media?parent=11227"}],"wp:term":[{"taxonomy":"product_cat","embeddable":true,"href":"https:\/\/mgvpublications.com\/de\/wp-json\/wp\/v2\/product_cat?post=11227"},{"taxonomy":"product_tag","embeddable":true,"href":"https:\/\/mgvpublications.com\/de\/wp-json\/wp\/v2\/product_tag?post=11227"},{"taxonomy":"item","embeddable":true,"href":"https:\/\/mgvpublications.com\/de\/wp-json\/wp\/v2\/item?post=11227"}],"curies":[{"name":"wp","href":"https:\/\/api.w.org\/{rel}","templated":true}]}}