{"id":11225,"date":"2020-03-29T15:45:43","date_gmt":"2020-03-29T13:45:43","guid":{"rendered":"https:\/\/dev2.mgvpublications.com\/produkt\/fikih-risalesi-iki-dil-bir-kitap-arapca-tuerkce\/"},"modified":"2022-09-08T15:23:07","modified_gmt":"2022-09-08T13:23:07","slug":"fikih-risalesi-iki-dil-bir-kitap-arapca-tuerkce","status":"publish","type":"product","link":"https:\/\/mgvpublications.com\/de\/fikih-risalesi-iki-dil-bir-kitap-arapca-tuerkce\/","title":{"rendered":"F\u0131k\u0131h Risalesi (\u0130ki Dil Bir Kitap &#8211; Arap\u00e7a-T\u00fcrk\u00e7e)"},"content":{"rendered":"<p>Yay\u0131n Tarihi\t2018-10-11<br \/>\nISBN\t9754738414<br \/>\nBask\u0131 Say\u0131s\u0131\t1. Bask\u0131<br \/>\nDil\tARAP\u00c7A,T\u00dcRK\u00c7E<br \/>\nSayfa Say\u0131s\u0131\t256<br \/>\nCilt Tipi\tCiltli<br \/>\nKa\u011f\u0131t Cinsi\tKitap Ka\u011f\u0131d\u0131<br \/>\nBoyut\t12 x 17 cm<\/p>","protected":false},"excerpt":{"rendered":"<p>\u0130ki Dil Bir Kitap-Arap\u00e7a T\u00fcrk\u00e7e serisinden yay\u0131nlanan bu kitap, Hasan el-Benna taraf\u0131ndan haz\u0131rlanan ve f\u0131kh\u0131n temel konular\u0131n\u0131n anlat\u0131ld\u0131\u011f\u0131 bir risalenin terc\u00fcmesinden olu\u015fmaktad\u0131r. Arap\u00e7a orijinali ile birlikte yay\u0131nlanm\u0131\u015ft\u0131r.<\/p>","protected":false},"featured_media":11226,"template":"","meta":{"spay_email":""},"product_cat":[174],"product_tag":[],"item":[389],"acf":[],"_links":{"self":[{"href":"https:\/\/mgvpublications.com\/de\/wp-json\/wp\/v2\/product\/11225"}],"collection":[{"href":"https:\/\/mgvpublications.com\/de\/wp-json\/wp\/v2\/product"}],"about":[{"href":"https:\/\/mgvpublications.com\/de\/wp-json\/wp\/v2\/types\/product"}],"wp:featuredmedia":[{"embeddable":true,"href":"https:\/\/mgvpublications.com\/de\/wp-json\/wp\/v2\/media\/11226"}],"wp:attachment":[{"href":"https:\/\/mgvpublications.com\/de\/wp-json\/wp\/v2\/media?parent=11225"}],"wp:term":[{"taxonomy":"product_cat","embeddable":true,"href":"https:\/\/mgvpublications.com\/de\/wp-json\/wp\/v2\/product_cat?post=11225"},{"taxonomy":"product_tag","embeddable":true,"href":"https:\/\/mgvpublications.com\/de\/wp-json\/wp\/v2\/product_tag?post=11225"},{"taxonomy":"item","embeddable":true,"href":"https:\/\/mgvpublications.com\/de\/wp-json\/wp\/v2\/item?post=11225"}],"curies":[{"name":"wp","href":"https:\/\/api.w.org\/{rel}","templated":true}]}}