{"id":11210,"date":"2020-03-29T01:11:32","date_gmt":"2020-03-29T00:11:32","guid":{"rendered":"https:\/\/dev2.mgvpublications.com\/produkt\/ugur-boecegi-uc-uc-lusi\/"},"modified":"2022-03-08T22:33:43","modified_gmt":"2022-03-08T21:33:43","slug":"ugur-boecegi-uc-uc-lusi","status":"publish","type":"product","link":"https:\/\/mgvpublications.com\/de\/ugur-boecegi-uc-uc-lusi\/","title":{"rendered":"U\u011fur B\u00f6ce\u011fi U\u00e7 U\u00e7 Lusi"},"content":{"rendered":"<p>\u00c7evirmen:\tAli Berktay<br \/>\nYay\u0131n Tarihi\t2019-03-15<br \/>\nOrjinal Ad\u0131\tLucy Lady Bird<br \/>\nISBN\t6052950418<br \/>\nBask\u0131 Say\u0131s\u0131\t6. Bask\u0131<br \/>\nDil\tT\u00dcRK\u00c7E<br \/>\nSayfa Say\u0131s\u0131\t32<br \/>\nCilt Tipi\tKarton Kapak<br \/>\nKa\u011f\u0131t Cinsi\tKu\u015fe Ka\u011f\u0131t<br \/>\nBoyut\t25.5 x 25.5 cm<\/p>","protected":false},"excerpt":{"rendered":"<p>U\u011eUR B\u00d6CE\u011e\u0130 U\u00c7 U\u00c7 LUS\u0130\u2019nin s\u0131rt\u0131nda hi\u00e7 benek yoktu! Ama k\u00fc\u00e7\u00fck Lusi de di\u011fer karde\u015fleri gibi olmak, s\u0131rt\u0131nda g\u00fczel benekleriyle u\u00e7mak istiyordu. Renkler ve mevsimleri anlat\u0131rken i\u00e7inizi \u0131s\u0131tacak bir kitap! \u00dcstelik sonunda da b\u00fcy\u00fck bir s\u00fcrpriz var!<\/p>","protected":false},"featured_media":11211,"template":"","meta":{"spay_email":""},"product_cat":[172],"product_tag":[],"item":[336],"acf":[],"_links":{"self":[{"href":"https:\/\/mgvpublications.com\/de\/wp-json\/wp\/v2\/product\/11210"}],"collection":[{"href":"https:\/\/mgvpublications.com\/de\/wp-json\/wp\/v2\/product"}],"about":[{"href":"https:\/\/mgvpublications.com\/de\/wp-json\/wp\/v2\/types\/product"}],"wp:featuredmedia":[{"embeddable":true,"href":"https:\/\/mgvpublications.com\/de\/wp-json\/wp\/v2\/media\/11211"}],"wp:attachment":[{"href":"https:\/\/mgvpublications.com\/de\/wp-json\/wp\/v2\/media?parent=11210"}],"wp:term":[{"taxonomy":"product_cat","embeddable":true,"href":"https:\/\/mgvpublications.com\/de\/wp-json\/wp\/v2\/product_cat?post=11210"},{"taxonomy":"product_tag","embeddable":true,"href":"https:\/\/mgvpublications.com\/de\/wp-json\/wp\/v2\/product_tag?post=11210"},{"taxonomy":"item","embeddable":true,"href":"https:\/\/mgvpublications.com\/de\/wp-json\/wp\/v2\/item?post=11210"}],"curies":[{"name":"wp","href":"https:\/\/api.w.org\/{rel}","templated":true}]}}