{"id":11204,"date":"2020-03-29T01:04:02","date_gmt":"2020-03-29T00:04:02","guid":{"rendered":"https:\/\/dev2.mgvpublications.com\/produkt\/yayazula\/"},"modified":"2022-03-08T22:33:43","modified_gmt":"2022-03-08T21:33:43","slug":"yayazula","status":"publish","type":"product","link":"https:\/\/mgvpublications.com\/de\/yayazula\/","title":{"rendered":"Yayazula"},"content":{"rendered":"<p>\u00c7evirmen:\tAli Berktay<br \/>\n\u00c7izer:\tAxel Scheffler<br \/>\nYay\u0131n Tarihi\t2019-08-01<br \/>\nOrjinal Ad\u0131\tThe Gruffalo<br \/>\nISBN\t6053326960<br \/>\nBask\u0131 Say\u0131s\u0131\t11. Bask\u0131<br \/>\nDil\tT\u00dcRK\u00c7E<br \/>\nSayfa Say\u0131s\u0131\t32<br \/>\nCilt Tipi\tKarton Kapak<br \/>\nKa\u011f\u0131t Cinsi\tKu\u015fe Ka\u011f\u0131t<br \/>\nBoyut\t21 x 27 cm<\/p>","protected":false},"excerpt":{"rendered":"<p>\u201cMinik f\u0131nd\u0131k faresi gezintiye \u00e7\u0131kt\u0131<br \/>\nKaranl\u0131k orman\u0131n i\u00e7inde.<br \/>\nTilki g\u00f6rd\u00fc fareyi<br \/>\nMmm, dedi, \u015funu indirsem mideye.\u201d<br \/>\nKaranl\u0131k orman\u0131n i\u00e7inde biraz daha ilerle, tak\u0131l cin gibi zeki farenin pe\u015fine, g\u00f6r bak ba\u015f\u0131na neler gelecek, bayku\u015fla, y\u0131lanla ve karn\u0131 ac\u0131km\u0131\u015f yayazula ile nas\u0131l ba\u015f edecek\u2026<\/p>","protected":false},"featured_media":11205,"template":"","meta":{"spay_email":""},"product_cat":[172],"product_tag":[],"item":[336],"acf":[],"_links":{"self":[{"href":"https:\/\/mgvpublications.com\/de\/wp-json\/wp\/v2\/product\/11204"}],"collection":[{"href":"https:\/\/mgvpublications.com\/de\/wp-json\/wp\/v2\/product"}],"about":[{"href":"https:\/\/mgvpublications.com\/de\/wp-json\/wp\/v2\/types\/product"}],"wp:featuredmedia":[{"embeddable":true,"href":"https:\/\/mgvpublications.com\/de\/wp-json\/wp\/v2\/media\/11205"}],"wp:attachment":[{"href":"https:\/\/mgvpublications.com\/de\/wp-json\/wp\/v2\/media?parent=11204"}],"wp:term":[{"taxonomy":"product_cat","embeddable":true,"href":"https:\/\/mgvpublications.com\/de\/wp-json\/wp\/v2\/product_cat?post=11204"},{"taxonomy":"product_tag","embeddable":true,"href":"https:\/\/mgvpublications.com\/de\/wp-json\/wp\/v2\/product_tag?post=11204"},{"taxonomy":"item","embeddable":true,"href":"https:\/\/mgvpublications.com\/de\/wp-json\/wp\/v2\/item?post=11204"}],"curies":[{"name":"wp","href":"https:\/\/api.w.org\/{rel}","templated":true}]}}