{"id":11194,"date":"2020-03-29T00:52:21","date_gmt":"2020-03-28T23:52:21","guid":{"rendered":"https:\/\/dev2.mgvpublications.com\/produkt\/sekiz-deniz-yaylasi-gueclue-tuerkiye-gueclue-boelge\/"},"modified":"2022-03-08T22:33:41","modified_gmt":"2022-03-08T21:33:41","slug":"sekiz-deniz-yaylasi-gueclue-tuerkiye-gueclue-boelge","status":"publish","type":"product","link":"https:\/\/mgvpublications.com\/de\/sekiz-deniz-yaylasi-gueclue-tuerkiye-gueclue-boelge\/","title":{"rendered":"Sekiz Deniz Yaylas\u0131 G\u00fc\u00e7l\u00fc T\u00fcrkiye G\u00fc\u00e7l\u00fc B\u00f6lge"},"content":{"rendered":"<p>Yay\u0131n Tarihi\t2016-07-28<br \/>\nISBN\t6053204527<br \/>\nBask\u0131 Say\u0131s\u0131\t1. Bask\u0131<br \/>\nDil\tT\u00dcRK\u00c7E<br \/>\nSayfa Say\u0131s\u0131\t240<br \/>\nCilt Tipi\tKarton Kapak<br \/>\nKa\u011f\u0131t Cinsi\tKitap Ka\u011f\u0131d\u0131<br \/>\nBoyut\t13.5 x 21.5 cm<\/p>","protected":false},"excerpt":{"rendered":"<p>Tarihimizde, bug\u00fcn ya\u015fad\u0131klar\u0131m\u0131za benzer s\u0131k\u0131nt\u0131l\u0131 d\u00f6nemler \u00e7ok olmu\u015ftur. Ancak bu t\u00fcr d\u00f6nemlerden hep kendi \u00f6z\u00fcm\u00fcze d\u00f6nerek, kendi ilkelerimize inan\u0131p onlar\u0131 \u00fcst\u00fcn tutarak, s\u00f6ylediklerimizin arkas\u0131nda dirayetle durarak, birlik ve beraberlik i\u00e7erisinde \u00e7al\u0131\u015farak \u00e7\u0131km\u0131\u015f\u0131zd\u0131r. \u0130\u015fte bug\u00fcn de &#8220;b\u00fcy\u00fck \u00e7\u0131k\u0131\u015f&#8221; bu \u00e7er\u00e7eve i\u00e7erisinde ger\u00e7ekle\u015fecektir.<\/p>\n<p>\u00dclkemiz, b\u00f6lgede k\u00fcresel bir vizyon ortaya koyabilecek m\u00fcktesebata ve kabiliyete sahip bir \u00fclkedir. B\u00f6lgedeki b\u00fct\u00fcn \u00fclkelerle ortak ge\u00e7mi\u015fi olan bir \u00fclkedir. Y\u00fczy\u0131llarca b\u00f6lgede izzet, bar\u0131\u015f ve adalete hizmet etmi\u015f bir \u00fclkedir.<\/p>\n<p>Yap\u0131lmas\u0131 gerekenlerin ba\u015f\u0131nda, \u00f6ze d\u00f6n\u00fc\u015f ve kendi medeniyet m\u00fcktesebat\u0131m\u0131z\u0131<br \/>\nsahiplenmek gelir. Milletimiz as\u0131rlar boyu b\u00fct\u00fcn insanl\u0131\u011f\u0131n saadeti i\u00e7in en b\u00fcy\u00fck<br \/>\nhizmetleri yapm\u0131\u015f ve insanl\u0131\u011fa en b\u00fcy\u00fck katk\u0131lar\u0131 sa\u011flam\u0131\u015ft\u0131r. Do\u011frunun, iyi ve g\u00fczelin, faydal\u0131n\u0131n ve adil olan\u0131n h\u00e2kim olmas\u0131 i\u00e7in canla ba\u015fla \u00e7al\u0131\u015fm\u0131\u015ft\u0131r. \u00c7\u00fcnk\u00fc iyi insan olmak i\u00e7in herkesin iyili\u011fini istemek ve bu yolda gayretle \u00e7al\u0131\u015fmak gereklidir.<\/p>\n<p>B\u00f6lgemizdeki halklar y\u00fczy\u0131llarca huzur ve ban\u015f i\u00e7erisinde ya\u015fam\u0131\u015flard\u0131. Ge\u00e7mi\u015fte bu<br \/>\nhuzur ve ban\u015fr bozan etkiler hep d\u0131\u015fandan gelen k\u0131\u015fk\u0131rtmalar ile olu\u015fmu\u015ftur. Bunlar\u0131n ba\u015f\u0131nda d\u0131\u015far\u0131dan te\u015fekk\u00fcl ettirilen ha\u00e7l\u0131 seferleri gelir. Bu gibi d\u0131\u015far\u0131dan beslenen m\u00fcdahaleleri saymaz isek, b\u00f6lge halklar\u0131 onlarca y\u00fczy\u0131l huzur ve bar\u0131\u015f i\u00e7erisinde birlikte ya\u015famas\u0131n\u0131 bilen ve bu u\u011furda fedak\u00e2rl\u0131k yapabilen halklard\u0131r.<\/p>\n<p>Yirminci y\u00fczy\u0131l boyunca ya\u015fanan s\u0131k\u0131nt\u0131lar bize, insano\u011flunun saadeti i\u00e7in art\u0131k baz\u0131<br \/>\ntemel ad\u0131mlar\u0131n at\u0131lmas\u0131 gere\u011fini a\u015fik\u00e2ren g\u00f6stermi\u015ftir. Ba\u015fta \u00fclkemiz, b\u00f6lgemiz ve t\u00fcm d\u00fcnyan\u0131n ad\u0131l bu \u015fekilde yeniden yap\u0131land\u0131r\u0131lmas\u0131n\u0131 istiyorsak, bunu ba\u015fkalar\u0131ndan bekleyemeyiz.<\/p>\n<p>Hi\u00e7 kimsenin bizim i\u015fimizi bizim i\u00e7in yapmas\u0131n\u0131 bekleyemeyiz. Bir karar verip, o karar do\u011frultusunda azimle \u00e7al\u0131\u015fmak mecburiyetindeyiz. Bunu yapabildi\u011fi takdirde \u00fclkemizin ve b\u00f6lgemizin \u00f6n\u00fcnde durabilecek hi\u00e7bir kuvvet yoktur.<\/p>","protected":false},"featured_media":11195,"template":"","meta":{"spay_email":""},"product_cat":[173],"product_tag":[],"item":[769],"acf":[],"_links":{"self":[{"href":"https:\/\/mgvpublications.com\/de\/wp-json\/wp\/v2\/product\/11194"}],"collection":[{"href":"https:\/\/mgvpublications.com\/de\/wp-json\/wp\/v2\/product"}],"about":[{"href":"https:\/\/mgvpublications.com\/de\/wp-json\/wp\/v2\/types\/product"}],"wp:featuredmedia":[{"embeddable":true,"href":"https:\/\/mgvpublications.com\/de\/wp-json\/wp\/v2\/media\/11195"}],"wp:attachment":[{"href":"https:\/\/mgvpublications.com\/de\/wp-json\/wp\/v2\/media?parent=11194"}],"wp:term":[{"taxonomy":"product_cat","embeddable":true,"href":"https:\/\/mgvpublications.com\/de\/wp-json\/wp\/v2\/product_cat?post=11194"},{"taxonomy":"product_tag","embeddable":true,"href":"https:\/\/mgvpublications.com\/de\/wp-json\/wp\/v2\/product_tag?post=11194"},{"taxonomy":"item","embeddable":true,"href":"https:\/\/mgvpublications.com\/de\/wp-json\/wp\/v2\/item?post=11194"}],"curies":[{"name":"wp","href":"https:\/\/api.w.org\/{rel}","templated":true}]}}