{"id":11192,"date":"2020-03-29T00:49:15","date_gmt":"2020-03-28T23:49:15","guid":{"rendered":"https:\/\/dev2.mgvpublications.com\/produkt\/kuran-i-kerimi-anlamakkuran-i-kerimi-anlamak\/"},"modified":"2022-03-08T22:33:41","modified_gmt":"2022-03-08T21:33:41","slug":"kuran-i-kerimi-anlamakkuran-i-kerimi-anlamak","status":"publish","type":"product","link":"https:\/\/mgvpublications.com\/de\/kuran-i-kerimi-anlamakkuran-i-kerimi-anlamak\/","title":{"rendered":"Kur\u2019an-\u0131 Kerim\u2019i Anlamak"},"content":{"rendered":"<p>Yay\u0131n Tarihi\t2016-01-01<br \/>\nISBN\t9751966360<br \/>\nBask\u0131 Say\u0131s\u0131\t1. Bask\u0131<br \/>\nDil\tT\u00dcRK\u00c7E<br \/>\nSayfa Say\u0131s\u0131\t254<br \/>\nCilt Tipi\tKarton Kapak<br \/>\nKa\u011f\u0131t Cinsi\t1. Hm. Ka\u011f\u0131t<br \/>\nBoyut\t16 x 24 cm<\/p>","protected":false},"excerpt":{"rendered":"<p>\u2026Alak S\u00fbresi \u201cYaratan Rabbinin ad\u0131yla oku.&#8221; ayetinde de belirtildi\u011fi gibi Kur&#8217;an, inmeye oku emriyle ba\u015flam\u0131\u015f, okunan kutsal metin anlam\u0131nda &#8220;Kur&#8217;an&#8221; ismi kendisine verilmi\u015f, okuma ve okutma hususuna vurgu yap\u0131lm\u0131\u015ft\u0131r. \u00c7\u00fcnk\u00fc M\u00fcsl\u00fcmanlar\u0131n gerek bireysel ve gerekse devlet d\u00fczeyinde Kur&#8217;an e\u011fitimine bu kadar \u00f6nem verip hassas davranmalar\u0131n\u0131n temel iki nedeni vard\u0131r. Birincisi, onun anlam\u0131n\u0131 kavrama ve hayata uygulama yani amel etme sorumlulu\u011fudur. \u0130kincisi ise, onu ibadet maksad\u0131yla okumakt\u0131r. Ayet ve hadislerde belirtilen bu iki temel neden Kur\u2019\u00e2n \u00f6\u011fretiminin g\u00fcn\u00fcm\u00fcze kadar h\u0131z kesmeden geli\u015ferek devam etmesini sa\u011flam\u0131\u015ft\u0131r\u2026<\/p>","protected":false},"featured_media":11193,"template":"","meta":{"spay_email":""},"product_cat":[174],"product_tag":[],"item":[960],"acf":[],"_links":{"self":[{"href":"https:\/\/mgvpublications.com\/de\/wp-json\/wp\/v2\/product\/11192"}],"collection":[{"href":"https:\/\/mgvpublications.com\/de\/wp-json\/wp\/v2\/product"}],"about":[{"href":"https:\/\/mgvpublications.com\/de\/wp-json\/wp\/v2\/types\/product"}],"wp:featuredmedia":[{"embeddable":true,"href":"https:\/\/mgvpublications.com\/de\/wp-json\/wp\/v2\/media\/11193"}],"wp:attachment":[{"href":"https:\/\/mgvpublications.com\/de\/wp-json\/wp\/v2\/media?parent=11192"}],"wp:term":[{"taxonomy":"product_cat","embeddable":true,"href":"https:\/\/mgvpublications.com\/de\/wp-json\/wp\/v2\/product_cat?post=11192"},{"taxonomy":"product_tag","embeddable":true,"href":"https:\/\/mgvpublications.com\/de\/wp-json\/wp\/v2\/product_tag?post=11192"},{"taxonomy":"item","embeddable":true,"href":"https:\/\/mgvpublications.com\/de\/wp-json\/wp\/v2\/item?post=11192"}],"curies":[{"name":"wp","href":"https:\/\/api.w.org\/{rel}","templated":true}]}}