{"id":11190,"date":"2020-03-29T00:47:03","date_gmt":"2020-03-28T23:47:03","guid":{"rendered":"https:\/\/dev2.mgvpublications.com\/produkt\/oruc-ilmihali\/"},"modified":"2022-03-08T22:33:41","modified_gmt":"2022-03-08T21:33:41","slug":"oruc-ilmihali","status":"publish","type":"product","link":"https:\/\/mgvpublications.com\/de\/oruc-ilmihali\/","title":{"rendered":"Oru\u00e7 \u0130lmihali"},"content":{"rendered":"<p>Yay\u0131n Tarihi\t2010-01-01<br \/>\nISBN\t9751943323<br \/>\nBask\u0131 Say\u0131s\u0131\t1. Bask\u0131<br \/>\nDil\tT\u00dcRK\u00c7E<br \/>\nSayfa Say\u0131s\u0131\t152<br \/>\nCilt Tipi\tKarton Kapak<br \/>\nKa\u011f\u0131t Cinsi\tKitap Ka\u011f\u0131d\u0131<br \/>\nBoyut\t13.5 x 21 cm<\/p>","protected":false},"excerpt":{"rendered":"<p>\u0130slam dininin vazge\u00e7ilmez prensibi olan samimiyet ve g\u00f6steri\u015ften uzak olu\u015f, en \u00fcst d\u00fczeyde oru\u00e7 ibadetinde kendini g\u00f6sterir. Bu niteli\u011fi ile oru\u00e7 bir irade, sorumluluk, sab\u0131r ve samimiyet e\u011fitimidir. Eser; oru\u00e7 ibadetinin anlam ve \u00f6nemini, oru\u00e7la ilgili dini h\u00fck\u00fcmleri i\u00e7eren bir ba\u015fucu kitab\u0131d\u0131r.<\/p>","protected":false},"featured_media":11191,"template":"","meta":{"spay_email":""},"product_cat":[174],"product_tag":[],"item":[960],"acf":[],"_links":{"self":[{"href":"https:\/\/mgvpublications.com\/de\/wp-json\/wp\/v2\/product\/11190"}],"collection":[{"href":"https:\/\/mgvpublications.com\/de\/wp-json\/wp\/v2\/product"}],"about":[{"href":"https:\/\/mgvpublications.com\/de\/wp-json\/wp\/v2\/types\/product"}],"wp:featuredmedia":[{"embeddable":true,"href":"https:\/\/mgvpublications.com\/de\/wp-json\/wp\/v2\/media\/11191"}],"wp:attachment":[{"href":"https:\/\/mgvpublications.com\/de\/wp-json\/wp\/v2\/media?parent=11190"}],"wp:term":[{"taxonomy":"product_cat","embeddable":true,"href":"https:\/\/mgvpublications.com\/de\/wp-json\/wp\/v2\/product_cat?post=11190"},{"taxonomy":"product_tag","embeddable":true,"href":"https:\/\/mgvpublications.com\/de\/wp-json\/wp\/v2\/product_tag?post=11190"},{"taxonomy":"item","embeddable":true,"href":"https:\/\/mgvpublications.com\/de\/wp-json\/wp\/v2\/item?post=11190"}],"curies":[{"name":"wp","href":"https:\/\/api.w.org\/{rel}","templated":true}]}}