{"id":11188,"date":"2020-03-29T00:44:53","date_gmt":"2020-03-28T23:44:53","guid":{"rendered":"https:\/\/dev2.mgvpublications.com\/produkt\/zekat-ilmihali\/"},"modified":"2022-03-08T22:33:41","modified_gmt":"2022-03-08T21:33:41","slug":"zekat-ilmihali","status":"publish","type":"product","link":"https:\/\/mgvpublications.com\/de\/zekat-ilmihali\/","title":{"rendered":"Zekat \u0130lmihali"},"content":{"rendered":"<p>Yay\u0131n Tarihi\t2013-01-01<br \/>\nISBN\t9751951663<br \/>\nBask\u0131 Say\u0131s\u0131\t1. Bask\u0131<br \/>\nDil\tT\u00dcRK\u00c7E<br \/>\nSayfa Say\u0131s\u0131\t254<br \/>\nCilt Tipi\tKarton Kapak<br \/>\nKa\u011f\u0131t Cinsi\tKitap Ka\u011f\u0131d\u0131<br \/>\nBoyut\t13 x 21.5 cm<\/p>","protected":false},"excerpt":{"rendered":"<p>M\u00fcsl\u00fcman toplumun en belirgin \u00f6zelli\u011finden biri, sosyal yard\u0131mla\u015fma ve dayan\u0131\u015fma erdeminin \u00f6n plana \u00e7\u0131km\u0131\u015f olmas\u0131d\u0131r. \u00c7\u00fcnk\u00fc \u0130slam dini, ekonomik dengesizli\u011fin yol a\u00e7abilece\u011fi muhtemel olumsuz sonu\u00e7lar\u0131n azalt\u0131labilmesi i\u00e7inzekat, sadaka, infak ve muhta\u00e7lara bor\u00e7 vermeyi dini bir g\u00f6rev saym\u0131\u015f, hatta harz-i hasani Allah&#8217;a bor\u00e7 verme olarak nitelemi\u015ftir. \u00c7\u00fcnk\u00fc zekat, sadaka, infak ve karz-i hasen, toplumsal huzurun sigortas\u0131d\u0131r.<\/p>","protected":false},"featured_media":11189,"template":"","meta":{"spay_email":""},"product_cat":[174],"product_tag":[],"item":[960],"acf":[],"_links":{"self":[{"href":"https:\/\/mgvpublications.com\/de\/wp-json\/wp\/v2\/product\/11188"}],"collection":[{"href":"https:\/\/mgvpublications.com\/de\/wp-json\/wp\/v2\/product"}],"about":[{"href":"https:\/\/mgvpublications.com\/de\/wp-json\/wp\/v2\/types\/product"}],"wp:featuredmedia":[{"embeddable":true,"href":"https:\/\/mgvpublications.com\/de\/wp-json\/wp\/v2\/media\/11189"}],"wp:attachment":[{"href":"https:\/\/mgvpublications.com\/de\/wp-json\/wp\/v2\/media?parent=11188"}],"wp:term":[{"taxonomy":"product_cat","embeddable":true,"href":"https:\/\/mgvpublications.com\/de\/wp-json\/wp\/v2\/product_cat?post=11188"},{"taxonomy":"product_tag","embeddable":true,"href":"https:\/\/mgvpublications.com\/de\/wp-json\/wp\/v2\/product_tag?post=11188"},{"taxonomy":"item","embeddable":true,"href":"https:\/\/mgvpublications.com\/de\/wp-json\/wp\/v2\/item?post=11188"}],"curies":[{"name":"wp","href":"https:\/\/api.w.org\/{rel}","templated":true}]}}