{"id":11184,"date":"2020-03-29T00:39:03","date_gmt":"2020-03-28T23:39:03","guid":{"rendered":"https:\/\/dev2.mgvpublications.com\/produkt\/ezani-anlamak\/"},"modified":"2022-03-08T22:33:41","modified_gmt":"2022-03-08T21:33:41","slug":"ezani-anlamak","status":"publish","type":"product","link":"https:\/\/mgvpublications.com\/de\/ezani-anlamak\/","title":{"rendered":"Ezan\u0131 Anlamak"},"content":{"rendered":"<p>Yay\u0131n Tarihi\t2012-01-01<br \/>\nISBN\t9751949189<br \/>\nBask\u0131 Say\u0131s\u0131\t1. Bask\u0131<br \/>\nDil\tT\u00dcRK\u00c7E<br \/>\nSayfa Say\u0131s\u0131\t134<br \/>\nCilt Tipi\tKarton Kapak<br \/>\nKa\u011f\u0131t Cinsi\tKitap Ka\u011f\u0131d\u0131<br \/>\nBoyut\t13 x 21.5 cm<\/p>","protected":false},"excerpt":{"rendered":"<p>Her dinin ve o dine inananlar\u0131n birtak\u0131m sembolleri, alametleri ve ay\u0131r\u0131c\u0131 \u00f6zellikleri olagelmi\u015ftir. Ezan da, \u0130slam dininin ve bu dine inananlar\u0131n en \u00f6nemli sembollerinden birisidir. Bu bak\u0131mdan ezan\u0131 de\u011ferli ve dindeki konumunu g\u00fc\u00e7l\u00fc k\u0131lan, onun M\u00fcsl\u00fcmanlar i\u00e7in ifade etti\u011fi anlam\u0131n ve sembolik de\u011ferin b\u00fcy\u00fckl\u00fc\u011f\u00fc ve \u00f6nemidir. Ezan, \u0130slami bir simge, lahuti bir seda, ilham verici bir davet, etkileyici bir tebli\u011f, sars\u0131c\u0131 bir uyar\u0131c\u0131 ve hayat veren bir mana iklimidir.<\/p>","protected":false},"featured_media":11185,"template":"","meta":{"spay_email":""},"product_cat":[180,174],"product_tag":[],"item":[960],"acf":[],"_links":{"self":[{"href":"https:\/\/mgvpublications.com\/de\/wp-json\/wp\/v2\/product\/11184"}],"collection":[{"href":"https:\/\/mgvpublications.com\/de\/wp-json\/wp\/v2\/product"}],"about":[{"href":"https:\/\/mgvpublications.com\/de\/wp-json\/wp\/v2\/types\/product"}],"wp:featuredmedia":[{"embeddable":true,"href":"https:\/\/mgvpublications.com\/de\/wp-json\/wp\/v2\/media\/11185"}],"wp:attachment":[{"href":"https:\/\/mgvpublications.com\/de\/wp-json\/wp\/v2\/media?parent=11184"}],"wp:term":[{"taxonomy":"product_cat","embeddable":true,"href":"https:\/\/mgvpublications.com\/de\/wp-json\/wp\/v2\/product_cat?post=11184"},{"taxonomy":"product_tag","embeddable":true,"href":"https:\/\/mgvpublications.com\/de\/wp-json\/wp\/v2\/product_tag?post=11184"},{"taxonomy":"item","embeddable":true,"href":"https:\/\/mgvpublications.com\/de\/wp-json\/wp\/v2\/item?post=11184"}],"curies":[{"name":"wp","href":"https:\/\/api.w.org\/{rel}","templated":true}]}}