{"id":11180,"date":"2020-03-29T00:35:14","date_gmt":"2020-03-28T23:35:14","guid":{"rendered":"https:\/\/dev2.mgvpublications.com\/produkt\/imam-ebu-hanife-ve-hanefi-mezhebi\/"},"modified":"2022-03-24T15:21:32","modified_gmt":"2022-03-24T14:21:32","slug":"imam-ebu-hanife-ve-hanefi-mezhebi","status":"publish","type":"product","link":"https:\/\/mgvpublications.com\/de\/imam-ebu-hanife-ve-hanefi-mezhebi\/","title":{"rendered":"\u0130mam Ebu Hanife ve Hanefi Mezhebi"},"content":{"rendered":"<p>Yay\u0131n Tarihi\t2017-11-11<br \/>\nISBN\t9751963703<br \/>\nBask\u0131 Say\u0131s\u0131\t1. Bask\u0131<br \/>\nDil\tT\u00dcRK\u00c7E<br \/>\nSayfa Say\u0131s\u0131\t128<br \/>\nCilt Tipi\tKarton Kapak<br \/>\nKa\u011f\u0131t Cinsi\tKitap Ka\u011f\u0131d\u0131<br \/>\nBoyut\t13 x 21.5 cm<\/p>","protected":false},"excerpt":{"rendered":"<p>\u2026Kazakistan Cumhuriyetinde 2015 y\u0131l\u0131n\u0131n \u201cEb\u00fb Hanife Y\u0131l\u0131&#8221; olarak ilan edilmesi m\u00fcnasebetiyle Diyanet \u0130\u015fleri Ba\u015fkanl\u0131\u011f\u0131nca Eb\u00fb Hanife ve mezhebi hakk\u0131nda bir el kitab\u0131 haz\u0131rlanmas\u0131n\u0131n istenmesi \u00fczerine bu eser v\u00fccut buldu. Daha \u00f6nce Eb\u00fb Hanife, hoca ve talebeleri ile mezhep literat\u00fcr\u00fc hakk\u0131nda haz\u0131rlam\u0131\u015f bulundu\u011fum m\u00e2l\u00fbmat tekrar g\u00f6zden ge\u00e7irilerek g\u00fcncellenmi\u015f; mezhebin ortaya \u00e7\u0131k\u0131\u015f\u0131, yay\u0131l\u0131\u015f\u0131 ve co\u011frafyas\u0131, h\u00fck\u00fcm \u00e7\u0131karma us\u00fbl\u00fc, mezhep literat\u00fcr\u00fcnde yer alan baz\u0131 temel kavramlar eklenmi\u015ftir. Bir el kitab\u0131 olarak bu \u00e7al\u0131\u015fmada derli toplu ve \u00f6zl\u00fc bir bilgi verilmesi ama\u00e7land\u0131\u011f\u0131ndan Eb\u00fb Hanife&#8217;nin hayat\u0131 ve \u015fahsiyetiyle ilgili ayr\u0131nt\u0131lara yer verilmemi\u015f, \u00f6zellikle ba\u015fta itikad\u00ee ve siyas\u00ee olmak \u00fczere d\u00fc\u015f\u00fcnceleri ve mezhep us\u00fbl\u00fbyle ilgili teorik teferruata ve tart\u0131\u015fmalara girilmeyip gerekli g\u00f6r\u00fclen yerlerde daha fazla bilgi i\u00e7in kaynaklara at\u0131fla yetinilmi\u015ftir\u2026<\/p>","protected":false},"featured_media":11181,"template":"","meta":{"spay_email":""},"product_cat":[180,174],"product_tag":[],"item":[960],"acf":[],"_links":{"self":[{"href":"https:\/\/mgvpublications.com\/de\/wp-json\/wp\/v2\/product\/11180"}],"collection":[{"href":"https:\/\/mgvpublications.com\/de\/wp-json\/wp\/v2\/product"}],"about":[{"href":"https:\/\/mgvpublications.com\/de\/wp-json\/wp\/v2\/types\/product"}],"wp:featuredmedia":[{"embeddable":true,"href":"https:\/\/mgvpublications.com\/de\/wp-json\/wp\/v2\/media\/11181"}],"wp:attachment":[{"href":"https:\/\/mgvpublications.com\/de\/wp-json\/wp\/v2\/media?parent=11180"}],"wp:term":[{"taxonomy":"product_cat","embeddable":true,"href":"https:\/\/mgvpublications.com\/de\/wp-json\/wp\/v2\/product_cat?post=11180"},{"taxonomy":"product_tag","embeddable":true,"href":"https:\/\/mgvpublications.com\/de\/wp-json\/wp\/v2\/product_tag?post=11180"},{"taxonomy":"item","embeddable":true,"href":"https:\/\/mgvpublications.com\/de\/wp-json\/wp\/v2\/item?post=11180"}],"curies":[{"name":"wp","href":"https:\/\/api.w.org\/{rel}","templated":true}]}}