{"id":11174,"date":"2020-03-29T00:29:25","date_gmt":"2020-03-28T23:29:25","guid":{"rendered":"https:\/\/dev2.mgvpublications.com\/produkt\/hadislerle-evlilik\/"},"modified":"2022-03-08T22:33:40","modified_gmt":"2022-03-08T21:33:40","slug":"hadislerle-evlilik","status":"publish","type":"product","link":"https:\/\/mgvpublications.com\/de\/hadislerle-evlilik\/","title":{"rendered":"Hadislerle Evlilik"},"content":{"rendered":"<p>Yay\u0131n Tarihi\t2019-03-21<br \/>\nISBN\t9751970268<br \/>\nBask\u0131 Say\u0131s\u0131\t1. Bask\u0131<br \/>\nDil\tT\u00dcRK\u00c7E<br \/>\nSayfa Say\u0131s\u0131\t136<br \/>\nCilt Tipi\tKarton Kapak<br \/>\nKa\u011f\u0131t Cinsi\tKu\u015fe Ka\u011f\u0131t<br \/>\nBoyut\t13 x 21.5 cm<\/p>","protected":false},"excerpt":{"rendered":"<p>Yay\u0131n Tarihi 2019-03-21 ISBN 9751970268 Bask\u0131 Say\u0131s\u0131 1. Bask\u0131 Dil T\u00dcRK\u00c7E Sayfa Say\u0131s\u0131 136 Cilt Tipi Karton Kapak Ka\u011f\u0131t Cinsi Ku\u015fe Ka\u011f\u0131t Boyut 13 x 21.5 cm<\/p>","protected":false},"featured_media":11175,"template":"","meta":{"spay_email":""},"product_cat":[180,174],"product_tag":[],"item":[960],"acf":[],"_links":{"self":[{"href":"https:\/\/mgvpublications.com\/de\/wp-json\/wp\/v2\/product\/11174"}],"collection":[{"href":"https:\/\/mgvpublications.com\/de\/wp-json\/wp\/v2\/product"}],"about":[{"href":"https:\/\/mgvpublications.com\/de\/wp-json\/wp\/v2\/types\/product"}],"wp:featuredmedia":[{"embeddable":true,"href":"https:\/\/mgvpublications.com\/de\/wp-json\/wp\/v2\/media\/11175"}],"wp:attachment":[{"href":"https:\/\/mgvpublications.com\/de\/wp-json\/wp\/v2\/media?parent=11174"}],"wp:term":[{"taxonomy":"product_cat","embeddable":true,"href":"https:\/\/mgvpublications.com\/de\/wp-json\/wp\/v2\/product_cat?post=11174"},{"taxonomy":"product_tag","embeddable":true,"href":"https:\/\/mgvpublications.com\/de\/wp-json\/wp\/v2\/product_tag?post=11174"},{"taxonomy":"item","embeddable":true,"href":"https:\/\/mgvpublications.com\/de\/wp-json\/wp\/v2\/item?post=11174"}],"curies":[{"name":"wp","href":"https:\/\/api.w.org\/{rel}","templated":true}]}}