{"id":11170,"date":"2020-03-29T00:24:27","date_gmt":"2020-03-28T23:24:27","guid":{"rendered":"https:\/\/dev2.mgvpublications.com\/produkt\/hacci-anlamak\/"},"modified":"2022-03-08T22:33:37","modified_gmt":"2022-03-08T21:33:37","slug":"hacci-anlamak","status":"publish","type":"product","link":"https:\/\/mgvpublications.com\/de\/hacci-anlamak\/","title":{"rendered":"Hacc\u0131 Anlamak"},"content":{"rendered":"<p>Derleyici:\tProf. Dr. B\u00fcnyamin Erul<br \/>\nYay\u0131n Tarihi\t2018-08-01<br \/>\nISBN\t9751936028<br \/>\nBask\u0131 Say\u0131s\u0131\t3. Bask\u0131<br \/>\nDil\tT\u00dcRK\u00c7E<br \/>\nSayfa Say\u0131s\u0131\t112<br \/>\nCilt Tipi\tKarton Kapak<br \/>\nKa\u011f\u0131t Cinsi\tKitap Ka\u011f\u0131d\u0131<br \/>\nBoyut\t13 x 21.5 cm<\/p>","protected":false},"excerpt":{"rendered":"<p>Hac, asl\u0131nda manevi ve deruni bir tecr\u00fcbedir. \u00c7\u00fcnk\u00fc di\u011fer ibadetlerde oldu\u011fu gibi hac ibadetinde de as\u0131l olan, aklile\u015ftirme de\u011fil, i\u00e7selle\u015ftirmedir. Bu ibadetlerin, baz\u0131 dini ve d\u00fcnyevi faydalar\u0131 varsa da, as\u0131l olan onlar\u0131n s\u0131rf Allah istedi\u011fi i\u00e7in yap\u0131lm\u0131\u015f olmas\u0131d\u0131r. Hac, belli bir zaman ve belirli mekanlarda ger\u00e7ekle\u015fen bir ibadet oldu\u011fu i\u00e7in M\u00fcsl\u00fcmanlara zaman ve mekan mefhumunu, d\u00fcnyada her \u015feyin belli bir d\u00fczen i\u00e7inde ger\u00e7ekle\u015fti\u011fi \u015fuurunu kazand\u0131r\u0131r. Buna g\u00f6re hac, bir ay i\u00e7erisinde ba\u015flay\u0131p biten bir ibadet de\u011fildir. Bireyin i\u00e7 d\u00fcnyas\u0131n\u0131n evrensel olana a\u00e7\u0131l\u0131m\u0131 ve toplum hayat\u0131n\u0131n kayna\u015ft\u0131r\u0131c\u0131 bir mayas\u0131d\u0131r.<\/p>","protected":false},"featured_media":11171,"template":"","meta":{"spay_email":""},"product_cat":[174],"product_tag":[],"item":[960],"acf":[],"_links":{"self":[{"href":"https:\/\/mgvpublications.com\/de\/wp-json\/wp\/v2\/product\/11170"}],"collection":[{"href":"https:\/\/mgvpublications.com\/de\/wp-json\/wp\/v2\/product"}],"about":[{"href":"https:\/\/mgvpublications.com\/de\/wp-json\/wp\/v2\/types\/product"}],"wp:featuredmedia":[{"embeddable":true,"href":"https:\/\/mgvpublications.com\/de\/wp-json\/wp\/v2\/media\/11171"}],"wp:attachment":[{"href":"https:\/\/mgvpublications.com\/de\/wp-json\/wp\/v2\/media?parent=11170"}],"wp:term":[{"taxonomy":"product_cat","embeddable":true,"href":"https:\/\/mgvpublications.com\/de\/wp-json\/wp\/v2\/product_cat?post=11170"},{"taxonomy":"product_tag","embeddable":true,"href":"https:\/\/mgvpublications.com\/de\/wp-json\/wp\/v2\/product_tag?post=11170"},{"taxonomy":"item","embeddable":true,"href":"https:\/\/mgvpublications.com\/de\/wp-json\/wp\/v2\/item?post=11170"}],"curies":[{"name":"wp","href":"https:\/\/api.w.org\/{rel}","templated":true}]}}