{"id":11156,"date":"2020-03-28T16:16:03","date_gmt":"2020-03-28T15:16:03","guid":{"rendered":"https:\/\/dev2.mgvpublications.com\/produkt\/tasavvuf-konusunda-bilinmesi-gereken-88-soru\/"},"modified":"2022-03-08T22:33:36","modified_gmt":"2022-03-08T21:33:36","slug":"tasavvuf-konusunda-bilinmesi-gereken-88-soru","status":"publish","type":"product","link":"https:\/\/mgvpublications.com\/de\/tasavvuf-konusunda-bilinmesi-gereken-88-soru\/","title":{"rendered":"Tasavvuf Konusunda Bilinmesi Gereken 88 Soru"},"content":{"rendered":"<p>Yay\u0131n Tarihi\t2019-02-26<br \/>\nISBN\t9754738827<br \/>\nBask\u0131 Say\u0131s\u0131\t1. Bask\u0131<br \/>\nDil\tT\u00dcRK\u00c7E<br \/>\nSayfa Say\u0131s\u0131\t368<br \/>\nCilt Tipi\tKarton Kapak<br \/>\nKa\u011f\u0131t Cinsi\tKitap Ka\u011f\u0131d\u0131<br \/>\nBoyut\t13.5 x 21 cm<\/p>","protected":false},"excerpt":{"rendered":"<p>Prof. Dr. Halil \u0130brahim \u015eim\u015fek\u2019in edit\u00f6rl\u00fc\u011f\u00fcnde haz\u0131rlanan ve Prof. Dr. Zafer Erginli,<br \/>\nProf. Dr. Abdurrezzak Tek ile Prof. Dr. Kadir \u00d6zk\u00f6se\u2019nin katk\u0131da bulundu\u011fu bu kitapta;<br \/>\n* Din\u00ee hayat\u0131 tam olarak ya\u015famak i\u00e7in tasavvufa ihtiya\u00e7 var m\u0131d\u0131r?<br \/>\n* Tasavvuf ger\u00e7ekten iddia edildi\u011fi gibi \u0130slam d\u0131\u015f\u0131 bir d\u00fc\u015f\u00fcnce ve anlay\u0131\u015f m\u0131d\u0131r?<br \/>\n* Tasavvufun olu\u015fumunda ve geli\u015fiminde B\u00e2t\u0131n\u00eelik ve \u015eia\u2019n\u0131n tesiri var m\u0131d\u0131r?<br \/>\n* Kad\u0131nlar\u0131n tasavvuftaki yerleri nas\u0131ld\u0131r?<br \/>\n* Menk\u0131be anlat\u0131m\u0131n\u0131n tasavvufta yeri ve \u00f6nemi nedir?<br \/>\n* T\u00fcrklerin \u0130sl\u00e2m\u2019\u0131n kabul etmesinde tasavvufun etkisi olmu\u015f mudur?<br \/>\n* Hakiki \u015feyh ile sahte \u015feyhi bir birinden nas\u0131l ay\u0131rt edebiliriz?<br \/>\n* Gavs denilen ki\u015fi Allah taraf\u0131ndan g\u00f6revlendirilen \u00f6zel bir \u015fahsiyet midir?<br \/>\n* R\u00e2b\u0131ta nedir ve nas\u0131l anla\u015f\u0131lmal\u0131d\u0131r?<br \/>\n* Sema bir ibadet midir? Tarih\u00ee s\u00fcre\u00e7te de g\u00fcn\u00fcm\u00fczdeki \u015fekliyle mi yap\u0131lm\u0131\u015ft\u0131r?<br \/>\n* Osmanl\u0131 Devleti\u2019nin kurulu\u015f s\u00fcrecinde mutasavv\u0131f m\u00fcr\u015fidlerin rolleri olmu\u015f mudur?<br \/>\n* Osmanl\u0131 padi\u015fahlar\u0131 ger\u00e7ekten tarikatlara intisap etmi\u015f midir? Padi\u015fahlar\u0131n tasavvuf ve mutasavv\u0131flara bak\u0131\u015f\u0131 nas\u0131ld\u0131?<br \/>\n* Tarikatlar taraf\u0131ndan uygulanan \u015fekliyle zikirler, Hz. Peygamber zaman\u0131nda var m\u0131yd\u0131?<br \/>\n* Vahdet-i v\u00fccud anlay\u0131\u015f\u0131 ne demektir?<br \/>\n* \u0130mam-\u0131 Rabban\u00ee\u2019nin \u0130bn\u00fc\u2019l-Arab\u00ee\u2019nin anlay\u0131\u015f\u0131na y\u00f6nelik ele\u015ftirisinin mahiyeti nedir?<br \/>\n* Vahdet-i \u015e\u00fchud fikrinin mahiyeti ve vahdet-i v\u00fccuttan farkl\u0131 y\u00f6nleri nelerdir?<br \/>\n* \u0130nsan-\u0131 k\u00e2mil kimdir, nas\u0131l olunur?<br \/>\n* \u201cHakikat-i Muhammediyye\u201d veya \u201cNur-i Muhammed\u00ee\u201d nedir?<br \/>\n* Tasavvufun g\u00fcncellenmesi veya g\u00fcn\u00fcm\u00fcz \u015fartlar\u0131na uyarlanmas\u0131 m\u00fcmk\u00fcn m\u00fcd\u00fcr?<br \/>\n* Kitaplarda ge\u00e7en menk\u0131belerin hangisinin do\u011fru hangisinin yanl\u0131\u015f oldu\u011fu nas\u0131l anla\u015f\u0131labilir?<br \/>\n* Kad\u0131nlar\u0131n erkeklerle birlikte zikre kat\u0131lmalar\u0131, kar\u015f\u0131l\u0131kl\u0131 sohbet etmeleri ve mahremi olmad\u0131klar\u0131 \u015feyhin evinde hizmet etmeleri tasavvufa uygun mudur?<br \/>\n* Tasavvufun bilgi kaynaklar\u0131ndan oldu\u011fu ifade edilen ilham, ke\u015fif, fetih, feyiz ve m\u00fc\u015fahede ne demektir? Bunlar\u0131n Vahiyden farklar\u0131 nelerdir?<br \/>\n* Keramet nedir, Keramet olmadan tasavvuf olmaz m\u0131, Parapsikoloji ile Keramet aras\u0131nda bir ilgi var m\u0131d\u0131r?<br \/>\n* \u201cY\u0131kay\u0131c\u0131 (gass\u00e2l) \u00f6n\u00fcndeki \u00f6l\u00fc (meyyit) gibi olmak\u201d c\u00fcmlesiyle \u00f6zetlenen tasavvuf\u00ee e\u011fitimdeki teslimiyet kavram\u0131n\u0131n anlam\u0131 ve kapsam\u0131 nedir?<br \/>\n* Tasavvuf\u00ee hayat\u0131n ya\u015fanmas\u0131 i\u00e7in bir tarikat m\u00fcr\u015fidine (\u015feyhine) intisap etmek \u015fart m\u0131d\u0131r? Tasavvuf\u00ee eserleri okuyarak tasavvuf \u00f6\u011frenilemez mi, \u015feyhi olmayan\u0131n \u015feyhi \u015feytan m\u0131d\u0131r?<br \/>\n\u2026 ve benzeri 88 soruya doyurucu cevaplar yer almaktad\u0131r.<\/p>","protected":false},"featured_media":11157,"template":"","meta":{"spay_email":""},"product_cat":[174],"product_tag":[],"item":[389],"acf":[],"_links":{"self":[{"href":"https:\/\/mgvpublications.com\/de\/wp-json\/wp\/v2\/product\/11156"}],"collection":[{"href":"https:\/\/mgvpublications.com\/de\/wp-json\/wp\/v2\/product"}],"about":[{"href":"https:\/\/mgvpublications.com\/de\/wp-json\/wp\/v2\/types\/product"}],"wp:featuredmedia":[{"embeddable":true,"href":"https:\/\/mgvpublications.com\/de\/wp-json\/wp\/v2\/media\/11157"}],"wp:attachment":[{"href":"https:\/\/mgvpublications.com\/de\/wp-json\/wp\/v2\/media?parent=11156"}],"wp:term":[{"taxonomy":"product_cat","embeddable":true,"href":"https:\/\/mgvpublications.com\/de\/wp-json\/wp\/v2\/product_cat?post=11156"},{"taxonomy":"product_tag","embeddable":true,"href":"https:\/\/mgvpublications.com\/de\/wp-json\/wp\/v2\/product_tag?post=11156"},{"taxonomy":"item","embeddable":true,"href":"https:\/\/mgvpublications.com\/de\/wp-json\/wp\/v2\/item?post=11156"}],"curies":[{"name":"wp","href":"https:\/\/api.w.org\/{rel}","templated":true}]}}