{"id":11154,"date":"2020-03-28T16:13:21","date_gmt":"2020-03-28T15:13:21","guid":{"rendered":"https:\/\/dev2.mgvpublications.com\/produkt\/fikih-konusunda-bilinmesi-gereken-88-soru\/"},"modified":"2022-03-08T22:33:36","modified_gmt":"2022-03-08T21:33:36","slug":"fikih-konusunda-bilinmesi-gereken-88-soru","status":"publish","type":"product","link":"https:\/\/mgvpublications.com\/de\/fikih-konusunda-bilinmesi-gereken-88-soru\/","title":{"rendered":"F\u0131k\u0131h Konusunda Bilinmesi Gereken 88 Soru"},"content":{"rendered":"<p>Yay\u0131n Tarihi\t2019-02-26<br \/>\nISBN\t9754738803<br \/>\nBask\u0131 Say\u0131s\u0131\t1. Bask\u0131<br \/>\nDil\tT\u00dcRK\u00c7E<br \/>\nSayfa Say\u0131s\u0131\t320<br \/>\nCilt Tipi\tKarton Kapak<br \/>\nKa\u011f\u0131t Cinsi\tKitap Ka\u011f\u0131d\u0131<br \/>\nBoyut\t13.5 x 21 cm<\/p>","protected":false},"excerpt":{"rendered":"<p>Do\u00e7. Dr. Osman G\u00fcman ve Do\u00e7. Dr. Soner Duman edit\u00f6rl\u00fc\u011f\u00fcnde haz\u0131rlanan, Dr. \u00d6\u011fr. \u00dcyesi Osman Bayder, Prof. Dr. Hac\u0131 Mehmet G\u00fcnay, Do\u00e7. Dr. Abdullah Durmu\u015f, Do\u00e7. Dr. S\u00fcleyman Kaya ile Dr. \u00d6\u011fr. \u00dcyesi Merve \u00d6zaykal\u2019\u0131n katk\u0131da bulundu\u011fu bu kitapta;<\/p>\n<p>* Kad\u0131nlar Cuma namaz\u0131 k\u0131lmakla y\u00fck\u00fcml\u00fc m\u00fcd\u00fcr?<br \/>\n* \u00d6l\u00fcn\u00fcn ard\u0131ndan Kur\u2019an oku(t)man\u0131n \u00f6l\u00fcye faydas\u0131 olur mu?<br \/>\n* Kandil gecelerine mahsus bir ibadet var m\u0131d\u0131r?<br \/>\n* Kad\u0131nlar\u0131n \u00f6zel hallerinde oru\u00e7 tutmas\u0131 caiz midir?<br \/>\n* Zinet e\u015fyas\u0131 zek\u00e2ta tabi midir?<br \/>\n* Ev sat\u0131n almak gibi asl\u00ee bir ihtiya\u00e7 i\u00e7in biriktirilen paraya zek\u00e2t d\u00fc\u015fer mi?<br \/>\n* \u0130mam nikah\u0131 yapt\u0131rmak zorunlu mudur?<br \/>\n* Rol icab\u0131 yap\u0131lan nik\u00e2h, -\u00fc\u00e7 \u015feyin \u015fakas\u0131n\u0131n da, ciddisinin de ciddi oldu\u011funu<br \/>\nifade eden hadise g\u00f6re- ger\u00e7ek nikah say\u0131l\u0131r m\u0131?<br \/>\n* E\u015fim ile s\u00fct karde\u015fi oldu\u011funu \u00f6\u011frenenin bo\u015fanmas\u0131 gerekir mi?<br \/>\n* Bir defada \u00fc\u00e7 sefer s\u00f6ylenen \u201cBo\u015f ol!\u201d s\u00f6z\u00fcyle bo\u015fanma ger\u00e7ekle\u015fmi\u015f olur mu?<br \/>\n* Y\u0131lba\u015f\u0131 kutlaman\u0131n bir sak\u0131ncas\u0131 var m\u0131d\u0131r?<br \/>\n* Do\u011fum g\u00fcn\u00fc kutlaman\u0131n dinen bir sak\u0131ncas\u0131 var m\u0131d\u0131r?<br \/>\n* Evde resim, minyat\u00fcr, biblo gibi \u015feyler bulundurman\u0131n h\u00fckm\u00fc nedir?<br \/>\n* \u015eark\u0131 dinlemenin h\u00fckm\u00fc nedir?<br \/>\n* Sakal t\u0131ra\u015f\u0131 olmak haram m\u0131d\u0131r?<br \/>\n* Evde hayvan beslemek caiz mi? Hangi t\u00fcr hayvanlar beslenebilir?<br \/>\n* Okey, tavla ve iskambil gibi oyunlar oynaman\u0131n dinen h\u00fckm\u00fc nedir?<br \/>\n* Haremlik-selaml\u0131k uygulamas\u0131 dinen zorunlu bir uygulama m\u0131d\u0131r?<br \/>\n* Tak\u0131m tutman\u0131n, ma\u00e7 seyretmenin herhangi bir sak\u0131ncas\u0131 var m\u0131d\u0131r?<br \/>\n* Bankalaran \u00e7al\u0131\u015fanlara promosyon ad\u0131 alt\u0131nda \u00f6dedi\u011fi para helal midir?<br \/>\n* Kad\u0131nlar aras\u0131nda yap\u0131lan \u201cAlt\u0131n g\u00fcnleri\u201d caiz midir?<br \/>\n* Bireysel emeklilik uygulamas\u0131 caiz midir?<br \/>\n* Hava paras\u0131 caiz midir?<br \/>\n* Sakat veya zihinsel engelli do\u011fma ihtimali olan bir \u00e7ocu\u011fu ald\u0131rmak caiz midir?<br \/>\n* Estetik ameliyat\u0131 yapt\u0131rmak caiz midir?<br \/>\n* D\u00f6vme yapt\u0131rmak g\u00fcnah m\u0131?<br \/>\n* Sa\u00e7 ekimi caiz midir?<br \/>\n* \u0130\u00e7inde alkol oldu\u011fu belirtilen ila\u00e7lar\u0131 kullanmak caiz midir?<br \/>\n* Organ ba\u011f\u0131\u015f\u0131 caiz midir?<br \/>\n\u2026 ve benzeri 88 soruya verilen doyurucu cevaplar yer almaktad\u0131r.<\/p>","protected":false},"featured_media":11155,"template":"","meta":{"spay_email":""},"product_cat":[174],"product_tag":[],"item":[389],"acf":[],"_links":{"self":[{"href":"https:\/\/mgvpublications.com\/de\/wp-json\/wp\/v2\/product\/11154"}],"collection":[{"href":"https:\/\/mgvpublications.com\/de\/wp-json\/wp\/v2\/product"}],"about":[{"href":"https:\/\/mgvpublications.com\/de\/wp-json\/wp\/v2\/types\/product"}],"wp:featuredmedia":[{"embeddable":true,"href":"https:\/\/mgvpublications.com\/de\/wp-json\/wp\/v2\/media\/11155"}],"wp:attachment":[{"href":"https:\/\/mgvpublications.com\/de\/wp-json\/wp\/v2\/media?parent=11154"}],"wp:term":[{"taxonomy":"product_cat","embeddable":true,"href":"https:\/\/mgvpublications.com\/de\/wp-json\/wp\/v2\/product_cat?post=11154"},{"taxonomy":"product_tag","embeddable":true,"href":"https:\/\/mgvpublications.com\/de\/wp-json\/wp\/v2\/product_tag?post=11154"},{"taxonomy":"item","embeddable":true,"href":"https:\/\/mgvpublications.com\/de\/wp-json\/wp\/v2\/item?post=11154"}],"curies":[{"name":"wp","href":"https:\/\/api.w.org\/{rel}","templated":true}]}}