{"id":11151,"date":"2020-03-28T16:09:34","date_gmt":"2020-03-28T15:09:34","guid":{"rendered":"https:\/\/dev2.mgvpublications.com\/produkt\/kuran-ve-tefsir-konusunda-bilinmesi-gereken-88-soru\/"},"modified":"2022-03-08T22:33:36","modified_gmt":"2022-03-08T21:33:36","slug":"kuran-ve-tefsir-konusunda-bilinmesi-gereken-88-soru","status":"publish","type":"product","link":"https:\/\/mgvpublications.com\/de\/kuran-ve-tefsir-konusunda-bilinmesi-gereken-88-soru\/","title":{"rendered":"Kur\u2019an ve Tefsir Konusunda Bilinmesi Gereken 88 Soru"},"content":{"rendered":"<p>Yay\u0131n Tarihi\t2019-02-26<br \/>\nISBN\t9754738773<br \/>\nBask\u0131 Say\u0131s\u0131\t1. Bask\u0131<br \/>\nDil\tT\u00dcRK\u00c7E<br \/>\nSayfa Say\u0131s\u0131\t254<br \/>\nCilt Tipi\tKarton Kapak<br \/>\nKa\u011f\u0131t Cinsi\tKitap Ka\u011f\u0131d\u0131<br \/>\nBoyut\t13.5 x 21 cm<\/p>","protected":false},"excerpt":{"rendered":"<p>Prof. Dr. Muhsin Demirci taraf\u0131ndan haz\u0131rlanan bu kitapta,<\/p>\n<p>* Hz. \u00c2dem\u2019in topraktan, e\u015fi Hz. Havv\u00e2\u2019n\u0131n da onun sol kaburga kemi\u011finden yarat\u0131lm\u0131\u015f oldu\u011fu do\u011fru mu?<br \/>\n* Hz. \u00c2dem\u2019le e\u015finin ikamet etmek \u00fczere yerle\u015ftirildi\u011fi cennet, d\u00fcnya cenneti mi yoksa \u00e2hiret cenneti midir?<br \/>\n* Allah\u2019a ve \u00e2hiret g\u00fcn\u00fcne inan\u0131p do\u011fru ve yararl\u0131 i\u015fler yapm\u0131\u015f olan Yahudi ve H\u0131ristiyanlar da cennete gidecekler mi?<br \/>\n* Kur\u2019an\u2019da e\u015fcinsellikle ilgili bir h\u00fck\u00fcm var m\u0131d\u0131r?<br \/>\n* Nis\u00e2 s\u00fbresinin 34. \u00e2yetinde ge\u00e7en kad\u0131nlar\u0131 d\u00f6vme olay\u0131n\u0131n asl\u0131 nedir?<br \/>\n* H\u0131rs\u0131za, Kur\u2019\u00e2n\u2019\u0131n \u00f6ng\u00f6rd\u00fc\u011f\u00fc el kesme cezas\u0131na alternatif ceza verilebilir mi?<br \/>\n* Darwin\u2019in ortaya atm\u0131\u015f oldu\u011fu Evrim Teorisi, Kur\u2019an\u2019la \u00e7eli\u015fir mi?<br \/>\n* Cinlere de peygamber g\u00f6nderilmi\u015f midir?<br \/>\n* N\u00fbh t\u00fbf\u00e2n\u0131, b\u00f6lgesel mi yoksa t\u00fcm yery\u00fcz\u00fcn\u00fc ku\u015fatan bir olay m\u0131d\u0131r?<br \/>\n* Mus\u00e2-H\u0131z\u0131r k\u0131ssas\u0131nda ge\u00e7en ve g\u00f6r\u00fcn\u00fcrde hi\u00e7bir su\u00e7u olmayan erkek \u00e7ocu\u011fun \u00f6ld\u00fcrmesinin anlam\u0131 nedir?<br \/>\n* Ye\u2019c\u00fbc ve Me\u2019c\u00fbc isimli topluluk kimdir?<br \/>\n* Kur\u2019\u00e2n\u2019a g\u00f6re Hz. Nuh, 950 senelik bir hayat s\u00fcrm\u00fc\u015ft\u00fcr. Bu do\u011fru mudur?<br \/>\n* \u201cO, yemye\u015fil a\u011fa\u00e7tan sizin i\u00e7in bir ate\u015f \u00e7\u0131kar\u0131r ve onunla (ate\u015f) yakars\u0131n\u0131z\u201d ayetinde ge\u00e7en ye\u015fil a\u011fa\u00e7tan maksat nedir?<br \/>\n* Kabir azab\u0131 var m\u0131d\u0131r?<br \/>\n* \u0130n\u015fik\u00e2k-\u0131 kamer (ay\u0131n yar\u0131lmas\u0131) olay\u0131n\u0131n asl\u0131 nedir?<br \/>\n* G\u00f6z de\u011fmesinin (nazar\u0131n) \u0130sl\u00e2m\u00ee bak\u0131mdan ger\u00e7ekli\u011fi var m\u0131d\u0131r?<br \/>\n* Hz. Peygamber\u2019in g\u00f6\u011fs\u00fcn\u00fcn melekler taraf\u0131ndan a\u00e7\u0131l\u0131p kalbinin y\u0131kanmas\u0131 olarak bilinen \u201c\u015ferh-i sadr\u201d olay\u0131, madd\u00ee \u015fekilde mi, yoksa manevi bir yolla m\u0131 ger\u00e7ekle\u015fmi\u015ftir?<br \/>\n* Allah Te\u00e2l\u00e2\u2019n\u0131n Ebrehe ordusu \u00fczerine g\u00f6nderdi\u011fi Eb\u00e2bil ku\u015flar\u0131n\u0131n mahiyeti nedir?<br \/>\n* Hz. Peygamber\u2019e sihir yap\u0131lm\u0131\u015f m\u0131d\u0131r?<br \/>\n* Ter\u00f6rle ilgili olarak Kur\u2019\u00e2n ne t\u00fcr bir ceza \u00f6ng\u00f6rm\u00fc\u015ft\u00fcr?<br \/>\n* Kur\u2019\u00e2n-\u0131 Ker\u00eem k\u0131ssalar\u0131n\u0131n tarihsel ger\u00e7ekli\u011fi var m\u0131d\u0131r?<br \/>\n* Kur\u2019\u00e2n ve s\u00fcnnete g\u00f6re \u015fefaat var m\u0131d\u0131r?<br \/>\n* Takiyye ne demektir? M\u00fcsl\u00fcman\u0131n M\u00fcsl\u00fcmana takiyye yapmas\u0131 c\u00e2iz midir?<br \/>\n\u2026 ve benzeri 88 soruya doyurucu cevaplar yer almaktad\u0131r.<\/p>","protected":false},"featured_media":11152,"template":"","meta":{"spay_email":""},"product_cat":[174],"product_tag":[],"item":[389],"acf":[],"_links":{"self":[{"href":"https:\/\/mgvpublications.com\/de\/wp-json\/wp\/v2\/product\/11151"}],"collection":[{"href":"https:\/\/mgvpublications.com\/de\/wp-json\/wp\/v2\/product"}],"about":[{"href":"https:\/\/mgvpublications.com\/de\/wp-json\/wp\/v2\/types\/product"}],"wp:featuredmedia":[{"embeddable":true,"href":"https:\/\/mgvpublications.com\/de\/wp-json\/wp\/v2\/media\/11152"}],"wp:attachment":[{"href":"https:\/\/mgvpublications.com\/de\/wp-json\/wp\/v2\/media?parent=11151"}],"wp:term":[{"taxonomy":"product_cat","embeddable":true,"href":"https:\/\/mgvpublications.com\/de\/wp-json\/wp\/v2\/product_cat?post=11151"},{"taxonomy":"product_tag","embeddable":true,"href":"https:\/\/mgvpublications.com\/de\/wp-json\/wp\/v2\/product_tag?post=11151"},{"taxonomy":"item","embeddable":true,"href":"https:\/\/mgvpublications.com\/de\/wp-json\/wp\/v2\/item?post=11151"}],"curies":[{"name":"wp","href":"https:\/\/api.w.org\/{rel}","templated":true}]}}