{"id":11149,"date":"2020-03-28T16:05:26","date_gmt":"2020-03-28T15:05:26","guid":{"rendered":"https:\/\/dev2.mgvpublications.com\/produkt\/inanc-konusunda-bilinmesi-gereken-88-soru\/"},"modified":"2022-03-08T22:33:36","modified_gmt":"2022-03-08T21:33:36","slug":"inanc-konusunda-bilinmesi-gereken-88-soru","status":"publish","type":"product","link":"https:\/\/mgvpublications.com\/de\/inanc-konusunda-bilinmesi-gereken-88-soru\/","title":{"rendered":"\u0130nan\u00e7 Konusunda Bilinmesi Gereken 88 Soru"},"content":{"rendered":"<p>Yay\u0131n Tarihi\t2019-02-26<br \/>\nISBN\t9754738797<br \/>\nBask\u0131 Say\u0131s\u0131\t1. Bask\u0131<br \/>\nDil\tT\u00dcRK\u00c7E<br \/>\nSayfa Say\u0131s\u0131\t320<br \/>\nCilt Tipi\tKarton Kapak<br \/>\nKa\u011f\u0131t Cinsi\tKitap Ka\u011f\u0131d\u0131<br \/>\nBoyut\t13.5 x 21 cm<\/p>","protected":false},"excerpt":{"rendered":"<p>Prof. Dr. Ca\u011ffer Karada\u015f edit\u00f6rl\u00fc\u011f\u00fcnde haz\u0131rlanan ve Prof. Dr. Temel Ye\u015filyurt, Prof. Dr. Metin \u00d6zdemir, Prof. Dr. Kas\u0131m K\u00fc\u00e7\u00fcklap, Prof. Dr. Muhammed Tarak\u00e7\u0131, Do\u00e7. Dr. Mahmut \u00c7\u0131nar ile Do\u00e7. Dr. Ulvi Murat K\u0131lavuz\u2019un katk\u0131lar\u0131yla haz\u0131rlanan bu kitapta;<\/p>\n<p>* Kadere inanmak iman\u0131n \u015fartlar\u0131ndan m\u0131d\u0131r?<br \/>\n* Din akla uygun de\u011fil midir veya ak\u0131lla anla\u015f\u0131lamaz m\u0131?<br \/>\n* Bu d\u00fcnyada, uykuda veya uyan\u0131k olarak Allah\u2019\u0131 g\u00f6rmek m\u00fcmk\u00fcn m\u00fcd\u00fcr?<br \/>\n* Allah, neden insanlar\u0131n insanlara k\u00f6t\u00fcl\u00fck yapmalar\u0131na izin veriyor?<br \/>\n* Evrim teorisi \u0130sl\u00e2m inanc\u0131yla \u00e7eli\u015fir mi?<br \/>\n* \u0130ndirilmi\u015f din\/uydurulmu\u015f din tan\u0131m\u0131 do\u011fru mudur?<br \/>\n* \u00d6ld\u00fckten sonra ruhun d\u00fcnyaya tekrar gelmesi m\u00fcmk\u00fcn m\u00fcd\u00fcr?<br \/>\n* Gayri m\u00fcslimler de Cennet\u2019e gidecekler mi?<br \/>\n* Cennette cinsel ya\u015fam olacak m\u0131?<br \/>\n* Ahirette \u015fefaat var m\u0131d\u0131r?<br \/>\n* Cinler insan\u0131n i\u00e7ine girer mi, girerse nas\u0131l \u00e7\u0131kar?<br \/>\n* B\u00fcy\u00fc ve sihir yoluyla insanlar\u0131 etkilemek m\u00fcmk\u00fcn m\u00fcd\u00fcr?<br \/>\n* Muska ve nazar boncu\u011fu kullanmak \u015firk midir?<br \/>\n* Bur\u00e7lar\u0131n ve y\u0131ld\u0131zlar\u0131n insan psikolojisine etkisi var m\u0131d\u0131r?<br \/>\n* Tanr\u0131 iyiyse neden k\u00f6t\u00fc \u015feyler yarat\u0131yor?<br \/>\n* Tanr\u0131n\u0131n varl\u0131\u011f\u0131 kan\u0131tlanabilir mi?<br \/>\n* Deizm, ateizm ve agnostisizm neden yay\u0131l\u0131yor?<br \/>\n* Dinin, bilim ve ideolojiden fark\u0131 nedir?<br \/>\n\u2026 ve benzeri 88 soruya doyurucu cevaplar yer almaktad\u0131r.<\/p>","protected":false},"featured_media":11150,"template":"","meta":{"spay_email":""},"product_cat":[174],"product_tag":[],"item":[389],"acf":[],"_links":{"self":[{"href":"https:\/\/mgvpublications.com\/de\/wp-json\/wp\/v2\/product\/11149"}],"collection":[{"href":"https:\/\/mgvpublications.com\/de\/wp-json\/wp\/v2\/product"}],"about":[{"href":"https:\/\/mgvpublications.com\/de\/wp-json\/wp\/v2\/types\/product"}],"wp:featuredmedia":[{"embeddable":true,"href":"https:\/\/mgvpublications.com\/de\/wp-json\/wp\/v2\/media\/11150"}],"wp:attachment":[{"href":"https:\/\/mgvpublications.com\/de\/wp-json\/wp\/v2\/media?parent=11149"}],"wp:term":[{"taxonomy":"product_cat","embeddable":true,"href":"https:\/\/mgvpublications.com\/de\/wp-json\/wp\/v2\/product_cat?post=11149"},{"taxonomy":"product_tag","embeddable":true,"href":"https:\/\/mgvpublications.com\/de\/wp-json\/wp\/v2\/product_tag?post=11149"},{"taxonomy":"item","embeddable":true,"href":"https:\/\/mgvpublications.com\/de\/wp-json\/wp\/v2\/item?post=11149"}],"curies":[{"name":"wp","href":"https:\/\/api.w.org\/{rel}","templated":true}]}}