{"id":11141,"date":"2020-12-02T15:43:39","date_gmt":"2020-12-02T14:43:39","guid":{"rendered":"https:\/\/dev2.mgvpublications.com\/produkt\/seker-portakali\/"},"modified":"2022-04-08T06:21:50","modified_gmt":"2022-04-08T04:21:50","slug":"seker-portakali","status":"publish","type":"product","link":"https:\/\/mgvpublications.com\/de\/seker-portakali\/","title":{"rendered":"\u015eeker Portakal\u0131"},"content":{"rendered":"<p>\u00c7evirmen: Emrah \u0130mre<br \/>Kapak: Utku Lomlu<br \/>Yay\u0131n Tarihi: 06.09.2019<br \/>Orijinal Ad\u0131: O Meu P\u00e9 de Laranja Lima<br \/>ISBN: 9789750738609<br \/>Dil: T\u00dcRK\u00c7E<br \/>Sayfa Say\u0131s\u0131: 182<br \/>Cilt Tipi: Karton Kapak<br \/>Ka\u011f\u0131t Cinsi: Kitap Ka\u011f\u0131d\u0131<br \/>Boyut: 12.5 x 19.5 cm<\/p>","protected":false},"excerpt":{"rendered":"<p>\u201cNe g\u00fczel bir \u015feker portakal\u0131 fidan\u0131ym\u0131\u015f bu! Hem bak, dikeni de yok. Pek de ki\u015filik sahibiymi\u015f, \u015feker portakal\u0131 oldu\u011fu ta uzaktan belli. Ben senin boyunda olsayd\u0131m ba\u015fka \u015fey istemezdim.\u201d \u201cAma ben b\u00fcy\u00fck bir a\u011fa\u00e7 istiyordum.\u201d \u201c\u0130yi d\u00fc\u015f\u00fcn, Zez\u00e9. Hen\u00fcz gencecik bir fidan bu. Bir g\u00fcn koca bir a\u011faca d\u00f6n\u00fc\u015fecek. Seninle beraber b\u00fcy\u00fcyecek. \u0130ki karde\u015f gibi iyi anla\u015facaks\u0131n\u0131z. Dal\u0131n\u0131 g\u00f6rd\u00fcn m\u00fc? Bir tanecik dal\u0131 olsa da sanki \u00f6zellikle senin binmen i\u00e7in haz\u0131rlanm\u0131\u015f bir ata benziyor.\u201d Brezilya edebiyat\u0131n\u0131n klasiklerinden \u015eeker Portakal\u0131, Jos\u00e9 Mauro de Vasconcelos\u2019un ba\u015fyap\u0131t\u0131 kabul edilir. Yeti\u015fkinler d\u00fcnyas\u0131n\u0131n s\u0131n\u0131rlamalar\u0131na hayal g\u00fcc\u00fcyle meydan okuyan Zez\u00e9\u2019nin yoksulluk, ac\u0131 ve \u00fcmit dolu hik\u00e2yesi yazar\u0131n \u00e7ocuklu\u011fundan derin izler ta\u015f\u0131r. Be\u015f ya\u015f\u0131ndaki Zez\u00e9 hemen her \u015feyi tek ba\u015f\u0131na \u00f6\u011frenir: sadece bilye oynamay\u0131 ve arabalara as\u0131lmay\u0131 de\u011fil, okumay\u0131 ve sokak \u015fark\u0131c\u0131lar\u0131n\u0131n ezgilerini de. En yak\u0131n s\u0131rda\u015f\u0131ysa, anlatt\u0131klar\u0131na kulak veren ve Minguinho ad\u0131n\u0131 verdi\u011fi bir \u015feker portakal\u0131 fidan\u0131d\u0131r\u2026 \u015eeker Portakal\u0131\u2019n\u0131n ba\u015fkahraman\u0131 Zez\u00e9\u2019nin b\u00fcy\u00fcd\u00fck\u00e7e ya\u015fad\u0131\u011f\u0131 ser\u00fcvenleri, yazar\u0131n G\u00fcne\u015fi Uyand\u0131ral\u0131m ve Delifi\u015fek romanlar\u0131nda izleyebilirsiniz.<\/p>","protected":false},"featured_media":23206,"template":"","meta":{"spay_email":""},"product_cat":[172],"product_tag":[],"item":[369],"acf":[],"_links":{"self":[{"href":"https:\/\/mgvpublications.com\/de\/wp-json\/wp\/v2\/product\/11141"}],"collection":[{"href":"https:\/\/mgvpublications.com\/de\/wp-json\/wp\/v2\/product"}],"about":[{"href":"https:\/\/mgvpublications.com\/de\/wp-json\/wp\/v2\/types\/product"}],"wp:featuredmedia":[{"embeddable":true,"href":"https:\/\/mgvpublications.com\/de\/wp-json\/wp\/v2\/media\/23206"}],"wp:attachment":[{"href":"https:\/\/mgvpublications.com\/de\/wp-json\/wp\/v2\/media?parent=11141"}],"wp:term":[{"taxonomy":"product_cat","embeddable":true,"href":"https:\/\/mgvpublications.com\/de\/wp-json\/wp\/v2\/product_cat?post=11141"},{"taxonomy":"product_tag","embeddable":true,"href":"https:\/\/mgvpublications.com\/de\/wp-json\/wp\/v2\/product_tag?post=11141"},{"taxonomy":"item","embeddable":true,"href":"https:\/\/mgvpublications.com\/de\/wp-json\/wp\/v2\/item?post=11141"}],"curies":[{"name":"wp","href":"https:\/\/api.w.org\/{rel}","templated":true}]}}