{"id":11132,"date":"2020-03-28T15:45:33","date_gmt":"2020-03-28T14:45:33","guid":{"rendered":"https:\/\/dev2.mgvpublications.com\/produkt\/bu-uemmetin-fidanlari-cocuklarimiz\/"},"modified":"2022-04-08T06:19:22","modified_gmt":"2022-04-08T04:19:22","slug":"bu-uemmetin-fidanlari-cocuklarimiz","status":"publish","type":"product","link":"https:\/\/mgvpublications.com\/de\/bu-uemmetin-fidanlari-cocuklarimiz\/","title":{"rendered":"Bu \u00dcmmetin Fidanlar\u0131 \u00c7ocuklar\u0131m\u0131z"},"content":{"rendered":"<p>Yay\u0131n Tarihi: 17.03.2021<br \/>ISBN: 9786059494618<br \/>Dil: T\u00dcRK\u00c7E<br \/>Sayfa Say\u0131s\u0131: 176<br \/>Cilt Tipi: Karton Kapak<br \/>Ka\u011f\u0131t Cinsi: Kitap Ka\u011f\u0131d\u0131<br \/>Boyut: 13.5 x 21 cm<\/p>","protected":false},"excerpt":{"rendered":"<p>Odak noktas\u0131na \u00e7ocuk e\u011fitiminden ziyade \u00e7ocuklar\u0131n neden \u00f6nemli oldu\u011fu, anne-baba i\u00e7in iki d\u00fcnyada ne ifade ettikleri konusunu alan eser &#8220;bir \u00e7ocuk sahibi olmak&#8221; ile ba\u015flayan maceran\u0131n \u00f6ncesi ve sonras\u0131 hakk\u0131nda M\u00fcsl\u00fcman ebeveynin haritas\u0131n\u0131, hangi mant\u0131kla yol alaca\u011f\u0131n\u0131 tarif etmektedir. \u00c7ocuklar\u0131 M\u00fcsl\u00fcman toplumun yar\u0131nlara dair en \u00f6nemli &#8220;yat\u0131r\u0131m\u0131&#8221; \u015feklinde tan\u0131mlayan yazar ayn\u0131 zamanda en fazla \u00f6zenilecek varl\u0131\u011f\u0131n da yine \u00e7ocuklar olmas\u0131 gerekti\u011fini hat\u0131rlatmaktad\u0131r. Peki bu hangi zihin yap\u0131s\u0131yla ba\u015far\u0131lacakt\u0131r? Kitap bu sorunun cevab\u0131nda ilerlemek isteyenler i\u00e7in \u00f6nemli bir ba\u015fvuru eseri olacakt\u0131r.<\/p>","protected":false},"featured_media":23155,"template":"","meta":{"spay_email":""},"product_cat":[174],"product_tag":[],"item":[363],"acf":[],"_links":{"self":[{"href":"https:\/\/mgvpublications.com\/de\/wp-json\/wp\/v2\/product\/11132"}],"collection":[{"href":"https:\/\/mgvpublications.com\/de\/wp-json\/wp\/v2\/product"}],"about":[{"href":"https:\/\/mgvpublications.com\/de\/wp-json\/wp\/v2\/types\/product"}],"wp:featuredmedia":[{"embeddable":true,"href":"https:\/\/mgvpublications.com\/de\/wp-json\/wp\/v2\/media\/23155"}],"wp:attachment":[{"href":"https:\/\/mgvpublications.com\/de\/wp-json\/wp\/v2\/media?parent=11132"}],"wp:term":[{"taxonomy":"product_cat","embeddable":true,"href":"https:\/\/mgvpublications.com\/de\/wp-json\/wp\/v2\/product_cat?post=11132"},{"taxonomy":"product_tag","embeddable":true,"href":"https:\/\/mgvpublications.com\/de\/wp-json\/wp\/v2\/product_tag?post=11132"},{"taxonomy":"item","embeddable":true,"href":"https:\/\/mgvpublications.com\/de\/wp-json\/wp\/v2\/item?post=11132"}],"curies":[{"name":"wp","href":"https:\/\/api.w.org\/{rel}","templated":true}]}}