{"id":11121,"date":"2020-03-28T15:36:50","date_gmt":"2020-03-28T14:36:50","guid":{"rendered":"https:\/\/dev2.mgvpublications.com\/produkt\/tasavvuf-duesuencesi\/"},"modified":"2022-03-08T22:33:34","modified_gmt":"2022-03-08T21:33:34","slug":"tasavvuf-duesuencesi","status":"publish","type":"product","link":"https:\/\/mgvpublications.com\/de\/tasavvuf-duesuencesi\/","title":{"rendered":"Tasavvuf D\u00fc\u015f\u00fcncesi"},"content":{"rendered":"<p>Yay\u0131n Tarihi\t2018-02-12<br \/>\nISBN\t6055215750<br \/>\nBask\u0131 Say\u0131s\u0131\t3. Bask\u0131<br \/>\nDil\tT\u00dcRK\u00c7E<br \/>\nSayfa Say\u0131s\u0131\t336<br \/>\nCilt Tipi\tKarton Kapak<br \/>\nKa\u011f\u0131t Cinsi\tKitap Ka\u011f\u0131d\u0131<br \/>\nBoyut\t13.5 x 21 cm<\/p>","protected":false},"excerpt":{"rendered":"<p>Allah\u2019a giden en g\u00fczel yol, Allah\u2019\u0131n mazhar-\u0131 tamm\u0131 olan insandan ge\u00e7er.\u201d<\/p>\n<p>\u201cBen insan\u0131 yaratt\u0131m ve ona kendi ruhumdan \u00fcfledim.\u201d diyorsa Allah, kul ile Rabbi aras\u0131nda \u00e7ok yak\u0131n, \u00e7ok s\u0131cak, birebir ili\u015fki vard\u0131r, diyor Mahmud Erol K\u0131l\u0131\u00e7, Tasavvuf D\u00fc\u015f\u00fcncesi\u2019nde. \u0130\u00e7imizden sadece se\u00e7ilmi\u015flerin ya\u015fayabilece\u011fi bir der\u00fbn\u00ee tecr\u00fcbeden bahsetmiyor. Ba\u015flang\u0131c\u0131 kendini bilmek, nihayeti Rabbini bulmak olan bu dikey yolculu\u011fa yarat\u0131lm\u0131\u015f her can\u2019\u0131n talip olabilece\u011fini anlat\u0131yor.<\/p>\n<p>Yurt i\u00e7inde ve yurt d\u0131\u015f\u0131nda sundu\u011fu seminerler ve makalelerden olu\u015fan bu eserde yazar; sosyolojik M\u00fcsl\u00fcmanl\u0131ktan hakiki kullu\u011fa, felsefe-tasavvuf ili\u015fkisinden gayb problemlerine, insan, k\u00e2inat, a\u015fk ve hayata dair geni\u015f bir yelpazede ele ald\u0131\u011f\u0131 b\u00fct\u00fcn meseleleri, \u0130sl\u00e2m \u00e2riflerinin \u00e2yetler, hadisler ve kendi derun\u00ee tecr\u00fcbelerine dayanarak olu\u015fturduklar\u0131 \u0130sl\u00e2m tasavvufu penceresinden ele al\u0131yor.<\/p>\n<p>Bu kitap modern zamanlar\u0131n kimlik bunal\u0131m\u0131ndan nasibini alm\u0131\u015f, kendini kendi referanslar\u0131yla tan\u0131mlayamayan g\u00fcn\u00fcm\u00fcz M\u00fcsl\u00fcman\u0131na \u00f6z\u00fcne yerle\u015ftirilmi\u015f olan il\u00e2h\u00ee cevheri, kalbinden Rabbine ula\u015fan yol haritas\u0131n\u0131n merhalelerini ve Dost kokusunu hat\u0131rlat\u0131yor. Bilme, akletme melekesinin as\u0131l merkezi olan kalbe i\u015faret ederek yitirdi\u011fi kimli\u011fini orada bulaca\u011f\u0131n\u0131 m\u00fcjdeliyor.<\/p>\n<p>Hz. Ali\u2019nin dedi\u011fi gibi:<\/p>\n<p>\u201cDevas\u0131 kendindedir insan\u0131n\u2026\u201d<\/p>","protected":false},"featured_media":11122,"template":"","meta":{"spay_email":""},"product_cat":[174,232],"product_tag":[],"item":[767],"acf":[],"_links":{"self":[{"href":"https:\/\/mgvpublications.com\/de\/wp-json\/wp\/v2\/product\/11121"}],"collection":[{"href":"https:\/\/mgvpublications.com\/de\/wp-json\/wp\/v2\/product"}],"about":[{"href":"https:\/\/mgvpublications.com\/de\/wp-json\/wp\/v2\/types\/product"}],"wp:featuredmedia":[{"embeddable":true,"href":"https:\/\/mgvpublications.com\/de\/wp-json\/wp\/v2\/media\/11122"}],"wp:attachment":[{"href":"https:\/\/mgvpublications.com\/de\/wp-json\/wp\/v2\/media?parent=11121"}],"wp:term":[{"taxonomy":"product_cat","embeddable":true,"href":"https:\/\/mgvpublications.com\/de\/wp-json\/wp\/v2\/product_cat?post=11121"},{"taxonomy":"product_tag","embeddable":true,"href":"https:\/\/mgvpublications.com\/de\/wp-json\/wp\/v2\/product_tag?post=11121"},{"taxonomy":"item","embeddable":true,"href":"https:\/\/mgvpublications.com\/de\/wp-json\/wp\/v2\/item?post=11121"}],"curies":[{"name":"wp","href":"https:\/\/api.w.org\/{rel}","templated":true}]}}